{"id":22600,"date":"2022-05-05T09:22:09","date_gmt":"2022-05-05T14:22:09","guid":{"rendered":"https:\/\/especiales.publimetro.co\/universidad-el-bosque\/?page_id=22600"},"modified":"2023-10-11T16:19:38","modified_gmt":"2023-10-11T21:19:38","slug":"que-es-el-score-crediticio","status":"publish","type":"page","link":"https:\/\/especiales.publimetro.co\/universidad-el-bosque\/que-es-el-score-crediticio\/","title":{"rendered":"\u00bfQu\u00e9 es el Score Crediticio?"},"content":{"rendered":"<p>[vc_row row_type=&#8221;parallax&#8221; text_align=&#8221;left&#8221; background_image=&#8221;21894&#8243; full_screen_section_height=&#8221;no&#8221; section_height=&#8221;200&#8243;][vc_column][\/vc_column][\/vc_row][vc_row row_type=&#8221;row&#8221; use_row_as_full_screen_section=&#8221;no&#8221; type=&#8221;grid&#8221; text_align=&#8221;left&#8221; background_image=&#8221;21590&#8243; pattern_background=&#8221;pattern_background&#8221; background_animation=&#8221;none&#8221; padding_top=&#8221;40&#8243; padding_bottom=&#8221;80&#8243; css_animation=&#8221;&#8221; background_color=&#8221;#f5f5f5&#8243;][vc_column width=&#8221;2\/3&#8243;]<a href=\"javascript:history.back()\" target=\"_self\" data-hover-background-color=#ffffff data-hover-border-color=#80bd00 data-hover-color=#80bd00 class=\"qbutton \" style=\"border-color: #80bd00; background-color: #80bd00;\">VOLVER A LA ANTERIOR P\u00c1GINA<\/a>[vc_empty_space][vc_column_text]<\/p>\n<h1 class=\"intertittle\">\u00bfQu\u00e9 es el Score Crediticio?<\/h1>\n<p class=\"datepostall\">03.05.2022 \/ Por: PUBLIMETRO<\/p>\n<p>[\/vc_column_text][vc_empty_space][vc_column_text el_class=&#8221;contearticuloinner&#8221;]<iframe loading=\"lazy\" src=\"https:\/\/player.vimeo.com\/video\/705799286?h=79e0edb79f&amp;player_id=705799286\" width=\"640\" height=\"360\" frameborder=\"0\" allowfullscreen=\"allowfullscreen\"><\/iframe>[\/vc_column_text][\/vc_column][vc_column width=&#8221;1\/3&#8243;][vc_row_inner row_type=&#8221;row&#8221; type=&#8221;full_width&#8221; use_row_as_full_screen_section_slide=&#8221;no&#8221; text_align=&#8221;center&#8221; css_animation=&#8221;&#8221; css=&#8221;.vc_custom_1619552474917{margin-top: 60px !important;}&#8221;][vc_column_inner el_class=&#8221;redessocialeshome&#8221;][vc_single_image image=&#8221;21815&#8243; img_size=&#8221;full&#8221; qode_css_animation=&#8221;&#8221;][vc_column_text]<\/p>\n<p style=\"text-align: center; margin-top: 5px; font-size: 11px;\">PUBLICIDAD<\/p>\n<p>[\/vc_column_text][vc_empty_space][vc_single_image image=&#8221;21916&#8243; img_size=&#8221;full&#8221; onclick=&#8221;custom_link&#8221; img_link_target=&#8221;_blank&#8221; qode_css_animation=&#8221;&#8221; link=&#8221;https:\/\/www.unbosque.edu.co\/internacionalizacion&#8221;][vc_column_text]<\/p>\n<p style=\"text-align: center; margin-top: 5px; font-size: 11px;\">PUBLICIDAD<\/p>\n<p>[\/vc_column_text][\/vc_column_inner][\/vc_row_inner][\/vc_column][\/vc_row][vc_row row_type=&#8221;row&#8221; use_row_as_full_screen_section=&#8221;no&#8221; type=&#8221;full_width&#8221; text_align=&#8221;left&#8221; background_image=&#8221;21590&#8243; pattern_background=&#8221;pattern_background&#8221; background_animation=&#8221;none&#8221; padding_top=&#8221;40&#8243; padding_bottom=&#8221;80&#8243; css_animation=&#8221;&#8221; background_color=&#8221;#f5f5f5&#8243;][vc_column width=&#8221;1\/6&#8243;][\/vc_column][vc_column width=&#8221;2\/3&#8243;][vc_single_image image=&#8221;21800&#8243; img_size=&#8221;full&#8221; alignment=&#8221;center&#8221; onclick=&#8221;custom_link&#8221; img_link_target=&#8221;_blank&#8221; qode_css_animation=&#8221;&#8221; el_class=&#8221;banner_790&#8243; link=&#8221;https:\/\/financiacion.unbosque.edu.co\/&#8221;][vc_single_image image=&#8221;21799&#8243; img_size=&#8221;full&#8221; alignment=&#8221;center&#8221; onclick=&#8221;custom_link&#8221; img_link_target=&#8221;_blank&#8221; qode_css_animation=&#8221;&#8221; el_class=&#8221;banner_100&#8243; link=&#8221;https:\/\/financiacion.unbosque.edu.co\/&#8221;][vc_column_text]<\/p>\n<p style=\"text-align: center; margin-top: 5px; font-size: 11px;\">PUBLICIDAD<\/p>\n<p>[\/vc_column_text][\/vc_column][vc_column width=&#8221;1\/6&#8243;][\/vc_column][\/vc_row][vc_row row_type=&#8221;row&#8221; use_row_as_full_screen_section=&#8221;no&#8221; type=&#8221;full_width&#8221; text_align=&#8221;center&#8221; background_image=&#8221;21830&#8243; pattern_background=&#8221;pattern_background&#8221; background_animation=&#8221;none&#8221; padding_top=&#8221;80&#8243; padding_bottom=&#8221;80&#8243; css_animation=&#8221;&#8221; background_color=&#8221;#f5f5f5&#8243;][vc_column][vc_row_inner row_type=&#8221;row&#8221; type=&#8221;grid&#8221; use_row_as_full_screen_section_slide=&#8221;no&#8221; text_align=&#8221;left&#8221; css_animation=&#8221;&#8221;][vc_column_inner][vc_column_text]<\/p>\n<h6 style=\"text-align: center;\">CONTENIDO<\/h6>\n<h2 style=\"text-align: center;\">Tal vez te pueda interesar&#8230;<\/h2>\n<p>[\/vc_column_text][\/vc_column_inner][\/vc_row_inner][\/vc_column][\/vc_row][vc_row row_type=&#8221;row&#8221; use_row_as_full_screen_section=&#8221;no&#8221; type=&#8221;grid&#8221; text_align=&#8221;left&#8221; background_image=&#8221;21830&#8243; pattern_background=&#8221;pattern_background&#8221; background_animation=&#8221;none&#8221; padding_top=&#8221;80&#8243; padding_bottom=&#8221;80&#8243; css_animation=&#8221;&#8221; background_color=&#8221;#f5f5f5&#8243; css=&#8221;.vc_custom_1619629531051{padding-top: 20px !important;padding-right: 20px !important;padding-bottom: 20px !important;padding-left: 20px !important;}&#8221;][vc_column width=&#8221;1\/3&#8243; css=&#8221;.vc_custom_1619557578884{margin-right: 10px !important;margin-left: 10px !important;}&#8221; el_class=&#8221;contehomem&#8221;][vc_single_image image=&#8221;22389&#8243; img_size=&#8221;large&#8221; alignment=&#8221;center&#8221; onclick=&#8221;custom_link&#8221; qode_css_animation=&#8221;&#8221; link=&#8221;\/universidad-el-bosque\/la-ingenieria-robotica-y-exploracion-espacial-no-son-solo-para-genios-que-hay-detras-de-estas-disciplinas\/&#8221;][vc_column_text]07.07.2021<\/p>\n<h5>La ingenier\u00eda, rob\u00f3tica y exploraci\u00f3n espacial no son solo para genios: \u00bfQu\u00e9 hay detr\u00e1s de estas disciplinas?<\/h5>\n<p>[\/vc_column_text]<a href=\"\/universidad-el-bosque\/la-ingenieria-robotica-y-exploracion-espacial-no-son-solo-para-genios-que-hay-detras-de-estas-disciplinas\/\" target=\"_self\" data-hover-background-color=#ffffff data-hover-border-color=#80bd00 data-hover-color=#80bd00 class=\"qbutton \" style=\"border-color: #80bd00; background-color: #80bd00;\">VER M\u00c1S<\/a>[\/vc_column][vc_column width=&#8221;1\/3&#8243; css=&#8221;.vc_custom_1619557574665{margin-right: 10px !important;margin-left: 10px !important;}&#8221; el_class=&#8221;contehomem&#8221;][vc_single_image image=&#8221;22388&#8243; img_size=&#8221;large&#8221; alignment=&#8221;center&#8221; onclick=&#8221;custom_link&#8221; qode_css_animation=&#8221;&#8221; link=&#8221;\/universidad-el-bosque\/la-ley-aluna-un-gran-paso-para-la-lucha-por-la-igualdad-de-genero\/&#8221;][vc_column_text]30.07.2021<\/p>\n<h5>La Ley Aluna: un gran paso para la lucha por la igualdad de g\u00e9nero<\/h5>\n<p>[\/vc_column_text]<a href=\"\/universidad-el-bosque\/la-ley-aluna-un-gran-paso-para-la-lucha-por-la-igualdad-de-genero\/\" target=\"_self\" data-hover-background-color=#ffffff data-hover-border-color=#80bd00 data-hover-color=#80bd00 class=\"qbutton \" style=\"border-color: #80bd00; background-color: #80bd00;\">VER M\u00c1S<\/a>[\/vc_column][vc_column width=&#8221;1\/3&#8243; el_class=&#8221;contehomem&#8221;][vc_single_image image=&#8221;22368&#8243; img_size=&#8221;large&#8221; alignment=&#8221;center&#8221; onclick=&#8221;custom_link&#8221; qode_css_animation=&#8221;&#8221; link=&#8221;\/universidad-el-bosque\/cigarrillo-alcohol-y-mas-productos-que-llevan-a-conciencia-alterada\/&#8221;][vc_column_text]07.07.2021<\/p>\n<h5>Cigarrillo, alcohol y m\u00e1s productos legales que llevan a un estado alterado de conciencia<\/h5>\n<p>[\/vc_column_text]<a href=\"\/universidad-el-bosque\/cigarrillo-alcohol-y-mas-productos-que-llevan-a-conciencia-alterada\/\" target=\"_self\" data-hover-background-color=#ffffff data-hover-border-color=#80bd00 data-hover-color=#80bd00 class=\"qbutton \" style=\"border-color: #80bd00; background-color: #80bd00;\">VER M\u00c1S<\/a>[\/vc_column][\/vc_row][vc_row row_type=&#8221;row&#8221; use_row_as_full_screen_section=&#8221;no&#8221; type=&#8221;full_width&#8221; text_align=&#8221;left&#8221; background_image=&#8221;21590&#8243; pattern_background=&#8221;pattern_background&#8221; background_animation=&#8221;none&#8221; padding_top=&#8221;40&#8243; padding_bottom=&#8221;80&#8243; css_animation=&#8221;&#8221; background_color=&#8221;#f5f5f5&#8243;][vc_column width=&#8221;1\/6&#8243;][\/vc_column][vc_column width=&#8221;2\/3&#8243;][vc_row_inner row_type=&#8221;row&#8221; type=&#8221;full_width&#8221; use_row_as_full_screen_section_slide=&#8221;no&#8221; text_align=&#8221;center&#8221; css_animation=&#8221;&#8221; css=&#8221;.vc_custom_1619552474917{margin-top: 60px !important;}&#8221;][vc_column_inner el_class=&#8221;redessocialeshome&#8221;][vc_column_text]<\/p>\n<h6>ENCU\u00c9NTRANOS EN REDES SOCIALES<\/h6>\n<h2>Con\u00e9ctate con la UEB #ViveElBosque<\/h2>\n<p><a href=\"https:\/\/www.facebook.com\/universidadelbosque\" target=\"_blank\" rel=\"noopener\"><img loading=\"lazy\" decoding=\"async\" class=\"size-full wp-image-21606\" src=\"http:\/\/especiales.publimetro.co\/universidad-el-bosque\/wp-content\/uploads\/2021\/04\/ico_facebook.gif\" alt=\"Facebook\" width=\"60\" height=\"60\" \/><\/a> <a href=\"https:\/\/www.youtube.com\/channel\/UC4xVww4tkGwPh1RnH3wzZ9Q\" target=\"_blank\" rel=\"noopener\"><img loading=\"lazy\" decoding=\"async\" class=\"size-full wp-image-21607\" src=\"http:\/\/especiales.publimetro.co\/universidad-el-bosque\/wp-content\/uploads\/2021\/04\/ico_youtube.gif\" alt=\"Youtube\" width=\"60\" height=\"60\" \/><\/a> <a href=\"https:\/\/www.linkedin.com\/school\/universidad-el-bosque\/\" target=\"_blank\" rel=\"noopener\"><img loading=\"lazy\" decoding=\"async\" class=\"size-full wp-image-21608\" src=\"http:\/\/especiales.publimetro.co\/universidad-el-bosque\/wp-content\/uploads\/2021\/04\/ico_linkedin.gif\" alt=\"Linkedin\" width=\"60\" height=\"60\" \/><\/a> <a href=\"https:\/\/www.instagram.com\/uelbosque\/\" target=\"_blank\" rel=\"noopener\"><img loading=\"lazy\" decoding=\"async\" class=\"size-full wp-image-21609\" src=\"http:\/\/especiales.publimetro.co\/universidad-el-bosque\/wp-content\/uploads\/2021\/04\/ico_instagram.gif\" alt=\"Instagram\" width=\"60\" height=\"60\" \/><\/a>[\/vc_column_text][\/vc_column_inner][\/vc_row_inner][\/vc_column][vc_column width=&#8221;1\/6&#8243;][\/vc_column][\/vc_row][vc_row row_type=&#8221;row&#8221; use_row_as_full_screen_section=&#8221;no&#8221; type=&#8221;full_width&#8221; text_align=&#8221;center&#8221; background_animation=&#8221;none&#8221; padding_top=&#8221;30&#8243; padding_bottom=&#8221;30&#8243; css_animation=&#8221;&#8221; background_color=&#8221;#ffffff&#8221;][vc_column][vc_column_text]<\/p>\n<p style=\"text-align: center;\">Vigilada Mineducaci\u00f3n. Personer\u00eda Jur\u00eddica otorgada mediante resoluci\u00f3n 11153 del 4 de agosto de 1978.<\/p>\n<p>[\/vc_column_text][\/vc_column][\/vc_row][vc_row row_type=&#8221;row&#8221; use_row_as_full_screen_section=&#8221;no&#8221; type=&#8221;full_width&#8221; text_align=&#8221;center&#8221; background_animation=&#8221;none&#8221; css_animation=&#8221;&#8221; background_color=&#8221;#ffffff&#8221; el_id=&#8221;arrow_down&#8221; el_class=&#8221;arrow_down&#8221; css=&#8221;.vc_custom_1619652026403{background-color: #33692f !important;}&#8221;][vc_column][vc_single_image image=&#8221;21853&#8243; alignment=&#8221;center&#8221; qode_css_animation=&#8221;&#8221; el_id=&#8221;flecha_abajo&#8221; el_class=&#8221;flecha_abajo&#8221;][\/vc_column][\/vc_row][vc_row row_type=&#8221;row&#8221; use_row_as_full_screen_section=&#8221;no&#8221; type=&#8221;full_width&#8221; text_align=&#8221;left&#8221; background_animation=&#8221;none&#8221; padding_top=&#8221;65px&#8221; padding_bottom=&#8221;65px&#8221; css_animation=&#8221;element_from_bottom&#8221; el_class=&#8221;bottomall&#8221;][vc_column][vc_row_inner row_type=&#8221;row&#8221; type=&#8221;grid&#8221; use_row_as_full_screen_section_slide=&#8221;no&#8221; text_align=&#8221;left&#8221; padding_top=&#8221;65&#8243; padding_bottom=&#8221;65&#8243; css_animation=&#8221;&#8221; el_class=&#8221;bottommiddle&#8221;][vc_column_inner width=&#8221;1\/4&#8243;][vc_single_image image=&#8221;21576&#8243; img_size=&#8221;full&#8221; alignment=&#8221;center&#8221; qode_css_animation=&#8221;&#8221;][\/vc_column_inner][vc_column_inner width=&#8221;1\/4&#8243;][vc_column_text]<\/p>\n<h3>Metro en el mundo<\/h3>\n<p>[\/vc_column_text][qode_elements_holder number_of_columns=&#8221;two_columns&#8221;][qode_elements_holder_item item_padding=&#8221;10px 0 0 0&#8243;][vc_column_text]<a href=\"https:\/\/www.publimetro.cl\/cl\/\" target=\"_blank\" rel=\"noopener\">Chile<\/a><br \/>\n<a href=\"https:\/\/www.publimetro.co\/co\/\" target=\"_blank\" rel=\"noopener\">Colombia<\/a><br \/>\n<a href=\"https:\/\/www.metroecuador.com.ec\/ec\/\" target=\"_blank\" rel=\"noopener\">Ecuador<\/a><br \/>\n<a href=\"https:\/\/www.publinews.gt\/gt\/\" target=\"_blank\" rel=\"noopener\">Guatemala<\/a>[\/vc_column_text][\/qode_elements_holder_item][qode_elements_holder_item item_padding=&#8221;10px 0 0 0&#8243;][vc_column_text]<a href=\"https:\/\/www.publimetro.com.mx\/mx\/\">M\u00e9xico<\/a><br \/>\n<a href=\"https:\/\/www.metro.pr\/pr\/\">Puerto Rico<\/a><br \/>\n<a href=\"https:\/\/www.metroworldnews.com.br\/\">Brasil<\/a><br \/>\n<a style=\"visibility: hidden;\" href=\"#\">none<\/a>[\/vc_column_text][\/qode_elements_holder_item][\/qode_elements_holder][\/vc_column_inner][vc_column_inner width=&#8221;1\/4&#8243;][vc_column_text]<\/p>\n<h3>Nosotros<\/h3>\n<p><a href=\"https:\/\/www.publimetro.co\/co\/page\/directorio\" target=\"_blank\" rel=\"noopener\">Directorio<\/a><br \/>\n<a href=\"https:\/\/www.publimetro.co\/co\/page\/contacto\" target=\"_blank\" rel=\"noopener\">Contacto<\/a>[\/vc_column_text][vc_empty_space][vc_column_text]<\/p>\n<h3>Legal<\/h3>\n<p><a href=\"https:\/\/www.publimetro.co\/co\/page\/termino-condiciones\" target=\"_blank\" rel=\"noopener\">T\u00e9rminos y condiciones<\/a><br \/>\n<a href=\"https:\/\/www.publimetro.co\/co\/page\/aviso-legal\" target=\"_blank\" rel=\"noopener\">Aviso Legal<\/a>[\/vc_column_text][\/vc_column_inner][vc_column_inner width=&#8221;1\/4&#8243;][vc_single_image image=&#8221;21842&#8243; img_size=&#8221;full&#8221; alignment=&#8221;center&#8221; qode_css_animation=&#8221;&#8221;][vc_column_text]Conectamos a millones de personas a trav\u00e9s de historias sobre entretenimiento y noticias globales. 18 pa\u00edses, 60 ciudades, 8 idiomas Somos Metro World News Company.[\/vc_column_text][\/vc_column_inner][\/vc_row_inner][\/vc_column][\/vc_row][vc_row row_type=&#8221;row&#8221; use_row_as_full_screen_section=&#8221;no&#8221; type=&#8221;full_width&#8221; text_align=&#8221;center&#8221; background_animation=&#8221;none&#8221; padding_top=&#8221;15&#8243; padding_bottom=&#8221;15&#8243; css_animation=&#8221;&#8221; css=&#8221;.vc_custom_1619634111338{background-color: #0a6534 !important;}&#8221; el_class=&#8221;lastfooter&#8221;][vc_column][vc_column_text]Copyright\u00a9\u00a02021\u00a0METRO WORLD NEWS[\/vc_column_text][\/vc_column][\/vc_row][vc_row row_type=&#8221;row&#8221; use_row_as_full_screen_section=&#8221;no&#8221; type=&#8221;full_width&#8221; text_align=&#8221;center&#8221; background_animation=&#8221;none&#8221; css_animation=&#8221;&#8221; el_class=&#8221;lastfooter&#8221;][vc_column width=&#8221;1\/3&#8243;][\/vc_column][vc_column width=&#8221;1\/3&#8243;][vc_column_text]<\/p>\n<div class=\"mod_inscribete\"><a href=\"#popmake-21910\"><strong>\u00a1Inscr\u00edbete<\/strong> hoy a la carrera de tus sue\u00f1os!, Haz clic aqu\u00ed<\/a><\/div>\n<p>[\/vc_column_text][\/vc_column][vc_column width=&#8221;1\/3&#8243;][\/vc_column][\/vc_row]<\/p>\n","protected":false},"excerpt":{"rendered":"<p>[vc_row row_type=&#8221;parallax&#8221; text_align=&#8221;left&#8221; background_image=&#8221;21894&#8243; full_screen_section_height=&#8221;no&#8221; section_height=&#8221;200&#8243;][vc_column][\/vc_column][\/vc_row][vc_row row_type=&#8221;row&#8221; use_row_as_full_screen_section=&#8221;no&#8221; type=&#8221;grid&#8221; text_align=&#8221;left&#8221; background_image=&#8221;21590&#8243; pattern_background=&#8221;pattern_background&#8221; background_animation=&#8221;none&#8221; padding_top=&#8221;40&#8243; padding_bottom=&#8221;80&#8243; css_animation=&#8221;&#8221; background_color=&#8221;#f5f5f5&#8243;][vc_column width=&#8221;2\/3&#8243;][vc_empty_space][vc_column_text] \u00bfQu\u00e9 es el Score Crediticio? 03.05.2022 \/ Por: PUBLIMETRO [\/vc_column_text][vc_empty_space][vc_column_text el_class=&#8221;contearticuloinner&#8221;][\/vc_column_text][\/vc_column][vc_column width=&#8221;1\/3&#8243;][vc_row_inner row_type=&#8221;row&#8221; type=&#8221;full_width&#8221; use_row_as_full_screen_section_slide=&#8221;no&#8221; text_align=&#8221;center&#8221; css_animation=&#8221;&#8221; css=&#8221;.vc_custom_1619552474917{margin-top: 60px !important;}&#8221;][vc_column_inner el_class=&#8221;redessocialeshome&#8221;][vc_single_image image=&#8221;21815&#8243; img_size=&#8221;full&#8221; qode_css_animation=&#8221;&#8221;][vc_column_text] PUBLICIDAD [\/vc_column_text][vc_empty_space][vc_single_image image=&#8221;21916&#8243;&#8230;<\/p>\n","protected":false},"author":1,"featured_media":22152,"parent":0,"menu_order":0,"comment_status":"open","ping_status":"closed","template":"full_width.php","meta":{"footnotes":""},"class_list":["post-22600","page","type-page","status-publish","has-post-thumbnail","hentry"],"yoast_head":"<!-- This site is optimized with the Yoast SEO plugin v16.2 - https:\/\/yoast.com\/wordpress\/plugins\/seo\/ -->\n<title>\u00bfQu\u00e9 es el Score Crediticio? - Universidad El Bosque<\/title>\n<meta name=\"description\" content=\"\u00bfQu\u00e9 tanto afecta la variaci\u00f3n del d\u00f3lar en la econom\u00eda colombiana?\" \/>\n<meta name=\"robots\" content=\"index, follow, max-snippet:-1, max-image-preview:large, max-video-preview:-1\" \/>\n<link rel=\"canonical\" href=\"https:\/\/especiales.publimetro.co\/universidad-el-bosque\/que-es-el-score-crediticio\/\" \/>\n<meta property=\"og:locale\" content=\"es_ES\" \/>\n<meta property=\"og:type\" content=\"article\" \/>\n<meta property=\"og:title\" content=\"\u00bfQu\u00e9 es el Score Crediticio? - Universidad El Bosque\" \/>\n<meta property=\"og:description\" content=\"\u00bfQu\u00e9 tanto afecta la variaci\u00f3n del d\u00f3lar en la econom\u00eda colombiana?\" \/>\n<meta property=\"og:url\" content=\"https:\/\/especiales.publimetro.co\/universidad-el-bosque\/que-es-el-score-crediticio\/\" \/>\n<meta property=\"og:site_name\" content=\"Universidad El Bosque\" \/>\n<meta property=\"article:modified_time\" content=\"2023-10-11T21:19:38+00:00\" \/>\n<meta property=\"og:image\" content=\"http:\/\/especiales.publimetro.co\/universidad-el-bosque\/wp-content\/uploads\/2021\/05\/img_compartir_redes.jpg\" \/>\n\t<meta property=\"og:image:width\" content=\"540\" \/>\n\t<meta property=\"og:image:height\" content=\"282\" \/>\n<meta name=\"twitter:card\" content=\"summary_large_image\" \/>\n<meta name=\"twitter:label1\" content=\"Est. reading time\">\n\t<meta name=\"twitter:data1\" content=\"3 minutos\">\n<script type=\"application\/ld+json\" class=\"yoast-schema-graph\">{\"@context\":\"https:\/\/schema.org\",\"@graph\":[{\"@type\":\"WebSite\",\"@id\":\"http:\/\/especiales.publimetro.co\/universidad-el-bosque\/#website\",\"url\":\"http:\/\/especiales.publimetro.co\/universidad-el-bosque\/\",\"name\":\"Universidad El Bosque\",\"description\":\"\",\"potentialAction\":[{\"@type\":\"SearchAction\",\"target\":\"http:\/\/especiales.publimetro.co\/universidad-el-bosque\/?s={search_term_string}\",\"query-input\":\"required name=search_term_string\"}],\"inLanguage\":\"es-CO\"},{\"@type\":\"ImageObject\",\"@id\":\"https:\/\/especiales.publimetro.co\/universidad-el-bosque\/que-es-el-score-crediticio\/#primaryimage\",\"inLanguage\":\"es-CO\",\"url\":\"https:\/\/especiales.publimetro.co\/universidad-el-bosque\/wp-content\/uploads\/2021\/05\/img_compartir_redes.jpg\",\"contentUrl\":\"https:\/\/especiales.publimetro.co\/universidad-el-bosque\/wp-content\/uploads\/2021\/05\/img_compartir_redes.jpg\",\"width\":540,\"height\":282,\"caption\":\"Universidad El Bosque\"},{\"@type\":\"WebPage\",\"@id\":\"https:\/\/especiales.publimetro.co\/universidad-el-bosque\/que-es-el-score-crediticio\/#webpage\",\"url\":\"https:\/\/especiales.publimetro.co\/universidad-el-bosque\/que-es-el-score-crediticio\/\",\"name\":\"\\u00bfQu\\u00e9 es el Score Crediticio? - Universidad El Bosque\",\"isPartOf\":{\"@id\":\"http:\/\/especiales.publimetro.co\/universidad-el-bosque\/#website\"},\"primaryImageOfPage\":{\"@id\":\"https:\/\/especiales.publimetro.co\/universidad-el-bosque\/que-es-el-score-crediticio\/#primaryimage\"},\"datePublished\":\"2022-05-05T14:22:09+00:00\",\"dateModified\":\"2023-10-11T21:19:38+00:00\",\"description\":\"\\u00bfQu\\u00e9 tanto afecta la variaci\\u00f3n del d\\u00f3lar en la econom\\u00eda colombiana?\",\"breadcrumb\":{\"@id\":\"https:\/\/especiales.publimetro.co\/universidad-el-bosque\/que-es-el-score-crediticio\/#breadcrumb\"},\"inLanguage\":\"es-CO\",\"potentialAction\":[{\"@type\":\"ReadAction\",\"target\":[\"https:\/\/especiales.publimetro.co\/universidad-el-bosque\/que-es-el-score-crediticio\/\"]}]},{\"@type\":\"BreadcrumbList\",\"@id\":\"https:\/\/especiales.publimetro.co\/universidad-el-bosque\/que-es-el-score-crediticio\/#breadcrumb\",\"itemListElement\":[{\"@type\":\"ListItem\",\"position\":1,\"item\":{\"@type\":\"WebPage\",\"@id\":\"http:\/\/especiales.publimetro.co\/universidad-el-bosque\/\",\"url\":\"http:\/\/especiales.publimetro.co\/universidad-el-bosque\/\",\"name\":\"Home\"}},{\"@type\":\"ListItem\",\"position\":2,\"item\":{\"@id\":\"https:\/\/especiales.publimetro.co\/universidad-el-bosque\/que-es-el-score-crediticio\/#webpage\"}}]}]}<\/script>\n<!-- \/ Yoast SEO plugin. -->","_links":{"self":[{"href":"https:\/\/especiales.publimetro.co\/universidad-el-bosque\/wp-json\/wp\/v2\/pages\/22600","targetHints":{"allow":["GET"]}}],"collection":[{"href":"https:\/\/especiales.publimetro.co\/universidad-el-bosque\/wp-json\/wp\/v2\/pages"}],"about":[{"href":"https:\/\/especiales.publimetro.co\/universidad-el-bosque\/wp-json\/wp\/v2\/types\/page"}],"author":[{"embeddable":true,"href":"https:\/\/especiales.publimetro.co\/universidad-el-bosque\/wp-json\/wp\/v2\/users\/1"}],"replies":[{"embeddable":true,"href":"https:\/\/especiales.publimetro.co\/universidad-el-bosque\/wp-json\/wp\/v2\/comments?post=22600"}],"version-history":[{"count":4,"href":"https:\/\/especiales.publimetro.co\/universidad-el-bosque\/wp-json\/wp\/v2\/pages\/22600\/revisions"}],"predecessor-version":[{"id":22771,"href":"https:\/\/especiales.publimetro.co\/universidad-el-bosque\/wp-json\/wp\/v2\/pages\/22600\/revisions\/22771"}],"wp:featuredmedia":[{"embeddable":true,"href":"https:\/\/especiales.publimetro.co\/universidad-el-bosque\/wp-json\/wp\/v2\/media\/22152"}],"wp:attachment":[{"href":"https:\/\/especiales.publimetro.co\/universidad-el-bosque\/wp-json\/wp\/v2\/media?parent=22600"}],"curies":[{"name":"wp","href":"https:\/\/api.w.org\/{rel}","templated":true}]}}