{"id":22193,"date":"2021-05-28T14:53:14","date_gmt":"2021-05-28T19:53:14","guid":{"rendered":"https:\/\/especiales.publimetro.co\/universidad-el-bosque\/?page_id=22193"},"modified":"2021-05-28T15:15:02","modified_gmt":"2021-05-28T20:15:02","slug":"financiacion-convenios-y-becas-tres-salidas-practicas-para-acceder-a-la-educacion-superior","status":"publish","type":"page","link":"https:\/\/especiales.publimetro.co\/universidad-el-bosque\/financiacion-convenios-y-becas-tres-salidas-practicas-para-acceder-a-la-educacion-superior\/","title":{"rendered":"Financiaci\u00f3n, convenios y becas: tres salidas pr\u00e1cticas para acceder a la educaci\u00f3n superior"},"content":{"rendered":"<p>[vc_row row_type=&#8221;parallax&#8221; text_align=&#8221;left&#8221; background_image=&#8221;21894&#8243; full_screen_section_height=&#8221;no&#8221; section_height=&#8221;200&#8243;][vc_column][\/vc_column][\/vc_row][vc_row row_type=&#8221;row&#8221; use_row_as_full_screen_section=&#8221;no&#8221; type=&#8221;grid&#8221; text_align=&#8221;left&#8221; background_image=&#8221;21590&#8243; pattern_background=&#8221;pattern_background&#8221; background_animation=&#8221;none&#8221; padding_top=&#8221;40&#8243; padding_bottom=&#8221;80&#8243; css_animation=&#8221;&#8221; background_color=&#8221;#f5f5f5&#8243;][vc_column width=&#8221;2\/3&#8243;]<a href=\"javascript:history.back()\" target=\"_self\" data-hover-background-color=#ffffff data-hover-border-color=#80bd00 data-hover-color=#80bd00 class=\"qbutton \" style=\"border-color: #80bd00; background-color: #80bd00;\">VOLVER A LA ANTERIOR P\u00c1GINA<\/a>[vc_empty_space][vc_column_text]<\/p>\n<h1 class=\"intertittle\">Financiaci\u00f3n, convenios y becas: tres salidas pr\u00e1cticas para acceder a la educaci\u00f3n superior<\/h1>\n<p class=\"datepostall\">28.05.2021 \/ POR: PUBLIMETRO<\/p>\n<p class=\"intropostall\">Cada vez son m\u00e1s las opciones que se ofrecen para quienes quieren ingresar a la universidad y no cuentan con los recursos de manera inmediata.<\/p>\n<p>[\/vc_column_text][vc_single_image image=&#8221;22197&#8243; img_size=&#8221;full&#8221; qode_css_animation=&#8221;&#8221;][vc_empty_space][vc_column_text el_class=&#8221;contearticuloinner&#8221;]La educaci\u00f3n superior ha logrado llegar a aquellos que buscan convertirse en profesionales y tal vez no cuentan con el 100 % de los recursos econ\u00f3micos. Esto ha sido posible gracias a diferentes programas de financiaci\u00f3n, convenios, becas y facilidades de pago que ofrecen cada a\u00f1o las instituciones educativas para sus programas de pregrado y posgrado.<\/p>\n<p>Ante la contingencia generada por el COVID-19, las universidades comenzaron a buscar diferentes alternativas para brindar programas en modalidades virtuales y a trav\u00e9s del modelo de alternancia, con el fin de cuidar la salud de todos los estudiantes y colaboradores. Adem\u00e1s, buscaron la manera de seguir otorg\u00e1ndole soluciones a quienes no pueden acceder a la educaci\u00f3n superior.<\/p>\n<p><em>\u00bfC\u00f3mo funcionan, qui\u00e9nes los conforman y qu\u00e9 se debe tener en cuenta a la hora de aplicar a cada uno de estos beneficios?<\/em><\/p>\n<p><strong>Financiaci\u00f3n<\/strong><\/p>\n<p>Teniendo en cuenta las dificultades econ\u00f3micas que ha generado la pandemia, la Universidad El Bosque ofrece distintos alivios financieros tanto para sus estudiantes, como para los aspirantes que apenas comienzan el proceso. Para esto cuenta con diferentes alternativas que permiten asegurar el desarrollo exitoso de sus estudios, entre ellas el Banco Pichincha, que incluye cr\u00e9ditos a largo y corto plazo con tasas del 0.9%; Icetex, que financia hasta el 100 % de la matr\u00edcula y donde el estudiante puede elegir el porcentaje a cancelar durante el periodo de estudio 0%, 25%, 30%, 40% o 60%; Financiar con estudios de credito sin costo y tasas competitivas; Fincomercio con aprobaciones de cr\u00e9ditos desde $ 300.000 y con m\u00e1s de 219 mil asociados; Fundaci\u00f3n Michelsen, con estudios de credito en max 30 minutos; Sufi, que tiene tasas desde 1,03% y solicitudes totalmente en l\u00ednea; Lumni, con su modelo de financiaci\u00f3n a largo plazo donde el estudiante paga 20% del valor de la matr\u00edcula cada semestre.<\/p>\n<p><strong>Convenios<\/strong><\/p>\n<p>La Universidad El Bosque tambi\u00e9n cuenta con convenios en diferentes municipios y gobernaciones aliadas. La Gobernaci\u00f3n de Arauca, Gobernaci\u00f3n de Cundinamarca, Municipio de Ch\u00eda, el convenio municipio de Sop\u00f3 y el convenio FOEST con municipio de Tocancip\u00e1, permiten que quienes vivan o hayan estudiado en estos territorios puedan ser beneficiarios de diferentes programas y descuentos.<\/p>\n<p>Tambi\u00e9n existen convenios con empresas, para que sus trabajadores y n\u00facleo familiar cumplan el sue\u00f1o de acceder a la educaci\u00f3n superior.<\/p>\n<p><strong>Becas y est\u00edmulos<\/strong><\/p>\n<p>A trav\u00e9s del programa CreSer, la universidad brinda apoyos econ\u00f3micos a aquellos estudiantes que tengan un promedio acumulado m\u00ednimo de 3.8, no sean beneficiarios de otros apoyos, no hayan perdido asignaturas anteriormente, no presenten fallas disciplinarias y est\u00e9n a paz y salvo con la universidad.<\/p>\n<p>Tambi\u00e9n tiene apoyos econ\u00f3micos abiertos para quienes tengan m\u00e1s de 360 puntos en las pruebas Saber 11, mejor promedio de bachiller, grados de honor, m\u00e9ritos acad\u00e9micos, entre otras opciones.<\/p>\n<p><em>\u00a1No dejes de lado tu sue\u00f1o de convertirte en profesional!<\/em>[\/vc_column_text][\/vc_column][vc_column width=&#8221;1\/3&#8243;][vc_row_inner row_type=&#8221;row&#8221; type=&#8221;full_width&#8221; use_row_as_full_screen_section_slide=&#8221;no&#8221; text_align=&#8221;center&#8221; css_animation=&#8221;&#8221; css=&#8221;.vc_custom_1619552474917{margin-top: 60px !important;}&#8221;][vc_column_inner el_class=&#8221;redessocialeshome&#8221;][vc_single_image image=&#8221;21815&#8243; img_size=&#8221;full&#8221; qode_css_animation=&#8221;&#8221;][vc_column_text]<\/p>\n<p style=\"text-align: center; margin-top: 5px; font-size: 11px;\">PUBLICIDAD<\/p>\n<p>[\/vc_column_text][vc_empty_space][vc_single_image image=&#8221;21916&#8243; img_size=&#8221;full&#8221; onclick=&#8221;custom_link&#8221; img_link_target=&#8221;_blank&#8221; qode_css_animation=&#8221;&#8221; link=&#8221;https:\/\/www.unbosque.edu.co\/internacionalizacion&#8221;][vc_column_text]<\/p>\n<p style=\"text-align: center; margin-top: 5px; font-size: 11px;\">PUBLICIDAD<\/p>\n<p>[\/vc_column_text][\/vc_column_inner][\/vc_row_inner][\/vc_column][\/vc_row][vc_row row_type=&#8221;row&#8221; use_row_as_full_screen_section=&#8221;no&#8221; type=&#8221;full_width&#8221; text_align=&#8221;left&#8221; background_image=&#8221;21590&#8243; pattern_background=&#8221;pattern_background&#8221; background_animation=&#8221;none&#8221; padding_top=&#8221;40&#8243; padding_bottom=&#8221;80&#8243; css_animation=&#8221;&#8221; background_color=&#8221;#f5f5f5&#8243;][vc_column width=&#8221;1\/6&#8243;][\/vc_column][vc_column width=&#8221;2\/3&#8243;][vc_single_image image=&#8221;21800&#8243; img_size=&#8221;full&#8221; alignment=&#8221;center&#8221; onclick=&#8221;custom_link&#8221; img_link_target=&#8221;_blank&#8221; qode_css_animation=&#8221;&#8221; el_class=&#8221;banner_790&#8243; link=&#8221;https:\/\/financiacion.unbosque.edu.co\/&#8221;][vc_single_image image=&#8221;21799&#8243; img_size=&#8221;full&#8221; alignment=&#8221;center&#8221; onclick=&#8221;custom_link&#8221; img_link_target=&#8221;_blank&#8221; qode_css_animation=&#8221;&#8221; el_class=&#8221;banner_100&#8243; link=&#8221;https:\/\/financiacion.unbosque.edu.co\/&#8221;][vc_column_text]<\/p>\n<p style=\"text-align: center; margin-top: 5px; font-size: 11px;\">PUBLICIDAD<\/p>\n<p>[\/vc_column_text][\/vc_column][vc_column width=&#8221;1\/6&#8243;][\/vc_column][\/vc_row][vc_row row_type=&#8221;row&#8221; use_row_as_full_screen_section=&#8221;no&#8221; type=&#8221;full_width&#8221; text_align=&#8221;center&#8221; background_image=&#8221;21830&#8243; pattern_background=&#8221;pattern_background&#8221; background_animation=&#8221;none&#8221; padding_top=&#8221;80&#8243; padding_bottom=&#8221;80&#8243; css_animation=&#8221;&#8221; background_color=&#8221;#f5f5f5&#8243;][vc_column][vc_row_inner row_type=&#8221;row&#8221; type=&#8221;grid&#8221; use_row_as_full_screen_section_slide=&#8221;no&#8221; text_align=&#8221;left&#8221; css_animation=&#8221;&#8221;][vc_column_inner][vc_column_text]<\/p>\n<h6 style=\"text-align: center;\">CONTENIDO<\/h6>\n<h2 style=\"text-align: center;\">Tal vez te pueda interesar&#8230;<\/h2>\n<p>[\/vc_column_text][\/vc_column_inner][\/vc_row_inner][\/vc_column][\/vc_row][vc_row row_type=&#8221;row&#8221; use_row_as_full_screen_section=&#8221;no&#8221; type=&#8221;grid&#8221; text_align=&#8221;left&#8221; background_image=&#8221;21830&#8243; pattern_background=&#8221;pattern_background&#8221; background_animation=&#8221;none&#8221; padding_top=&#8221;80&#8243; padding_bottom=&#8221;80&#8243; css_animation=&#8221;&#8221; background_color=&#8221;#f5f5f5&#8243; css=&#8221;.vc_custom_1619629531051{padding-top: 20px !important;padding-right: 20px !important;padding-bottom: 20px !important;padding-left: 20px !important;}&#8221;][vc_column width=&#8221;1\/3&#8243; css=&#8221;.vc_custom_1619557578884{margin-right: 10px !important;margin-left: 10px !important;}&#8221; el_class=&#8221;contehomem&#8221;][vc_single_image image=&#8221;22069&#8243; img_size=&#8221;large&#8221; alignment=&#8221;center&#8221; onclick=&#8221;custom_link&#8221; qode_css_animation=&#8221;&#8221; link=&#8221;\/universidad-el-bosque\/estudiar-matematicas-una-decision-inteligente-util-y-con-gran-campo-laboral\/&#8221;][vc_column_text]06.04.2021<\/p>\n<h5>Recorre la Universidad del Bosque como nunca antes la has visto<\/h5>\n<p>[\/vc_column_text]<a href=\"\/universidad-el-bosque\/estudiar-matematicas-una-decision-inteligente-util-y-con-gran-campo-laboral\/\" target=\"_self\" data-hover-background-color=#ffffff data-hover-border-color=#80bd00 data-hover-color=#80bd00 class=\"qbutton \" style=\"border-color: #80bd00; background-color: #80bd00;\">VER M\u00c1S<\/a>[\/vc_column][vc_column width=&#8221;1\/3&#8243; css=&#8221;.vc_custom_1619557574665{margin-right: 10px !important;margin-left: 10px !important;}&#8221; el_class=&#8221;contehomem&#8221;][vc_single_image image=&#8221;22071&#8243; img_size=&#8221;large&#8221; alignment=&#8221;center&#8221; onclick=&#8221;custom_link&#8221; qode_css_animation=&#8221;&#8221; link=&#8221;\/universidad-el-bosque\/claves-para-emprender-de-manera-efectiva-y-lograr-un-si-de-un-inversionista\/&#8221;][vc_column_text]26.04.2021<\/p>\n<h5>Claves para emprender de manera efectiva y lograr un s\u00ed de un inversionista<\/h5>\n<p>[\/vc_column_text]<a href=\"\/universidad-el-bosque\/claves-para-emprender-de-manera-efectiva-y-lograr-un-si-de-un-inversionista\/\" target=\"_self\" data-hover-background-color=#ffffff data-hover-border-color=#80bd00 data-hover-color=#80bd00 class=\"qbutton \" style=\"border-color: #80bd00; background-color: #80bd00;\">VER M\u00c1S<\/a>[\/vc_column][vc_column width=&#8221;1\/3&#8243; el_class=&#8221;contehomem&#8221;][vc_single_image image=&#8221;22067&#8243; img_size=&#8221;large&#8221; alignment=&#8221;center&#8221; onclick=&#8221;custom_link&#8221; qode_css_animation=&#8221;&#8221; link=&#8221;\/universidad-el-bosque\/tips-para-disminuir-el-impacto-ambiental-producto-de-la-pandemia\/&#8221;][vc_column_text]27.04.2021<\/p>\n<h5>Tips para disminuir el impacto ambiental producto de la pandemia<\/h5>\n<p>[\/vc_column_text]<a href=\"\/universidad-el-bosque\/tips-para-disminuir-el-impacto-ambiental-producto-de-la-pandemia\/\" target=\"_self\" data-hover-background-color=#ffffff data-hover-border-color=#80bd00 data-hover-color=#80bd00 class=\"qbutton \" style=\"border-color: #80bd00; background-color: #80bd00;\">VER M\u00c1S<\/a>[\/vc_column][\/vc_row][vc_row row_type=&#8221;row&#8221; use_row_as_full_screen_section=&#8221;no&#8221; type=&#8221;full_width&#8221; text_align=&#8221;left&#8221; background_image=&#8221;21590&#8243; pattern_background=&#8221;pattern_background&#8221; background_animation=&#8221;none&#8221; padding_top=&#8221;40&#8243; padding_bottom=&#8221;80&#8243; css_animation=&#8221;&#8221; background_color=&#8221;#f5f5f5&#8243;][vc_column width=&#8221;1\/6&#8243;][\/vc_column][vc_column width=&#8221;2\/3&#8243;][vc_row_inner row_type=&#8221;row&#8221; type=&#8221;full_width&#8221; use_row_as_full_screen_section_slide=&#8221;no&#8221; text_align=&#8221;center&#8221; css_animation=&#8221;&#8221; css=&#8221;.vc_custom_1619552474917{margin-top: 60px !important;}&#8221;][vc_column_inner el_class=&#8221;redessocialeshome&#8221;][vc_column_text]<\/p>\n<h6>ENCU\u00c9NTRANOS EN REDES SOCIALES<\/h6>\n<h2>Con\u00e9ctate con la UEB #ViveElBosque<\/h2>\n<p><a href=\"https:\/\/www.facebook.com\/universidadelbosque\" target=\"_blank\" rel=\"noopener\"><img loading=\"lazy\" decoding=\"async\" class=\"size-full wp-image-21606\" src=\"http:\/\/especiales.publimetro.co\/universidad-el-bosque\/wp-content\/uploads\/2021\/04\/ico_facebook.gif\" alt=\"Facebook\" width=\"60\" height=\"60\" \/><\/a> <a href=\"https:\/\/www.youtube.com\/channel\/UC4xVww4tkGwPh1RnH3wzZ9Q\" target=\"_blank\" rel=\"noopener\"><img loading=\"lazy\" decoding=\"async\" class=\"size-full wp-image-21607\" src=\"http:\/\/especiales.publimetro.co\/universidad-el-bosque\/wp-content\/uploads\/2021\/04\/ico_youtube.gif\" alt=\"Youtube\" width=\"60\" height=\"60\" \/><\/a> <a href=\"https:\/\/www.linkedin.com\/school\/universidad-el-bosque\/\" target=\"_blank\" rel=\"noopener\"><img loading=\"lazy\" decoding=\"async\" class=\"size-full wp-image-21608\" src=\"http:\/\/especiales.publimetro.co\/universidad-el-bosque\/wp-content\/uploads\/2021\/04\/ico_linkedin.gif\" alt=\"Linkedin\" width=\"60\" height=\"60\" \/><\/a> <a href=\"https:\/\/www.instagram.com\/uelbosque\/\" target=\"_blank\" rel=\"noopener\"><img loading=\"lazy\" decoding=\"async\" class=\"size-full wp-image-21609\" src=\"http:\/\/especiales.publimetro.co\/universidad-el-bosque\/wp-content\/uploads\/2021\/04\/ico_instagram.gif\" alt=\"Instagram\" width=\"60\" height=\"60\" \/><\/a>[\/vc_column_text][\/vc_column_inner][\/vc_row_inner][\/vc_column][vc_column width=&#8221;1\/6&#8243;][\/vc_column][\/vc_row][vc_row row_type=&#8221;row&#8221; use_row_as_full_screen_section=&#8221;no&#8221; type=&#8221;full_width&#8221; text_align=&#8221;center&#8221; background_animation=&#8221;none&#8221; padding_top=&#8221;30&#8243; padding_bottom=&#8221;30&#8243; css_animation=&#8221;&#8221; background_color=&#8221;#ffffff&#8221;][vc_column][vc_column_text]<\/p>\n<p style=\"text-align: center;\">Vigilada Mineducaci\u00f3n. Personer\u00eda Jur\u00eddica otorgada mediante resoluci\u00f3n 11153 del 4 de agosto de 1978.<\/p>\n<p>[\/vc_column_text][\/vc_column][\/vc_row][vc_row row_type=&#8221;row&#8221; use_row_as_full_screen_section=&#8221;no&#8221; type=&#8221;full_width&#8221; text_align=&#8221;center&#8221; background_animation=&#8221;none&#8221; css_animation=&#8221;&#8221; background_color=&#8221;#ffffff&#8221; el_id=&#8221;arrow_down&#8221; el_class=&#8221;arrow_down&#8221; css=&#8221;.vc_custom_1619652026403{background-color: #33692f !important;}&#8221;][vc_column][vc_single_image image=&#8221;21853&#8243; alignment=&#8221;center&#8221; qode_css_animation=&#8221;&#8221; el_id=&#8221;flecha_abajo&#8221; el_class=&#8221;flecha_abajo&#8221;][\/vc_column][\/vc_row][vc_row row_type=&#8221;row&#8221; use_row_as_full_screen_section=&#8221;no&#8221; type=&#8221;full_width&#8221; text_align=&#8221;left&#8221; background_animation=&#8221;none&#8221; padding_top=&#8221;65px&#8221; padding_bottom=&#8221;65px&#8221; css_animation=&#8221;element_from_bottom&#8221; el_class=&#8221;bottomall&#8221;][vc_column][vc_row_inner row_type=&#8221;row&#8221; type=&#8221;grid&#8221; use_row_as_full_screen_section_slide=&#8221;no&#8221; text_align=&#8221;left&#8221; padding_top=&#8221;65&#8243; padding_bottom=&#8221;65&#8243; css_animation=&#8221;&#8221; el_class=&#8221;bottommiddle&#8221;][vc_column_inner width=&#8221;1\/4&#8243;][vc_single_image image=&#8221;21576&#8243; img_size=&#8221;full&#8221; alignment=&#8221;center&#8221; qode_css_animation=&#8221;&#8221;][\/vc_column_inner][vc_column_inner width=&#8221;1\/4&#8243;][vc_column_text]<\/p>\n<h3>Metro en el mundo<\/h3>\n<p>[\/vc_column_text][qode_elements_holder number_of_columns=&#8221;two_columns&#8221;][qode_elements_holder_item item_padding=&#8221;10px 0 0 0&#8243;][vc_column_text]<a href=\"https:\/\/www.publimetro.cl\/cl\/\" target=\"_blank\" rel=\"noopener\">Chile<\/a><br \/>\n<a href=\"https:\/\/www.publimetro.co\/co\/\" target=\"_blank\" rel=\"noopener\">Colombia<\/a><br \/>\n<a href=\"https:\/\/www.metroecuador.com.ec\/ec\/\" target=\"_blank\" rel=\"noopener\">Ecuador<\/a><br \/>\n<a href=\"https:\/\/www.publinews.gt\/gt\/\" target=\"_blank\" rel=\"noopener\">Guatemala<\/a>[\/vc_column_text][\/qode_elements_holder_item][qode_elements_holder_item item_padding=&#8221;10px 0 0 0&#8243;][vc_column_text]<a href=\"https:\/\/www.publimetro.com.mx\/mx\/\">M\u00e9xico<\/a><br \/>\n<a href=\"https:\/\/www.metro.pr\/pr\/\">Puerto Rico<\/a><br \/>\n<a href=\"https:\/\/www.metroworldnews.com.br\/\">Brasil<\/a><br \/>\n<a style=\"visibility: hidden;\" href=\"#\">none<\/a>[\/vc_column_text][\/qode_elements_holder_item][\/qode_elements_holder][\/vc_column_inner][vc_column_inner width=&#8221;1\/4&#8243;][vc_column_text]<\/p>\n<h3>Nosotros<\/h3>\n<p><a href=\"https:\/\/www.publimetro.co\/co\/page\/directorio\" target=\"_blank\" rel=\"noopener\">Directorio<\/a><br \/>\n<a href=\"https:\/\/www.publimetro.co\/co\/page\/contacto\" target=\"_blank\" rel=\"noopener\">Contacto<\/a>[\/vc_column_text][vc_empty_space][vc_column_text]<\/p>\n<h3>Legal<\/h3>\n<p><a href=\"https:\/\/www.publimetro.co\/co\/page\/termino-condiciones\" target=\"_blank\" rel=\"noopener\">T\u00e9rminos y condiciones<\/a><br \/>\n<a href=\"https:\/\/www.publimetro.co\/co\/page\/aviso-legal\" target=\"_blank\" rel=\"noopener\">Aviso Legal<\/a>[\/vc_column_text][\/vc_column_inner][vc_column_inner width=&#8221;1\/4&#8243;][vc_single_image image=&#8221;21842&#8243; img_size=&#8221;full&#8221; alignment=&#8221;center&#8221; qode_css_animation=&#8221;&#8221;][vc_column_text]Conectamos a millones de personas a trav\u00e9s de historias sobre entretenimiento y noticias globales. 18 pa\u00edses, 60 ciudades, 8 idiomas Somos Metro World News Company.[\/vc_column_text][\/vc_column_inner][\/vc_row_inner][\/vc_column][\/vc_row][vc_row row_type=&#8221;row&#8221; use_row_as_full_screen_section=&#8221;no&#8221; type=&#8221;full_width&#8221; text_align=&#8221;center&#8221; background_animation=&#8221;none&#8221; padding_top=&#8221;15&#8243; padding_bottom=&#8221;15&#8243; css_animation=&#8221;&#8221; css=&#8221;.vc_custom_1619634111338{background-color: #0a6534 !important;}&#8221; el_class=&#8221;lastfooter&#8221;][vc_column][vc_column_text]Copyright\u00a9\u00a02021\u00a0METRO WORLD NEWS[\/vc_column_text][\/vc_column][\/vc_row][vc_row row_type=&#8221;row&#8221; use_row_as_full_screen_section=&#8221;no&#8221; type=&#8221;full_width&#8221; text_align=&#8221;center&#8221; background_animation=&#8221;none&#8221; css_animation=&#8221;&#8221; el_class=&#8221;lastfooter&#8221;][vc_column width=&#8221;1\/3&#8243;][\/vc_column][vc_column width=&#8221;1\/3&#8243;][vc_column_text]<\/p>\n<div class=\"mod_inscribete\"><a href=\"#popmake-21910\"><strong>\u00a1Inscr\u00edbete<\/strong> hoy a la carrera de tus sue\u00f1os!, Haz clic aqu\u00ed<\/a><\/div>\n<p>[\/vc_column_text][\/vc_column][vc_column width=&#8221;1\/3&#8243;][\/vc_column][\/vc_row]<\/p>\n","protected":false},"excerpt":{"rendered":"<p>[vc_row row_type=&#8221;parallax&#8221; text_align=&#8221;left&#8221; background_image=&#8221;21894&#8243; full_screen_section_height=&#8221;no&#8221; section_height=&#8221;200&#8243;][vc_column][\/vc_column][\/vc_row][vc_row row_type=&#8221;row&#8221; use_row_as_full_screen_section=&#8221;no&#8221; type=&#8221;grid&#8221; text_align=&#8221;left&#8221; background_image=&#8221;21590&#8243; pattern_background=&#8221;pattern_background&#8221; background_animation=&#8221;none&#8221; padding_top=&#8221;40&#8243; padding_bottom=&#8221;80&#8243; css_animation=&#8221;&#8221; background_color=&#8221;#f5f5f5&#8243;][vc_column width=&#8221;2\/3&#8243;][vc_empty_space][vc_column_text] Financiaci\u00f3n, convenios y becas: tres salidas pr\u00e1cticas para acceder a la educaci\u00f3n superior 28.05.2021 \/ POR: PUBLIMETRO Cada vez son m\u00e1s las opciones que se ofrecen para&#8230;<\/p>\n","protected":false},"author":1,"featured_media":22152,"parent":0,"menu_order":0,"comment_status":"open","ping_status":"open","template":"full_width.php","meta":{"footnotes":""},"class_list":["post-22193","page","type-page","status-publish","has-post-thumbnail","hentry"],"yoast_head":"<!-- This site is optimized with the Yoast SEO plugin v16.2 - https:\/\/yoast.com\/wordpress\/plugins\/seo\/ -->\n<title>Universidad El Bosque Universidad El Bosque Universidad El Bosque<\/title>\n<meta name=\"description\" content=\"Financiaci\u00f3n, convenios y becas: tres salidas pr\u00e1cticas para acceder a la educaci\u00f3n superior Universidad El Bosque\" \/>\n<meta name=\"robots\" content=\"index, follow, max-snippet:-1, max-image-preview:large, max-video-preview:-1\" \/>\n<link rel=\"canonical\" href=\"http:\/\/especiales.publimetro.co\/universidad-el-bosque\/financiacion-convenios-y-becas-tres-salidas-practicas-para-acceder-a-la-educacion-superior\/\" \/>\n<meta property=\"og:locale\" content=\"es_ES\" \/>\n<meta property=\"og:type\" content=\"article\" \/>\n<meta property=\"og:title\" content=\"Universidad El Bosque Universidad El Bosque Universidad El Bosque\" \/>\n<meta property=\"og:description\" content=\"Financiaci\u00f3n, convenios y becas: tres salidas pr\u00e1cticas para acceder a la educaci\u00f3n superior Universidad El Bosque\" \/>\n<meta property=\"og:url\" content=\"http:\/\/especiales.publimetro.co\/universidad-el-bosque\/financiacion-convenios-y-becas-tres-salidas-practicas-para-acceder-a-la-educacion-superior\/\" \/>\n<meta property=\"og:site_name\" content=\"Universidad El Bosque\" \/>\n<meta property=\"article:modified_time\" content=\"2021-05-28T20:15:02+00:00\" \/>\n<meta property=\"og:image\" content=\"http:\/\/especiales.publimetro.co\/universidad-el-bosque\/wp-content\/uploads\/2021\/05\/img_compartir_redes.jpg\" \/>\n\t<meta property=\"og:image:width\" content=\"540\" \/>\n\t<meta property=\"og:image:height\" content=\"282\" \/>\n<meta name=\"twitter:card\" content=\"summary_large_image\" \/>\n<meta name=\"twitter:label1\" content=\"Est. reading time\">\n\t<meta name=\"twitter:data1\" content=\"5 minutos\">\n<script type=\"application\/ld+json\" class=\"yoast-schema-graph\">{\"@context\":\"https:\/\/schema.org\",\"@graph\":[{\"@type\":\"WebSite\",\"@id\":\"https:\/\/especiales.publimetro.co\/universidad-el-bosque\/#website\",\"url\":\"https:\/\/especiales.publimetro.co\/universidad-el-bosque\/\",\"name\":\"Universidad El Bosque\",\"description\":\"\",\"potentialAction\":[{\"@type\":\"SearchAction\",\"target\":\"https:\/\/especiales.publimetro.co\/universidad-el-bosque\/?s={search_term_string}\",\"query-input\":\"required name=search_term_string\"}],\"inLanguage\":\"es-CO\"},{\"@type\":\"ImageObject\",\"@id\":\"http:\/\/especiales.publimetro.co\/universidad-el-bosque\/financiacion-convenios-y-becas-tres-salidas-practicas-para-acceder-a-la-educacion-superior\/#primaryimage\",\"inLanguage\":\"es-CO\",\"url\":\"https:\/\/especiales.publimetro.co\/universidad-el-bosque\/wp-content\/uploads\/2021\/05\/img_compartir_redes.jpg\",\"contentUrl\":\"https:\/\/especiales.publimetro.co\/universidad-el-bosque\/wp-content\/uploads\/2021\/05\/img_compartir_redes.jpg\",\"width\":540,\"height\":282,\"caption\":\"Universidad El Bosque\"},{\"@type\":\"WebPage\",\"@id\":\"http:\/\/especiales.publimetro.co\/universidad-el-bosque\/financiacion-convenios-y-becas-tres-salidas-practicas-para-acceder-a-la-educacion-superior\/#webpage\",\"url\":\"http:\/\/especiales.publimetro.co\/universidad-el-bosque\/financiacion-convenios-y-becas-tres-salidas-practicas-para-acceder-a-la-educacion-superior\/\",\"name\":\"Universidad El Bosque Universidad El Bosque Universidad El Bosque\",\"isPartOf\":{\"@id\":\"https:\/\/especiales.publimetro.co\/universidad-el-bosque\/#website\"},\"primaryImageOfPage\":{\"@id\":\"http:\/\/especiales.publimetro.co\/universidad-el-bosque\/financiacion-convenios-y-becas-tres-salidas-practicas-para-acceder-a-la-educacion-superior\/#primaryimage\"},\"datePublished\":\"2021-05-28T19:53:14+00:00\",\"dateModified\":\"2021-05-28T20:15:02+00:00\",\"description\":\"Financiaci\\u00f3n, convenios y becas: tres salidas pr\\u00e1cticas para acceder a la educaci\\u00f3n superior Universidad El Bosque\",\"breadcrumb\":{\"@id\":\"http:\/\/especiales.publimetro.co\/universidad-el-bosque\/financiacion-convenios-y-becas-tres-salidas-practicas-para-acceder-a-la-educacion-superior\/#breadcrumb\"},\"inLanguage\":\"es-CO\",\"potentialAction\":[{\"@type\":\"ReadAction\",\"target\":[\"http:\/\/especiales.publimetro.co\/universidad-el-bosque\/financiacion-convenios-y-becas-tres-salidas-practicas-para-acceder-a-la-educacion-superior\/\"]}]},{\"@type\":\"BreadcrumbList\",\"@id\":\"http:\/\/especiales.publimetro.co\/universidad-el-bosque\/financiacion-convenios-y-becas-tres-salidas-practicas-para-acceder-a-la-educacion-superior\/#breadcrumb\",\"itemListElement\":[{\"@type\":\"ListItem\",\"position\":1,\"item\":{\"@type\":\"WebPage\",\"@id\":\"https:\/\/especiales.publimetro.co\/universidad-el-bosque\/\",\"url\":\"https:\/\/especiales.publimetro.co\/universidad-el-bosque\/\",\"name\":\"Home\"}},{\"@type\":\"ListItem\",\"position\":2,\"item\":{\"@id\":\"http:\/\/especiales.publimetro.co\/universidad-el-bosque\/financiacion-convenios-y-becas-tres-salidas-practicas-para-acceder-a-la-educacion-superior\/#webpage\"}}]}]}<\/script>\n<!-- \/ Yoast SEO plugin. -->","_links":{"self":[{"href":"https:\/\/especiales.publimetro.co\/universidad-el-bosque\/wp-json\/wp\/v2\/pages\/22193","targetHints":{"allow":["GET"]}}],"collection":[{"href":"https:\/\/especiales.publimetro.co\/universidad-el-bosque\/wp-json\/wp\/v2\/pages"}],"about":[{"href":"https:\/\/especiales.publimetro.co\/universidad-el-bosque\/wp-json\/wp\/v2\/types\/page"}],"author":[{"embeddable":true,"href":"https:\/\/especiales.publimetro.co\/universidad-el-bosque\/wp-json\/wp\/v2\/users\/1"}],"replies":[{"embeddable":true,"href":"https:\/\/especiales.publimetro.co\/universidad-el-bosque\/wp-json\/wp\/v2\/comments?post=22193"}],"version-history":[{"count":4,"href":"https:\/\/especiales.publimetro.co\/universidad-el-bosque\/wp-json\/wp\/v2\/pages\/22193\/revisions"}],"predecessor-version":[{"id":22199,"href":"https:\/\/especiales.publimetro.co\/universidad-el-bosque\/wp-json\/wp\/v2\/pages\/22193\/revisions\/22199"}],"wp:featuredmedia":[{"embeddable":true,"href":"https:\/\/especiales.publimetro.co\/universidad-el-bosque\/wp-json\/wp\/v2\/media\/22152"}],"wp:attachment":[{"href":"https:\/\/especiales.publimetro.co\/universidad-el-bosque\/wp-json\/wp\/v2\/media?parent=22193"}],"curies":[{"name":"wp","href":"https:\/\/api.w.org\/{rel}","templated":true}]}}