{"id":22542,"date":"2021-11-18T17:52:54","date_gmt":"2021-11-18T22:52:54","guid":{"rendered":"https:\/\/especiales.publimetro.co\/torneo-futbol-virtual-2021\/novedades\/?page_id=22542"},"modified":"2021-11-18T18:15:06","modified_gmt":"2021-11-18T23:15:06","slug":"testimoniales","status":"publish","type":"page","link":"https:\/\/especiales.publimetro.co\/torneo-futbol-virtual-2021\/novedades\/testimoniales\/","title":{"rendered":"Testimoniales"},"content":{"rendered":"<p>[vc_row row_type=&#8221;row&#8221; use_row_as_full_screen_section=&#8221;no&#8221; type=&#8221;full_width&#8221; text_align=&#8221;center&#8221; background_image=&#8221;21742&#8243; background_animation=&#8221;none&#8221; css_animation=&#8221;&#8221;][vc_column parallax=&#8221;content-moving-fade&#8221; parallax_speed_bg=&#8221;3&#8243;][vc_empty_space height=&#8221;250px&#8221; el_class=&#8221;stageinner&#8221;][\/vc_column][\/vc_row][vc_row row_type=&#8221;row&#8221; use_row_as_full_screen_section=&#8221;no&#8221; type=&#8221;grid&#8221; text_align=&#8221;left&#8221; background_animation=&#8221;none&#8221; padding_top=&#8221;20px&#8221; padding_bottom=&#8221;20px&#8221; css_animation=&#8221;element_from_fade&#8221; css=&#8221;.vc_custom_1635284348856{margin-top: 20px !important;margin-bottom: 20px !important;}&#8221;][vc_column][vc_column_text]<\/p>\n<div class=\"logopatro\">\n<p><span style=\"color: #fff; float: left;\">Con el patrocinio de: <\/span><a href=\"https:\/\/energizer.lat\/Colombia\/\" target=\"_blank\" rel=\"noopener\"><img loading=\"lazy\" decoding=\"async\" class=\"alignnone wp-image-21893 size-full\" style=\"padding-left: 20px;\" src=\"https:\/\/especiales.publimetro.co\/torneo-futbol-virtual-2021\/novedades\/wp-content\/uploads\/2021\/10\/img_energizer_color-1.png\" alt=\"Energizer\" width=\"186\" height=\"86\" \/><\/a><\/p>\n<\/div>\n<p>[\/vc_column_text][\/vc_column][\/vc_row][vc_row row_type=&#8221;row&#8221; use_row_as_full_screen_section=&#8221;no&#8221; type=&#8221;full_width&#8221; text_align=&#8221;left&#8221; background_animation=&#8221;none&#8221; css_animation=&#8221;&#8221;][vc_column][vc_row_inner row_type=&#8221;row&#8221; type=&#8221;grid&#8221; use_row_as_full_screen_section_slide=&#8221;no&#8221; text_align=&#8221;left&#8221; css_animation=&#8221;&#8221; css=&#8221;.vc_custom_1634919887617{margin-bottom: 40px !important;}&#8221;][vc_column_inner width=&#8221;5\/6&#8243; css=&#8221;.vc_custom_1637277305754{padding-top: 80px !important;padding-right: 40px !important;padding-bottom: 40px !important;padding-left: 40px !important;background-color: #ffffff !important;}&#8221;]<div class='testimonials_holder clearfix dark '><div class=\"testimonials testimonials_carousel\" data-show-navigation=\"yes\" data-animation-type=\"slide\" data-animation-speed=\"\" data-auto-rotate-slides=\"3\"><ul class=\"slides\"><li id=\"testimonials22547\" class=\"testimonial_content\"><div class=\"testimonial_content_inner\"><div class=\"testimonial_text_holder center_align\"><div class=\"testimonial_text_inner\"><p style='color:#0a0a0a;'>Me ha parecido buena sabes, pero se transmiten por twitch o YouTube y ah\u00ed uno ve el partido y eso.<\/p><p class=\"testimonial_author\" style=\"\">- PARTICIPANTE DEL TORNEO<\/p><\/div><\/div><\/div><\/li><li id=\"testimonials22546\" class=\"testimonial_content\"><div class=\"testimonial_content_inner\"><div class=\"testimonial_text_holder center_align\"><div class=\"testimonial_text_inner\"><p style='color:#0a0a0a;'>Muy bueno todo, muy organizado.<\/p><p class=\"testimonial_author\" style=\"\">- PARTICIPANTE DEL TORNEO<\/p><\/div><\/div><\/div><\/li><li id=\"testimonials22545\" class=\"testimonial_content\"><div class=\"testimonial_content_inner\"><div class=\"testimonial_text_holder center_align\"><div class=\"testimonial_text_inner\"><p style='color:#0a0a0a;'>Ha sido buena la experiencia ya que es mi primera vez jugando un torneo, me ha gustado, ojal\u00e1 se hagan m\u00e1s.<\/p><p class=\"testimonial_author\" style=\"\">- PARTICIPANTE DEL TORNEO<\/p><\/div><\/div><\/div><\/li><li id=\"testimonials22544\" class=\"testimonial_content\"><div class=\"testimonial_content_inner\"><div class=\"testimonial_text_holder center_align\"><div class=\"testimonial_text_inner\"><p style='color:#0a0a0a;'>Me ha gustado ya que es f\u00e1cil contactar a las personas y todo.<\/p><p class=\"testimonial_author\" style=\"\">- PARTICIPANTE DEL TORNEO<\/p><\/div><\/div><\/div><\/li><li id=\"testimonials20813\" class=\"testimonial_content\"><div class=\"testimonial_content_inner\"><div class=\"testimonial_text_holder center_align\"><div class=\"testimonial_text_inner\"><p style='color:#0a0a0a;'>Excelente. Muy \u00e1giles, se cumple el cronograma, respuestas oportunas.<\/p><p class=\"testimonial_author\" style=\"\">- PARTICIPANTE DEL TORNEO<\/p><\/div><\/div><\/div><\/li><li id=\"testimonials17958\" class=\"testimonial_content\"><div class=\"testimonial_content_inner\"><div class=\"testimonial_text_holder center_align\"><div class=\"testimonial_text_inner\"><p style='color:#0a0a0a;'>Excelente. Muy \u00e1giles, se cumple el cronograma, respuestas oportunas.<\/p><p class=\"testimonial_author\" style=\"\">- PARTICIPANTE DEL TORNEO<\/p><\/div><\/div><\/div><\/li><li id=\"testimonials17957\" class=\"testimonial_content\"><div class=\"testimonial_content_inner\"><div class=\"testimonial_text_holder center_align\"><div class=\"testimonial_text_inner\"><p style='color:#0a0a0a;'>Me ha parecido una buena integraci\u00f3n para ver el nivel de juego que tienen los colombianos, y me gusta todo, tanto el torneo como la organizaci\u00f3n y la dedicaci\u00f3n que le tienen al torneo<\/p><p class=\"testimonial_author\" style=\"\">- PARTICIPANTE DEL TORNEO<\/p><\/div><\/div><\/div><\/li><li id=\"testimonials17953\" class=\"testimonial_content\"><div class=\"testimonial_content_inner\"><div class=\"testimonial_text_holder center_align\"><div class=\"testimonial_text_inner\"><p style='color:#0a0a0a;'>Perd\u00ed mi llave, sin embargo tengo que agradecerles por la oportunidad estuvo muy bacano participar y espero que hallan m\u00e1s torneos como este en un futuro.<\/p><p class=\"testimonial_author\" style=\"\">- PARTICIPANTE DEL TORNEO<\/p><\/div><\/div><\/div><\/li><\/ul><\/div><\/div>[\/vc_column_inner][vc_column_inner width=&#8221;1\/6&#8243;][vc_single_image image=&#8221;22150&#8243; img_size=&#8221;full&#8221; onclick=&#8221;custom_link&#8221; qode_css_animation=&#8221;&#8221; link=&#8221;https:\/\/especiales.publimetro.co\/torneo-futbol-virtual-2021\/&#8221;][\/vc_column_inner][\/vc_row_inner][\/vc_column][\/vc_row][vc_row rtl_reverse=&#8221;yes&#8221; row_type=&#8221;row&#8221; use_row_as_full_screen_section=&#8221;no&#8221; type=&#8221;full_width&#8221; text_align=&#8221;center&#8221; background_animation=&#8221;none&#8221; side_padding=&#8221;0&#8243; padding_top=&#8221;0&#8243; padding_bottom=&#8221;0&#8243; css_animation=&#8221;&#8221;][vc_column][vc_raw_html]JTNDZGl2JTIwc3R5bGUlM0QlMjJjb2xvciUzQSUyMzAwMCUzQiUyMHRleHQtYWxpZ24lM0ElMjBjZW50ZXIlM0IlM0IlMjBtYXgtd2lkdGglM0ElMjAxMDAlMjUlM0IlMjB3aWR0aCUzQSUyMDEwMCUyNSUzQiUyMGhlaWdodCUzQSUyMGF1dG8lM0IlMjBkaXNwbGF5JTNBJTIwaW5saW5lLWJsb2NrJTNCJTIyJTNFQ29uJTIwZWwlMjBwYXRyb2NpbmlvJTIwZGUlM0ElM0MlMkZkaXYlM0UlMEElM0NkaXYlMjBjbGFzcyUzRCUyMmxvZ29zZGVza3RvcCUyMiUzRSUwQSUzQ3VsJTNFJTBBJTNDbGklM0UlM0NhJTIwaHJlZiUzRCUyMmh0dHBzJTNBJTJGJTJGZW5lcmdpemVyLmxhdCUyRkNvbG9tYmlhJTJGJTIyJTIwdGFyZ2V0JTNEJTIyX2JsYW5rJTIyJTNFJTNDaW1nJTIwc3JjJTNEJTIyaHR0cHMlM0ElMkYlMkZlc3BlY2lhbGVzLnB1YmxpbWV0cm8uY28lMkZ0b3JuZW8tZnV0Ym9sLXZpcnR1YWwtMjAyMSUyRl8lMkZpbWFnZXMlMkZlbmVyZ2l6ZXIucG5nJTIyJTNFJTNDJTJGYSUzRSUzQyUyRmxpJTNFJTBBJTNDbGklM0UlM0NhJTIwaHJlZiUzRCUyMmh0dHBzJTNBJTJGJTJGY29vbWV2YS5tZWRpY2luYS1wcmVwYWdhZGEuY29tJTJGJTIyJTIwdGFyZ2V0JTNEJTIyX2JsYW5rJTIyJTNFJTNDaW1nJTIwc3JjJTNEJTIyaHR0cHMlM0ElMkYlMkZlc3BlY2lhbGVzLnB1YmxpbWV0cm8uY28lMkZ0b3JuZW8tZnV0Ym9sLXZpcnR1YWwtMjAyMSUyRl8lMkZpbWFnZXMlMkZjb29tZXZhLnBuZyUyMiUzRSUzQyUyRmElM0UlM0MlMkZsaSUzRSUwQSUzQ2xpJTNFJTNDYSUyMGhyZWYlM0QlMjJodHRwcyUzQSUyRiUyRnd3dy51c2VyZ2lvYXJib2xlZGEuZWR1LmNvJTJGJTIyJTIwdGFyZ2V0JTNEJTIyX2JsYW5rJTIyJTNFJTNDaW1nJTIwc3JjJTNEJTIyaHR0cHMlM0ElMkYlMkZlc3BlY2lhbGVzLnB1YmxpbWV0cm8uY28lMkZ0b3JuZW8tZnV0Ym9sLXZpcnR1YWwtMjAyMSUyRl8lMkZpbWFnZXMlMkZhcmJvbGVkYS5wbmclMjIlM0UlM0MlMkZhJTNFJTNDJTJGbGklM0UlMEElM0MlMkZ1bCUzRSUwQSUzQyUyRmRpdiUzRSUwQSUwQSUzQ2RpdiUyMGNsYXNzJTNEJTIybG9nb3Ntb2JpbGUlMjIlM0UlMEElM0N1bCUzRSUwQSUzQ2xpJTNFJTNDYSUyMGhyZWYlM0QlMjJodHRwcyUzQSUyRiUyRmVuZXJnaXplci5sYXQlMkZDb2xvbWJpYSUyRiUyMiUyMHRhcmdldCUzRCUyMl9ibGFuayUyMiUzRSUzQ2ltZyUyMHNyYyUzRCUyMmh0dHBzJTNBJTJGJTJGZXNwZWNpYWxlcy5wdWJsaW1ldHJvLmNvJTJGdG9ybmVvLWZ1dGJvbC12aXJ0dWFsLTIwMjElMkZfJTJGaW1hZ2VzJTJGZW5lcmdpemVyX21vYmlsZS5qcGclMjIlM0UlM0MlMkZhJTNFJTNDJTJGbGklM0UlMEElM0NsaSUzRSUzQ2ElMjBocmVmJTNEJTIyaHR0cHMlM0ElMkYlMkZjb29tZXZhLm1lZGljaW5hLXByZXBhZ2FkYS5jb20lMkYlMjIlMjB0YXJnZXQlM0QlMjJfYmxhbmslMjIlM0UlM0NpbWclMjBzcmMlM0QlMjJodHRwcyUzQSUyRiUyRmVzcGVjaWFsZXMucHVibGltZXRyby5jbyUyRnRvcm5lby1mdXRib2wtdmlydHVhbC0yMDIxJTJGXyUyRmltYWdlcyUyRmNvb21ldmFfbW9iaWxlLmpwZyUyMiUzRSUzQyUyRmElM0UlM0MlMkZsaSUzRSUwQSUzQ2xpJTNFJTNDYSUyMGhyZWYlM0QlMjJodHRwcyUzQSUyRiUyRnd3dy51c2VyZ2lvYXJib2xlZGEuZWR1LmNvJTJGJTIyJTIwdGFyZ2V0JTNEJTIyX2JsYW5rJTIyJTNFJTNDaW1nJTIwc3JjJTNEJTIyaHR0cHMlM0ElMkYlMkZlc3BlY2lhbGVzLnB1YmxpbWV0cm8uY28lMkZ0b3JuZW8tZnV0Ym9sLXZpcnR1YWwtMjAyMSUyRl8lMkZpbWFnZXMlMkZhcmJvbGVkYV9tb2JpbGUuanBnJTIyJTNFJTNDJTJGYSUzRSUzQyUyRmxpJTNFJTBBJTNDJTJGdWwlM0UlMEElM0MlMkZkaXYlM0UlMEE=[\/vc_raw_html][\/vc_column][\/vc_row][vc_row row_type=&#8221;row&#8221; use_row_as_full_screen_section=&#8221;no&#8221; type=&#8221;full_width&#8221; text_align=&#8221;left&#8221; background_animation=&#8221;none&#8221; padding_top=&#8221;65px&#8221; padding_bottom=&#8221;65px&#8221; css_animation=&#8221;element_from_bottom&#8221; el_class=&#8221;bottomall&#8221; background_color=&#8221;#33692f&#8221;][vc_column][vc_row_inner row_type=&#8221;row&#8221; type=&#8221;grid&#8221; use_row_as_full_screen_section_slide=&#8221;no&#8221; text_align=&#8221;left&#8221; padding_top=&#8221;65&#8243; padding_bottom=&#8221;65&#8243; css_animation=&#8221;&#8221; el_class=&#8221;bottommiddle&#8221;][vc_column_inner width=&#8221;1\/4&#8243;][vc_single_image image=&#8221;21481&#8243; img_size=&#8221;full&#8221; alignment=&#8221;center&#8221; qode_css_animation=&#8221;&#8221;][\/vc_column_inner][vc_column_inner width=&#8221;1\/4&#8243;][vc_column_text]<\/p>\n<h3>Metro en el mundo<\/h3>\n<p>[\/vc_column_text][qode_elements_holder number_of_columns=&#8221;two_columns&#8221;][qode_elements_holder_item item_padding=&#8221;10px 0 0 0&#8243;][vc_column_text]<a href=\"https:\/\/www.publimetro.cl\/cl\/\" target=\"_blank\" rel=\"noopener\">Chile<\/a><br \/>\n<a href=\"https:\/\/www.publimetro.co\/co\/\" target=\"_blank\" rel=\"noopener\">Colombia<\/a><br \/>\n<a href=\"https:\/\/www.metroecuador.com.ec\/ec\/\" target=\"_blank\" rel=\"noopener\">Ecuador<\/a><br \/>\n<a href=\"https:\/\/www.publinews.gt\/gt\/\" target=\"_blank\" rel=\"noopener\">Guatemala<\/a>[\/vc_column_text][\/qode_elements_holder_item][qode_elements_holder_item item_padding=&#8221;10px 0 0 0&#8243;][vc_column_text]<a href=\"https:\/\/www.publimetro.com.mx\/mx\/\">M\u00e9xico<\/a><br \/>\n<a href=\"https:\/\/www.metro.pr\/pr\/\">Puerto Rico<\/a><br \/>\n<a href=\"https:\/\/www.metroworldnews.com.br\/\">Brasil<\/a><br \/>\n<a style=\"visibility: hidden;\" href=\"#\">none<\/a>[\/vc_column_text][\/qode_elements_holder_item][\/qode_elements_holder][\/vc_column_inner][vc_column_inner width=&#8221;1\/4&#8243;][vc_column_text]<\/p>\n<h3>Nosotros<\/h3>\n<p><a href=\"https:\/\/www.publimetro.co\/directorio\/\" target=\"_blank\" rel=\"noopener\">Directorio<\/a><br \/>\n<a href=\"https:\/\/www.publimetro.co\/contacto\/\" target=\"_blank\" rel=\"noopener\">Contacto<\/a>[\/vc_column_text][vc_empty_space][vc_column_text]<\/p>\n<h3>Legal<\/h3>\n<p><a href=\"https:\/\/www.publimetro.co\/terminos-y-condiciones\/\" target=\"_blank\" rel=\"noopener\">T\u00e9rminos y condiciones<\/a><br \/>\n<a href=\"https:\/\/www.publimetro.co\/aviso-de-privacidad\/\" target=\"_blank\" rel=\"noopener\">Aviso Legal<\/a>[\/vc_column_text][\/vc_column_inner][vc_column_inner width=&#8221;1\/4&#8243;][vc_single_image image=&#8221;21482&#8243; img_size=&#8221;full&#8221; alignment=&#8221;center&#8221; qode_css_animation=&#8221;&#8221;][vc_column_text]Conectamos a millones de personas a trav\u00e9s de historias sobre entretenimiento y noticias globales. 18 pa\u00edses, 60 ciudades, 8 idiomas Somos Metro World News Company.[\/vc_column_text][\/vc_column_inner][\/vc_row_inner][\/vc_column][\/vc_row][vc_row row_type=&#8221;row&#8221; use_row_as_full_screen_section=&#8221;no&#8221; type=&#8221;full_width&#8221; text_align=&#8221;center&#8221; background_animation=&#8221;none&#8221; padding_top=&#8221;15&#8243; padding_bottom=&#8221;15&#8243; css_animation=&#8221;&#8221; css=&#8221;.vc_custom_1619634111338{background-color: #0a6534 !important;}&#8221; el_class=&#8221;lastfooter&#8221;][vc_column][vc_column_text]Copyright\u00a9\u00a02021\u00a0METRO WORLD NEWS[\/vc_column_text][\/vc_column][\/vc_row]<\/p>\n","protected":false},"excerpt":{"rendered":"<p>[vc_row row_type=&#8221;row&#8221; use_row_as_full_screen_section=&#8221;no&#8221; type=&#8221;full_width&#8221; text_align=&#8221;center&#8221; background_image=&#8221;21742&#8243; background_animation=&#8221;none&#8221; css_animation=&#8221;&#8221;][vc_column parallax=&#8221;content-moving-fade&#8221; parallax_speed_bg=&#8221;3&#8243;][vc_empty_space height=&#8221;250px&#8221; el_class=&#8221;stageinner&#8221;][\/vc_column][\/vc_row][vc_row row_type=&#8221;row&#8221; use_row_as_full_screen_section=&#8221;no&#8221; type=&#8221;grid&#8221; text_align=&#8221;left&#8221; background_animation=&#8221;none&#8221; padding_top=&#8221;20px&#8221; padding_bottom=&#8221;20px&#8221; css_animation=&#8221;element_from_fade&#8221; css=&#8221;.vc_custom_1635284348856{margin-top: 20px !important;margin-bottom: 20px !important;}&#8221;][vc_column][vc_column_text] Con el patrocinio de: [\/vc_column_text][\/vc_column][\/vc_row][vc_row row_type=&#8221;row&#8221; use_row_as_full_screen_section=&#8221;no&#8221; type=&#8221;full_width&#8221; text_align=&#8221;left&#8221; background_animation=&#8221;none&#8221; css_animation=&#8221;&#8221;][vc_column][vc_row_inner row_type=&#8221;row&#8221; type=&#8221;grid&#8221; use_row_as_full_screen_section_slide=&#8221;no&#8221; text_align=&#8221;left&#8221; css_animation=&#8221;&#8221; css=&#8221;.vc_custom_1634919887617{margin-bottom: 40px !important;}&#8221;][vc_column_inner width=&#8221;5\/6&#8243;&#8230;<\/p>\n","protected":false},"author":1,"featured_media":0,"parent":0,"menu_order":0,"comment_status":"open","ping_status":"open","template":"full_width.php","meta":{"footnotes":""},"class_list":["post-22542","page","type-page","status-publish","hentry"],"_links":{"self":[{"href":"https:\/\/especiales.publimetro.co\/torneo-futbol-virtual-2021\/novedades\/wp-json\/wp\/v2\/pages\/22542","targetHints":{"allow":["GET"]}}],"collection":[{"href":"https:\/\/especiales.publimetro.co\/torneo-futbol-virtual-2021\/novedades\/wp-json\/wp\/v2\/pages"}],"about":[{"href":"https:\/\/especiales.publimetro.co\/torneo-futbol-virtual-2021\/novedades\/wp-json\/wp\/v2\/types\/page"}],"author":[{"embeddable":true,"href":"https:\/\/especiales.publimetro.co\/torneo-futbol-virtual-2021\/novedades\/wp-json\/wp\/v2\/users\/1"}],"replies":[{"embeddable":true,"href":"https:\/\/especiales.publimetro.co\/torneo-futbol-virtual-2021\/novedades\/wp-json\/wp\/v2\/comments?post=22542"}],"version-history":[{"count":8,"href":"https:\/\/especiales.publimetro.co\/torneo-futbol-virtual-2021\/novedades\/wp-json\/wp\/v2\/pages\/22542\/revisions"}],"predecessor-version":[{"id":22550,"href":"https:\/\/especiales.publimetro.co\/torneo-futbol-virtual-2021\/novedades\/wp-json\/wp\/v2\/pages\/22542\/revisions\/22550"}],"wp:attachment":[{"href":"https:\/\/especiales.publimetro.co\/torneo-futbol-virtual-2021\/novedades\/wp-json\/wp\/v2\/media?parent=22542"}],"curies":[{"name":"wp","href":"https:\/\/api.w.org\/{rel}","templated":true}]}}