{"id":22438,"date":"2021-11-12T12:47:32","date_gmt":"2021-11-12T17:47:32","guid":{"rendered":"https:\/\/especiales.publimetro.co\/torneo-futbol-virtual-2021\/novedades\/?page_id=22438"},"modified":"2021-11-12T15:44:28","modified_gmt":"2021-11-12T20:44:28","slug":"ellos-son-los-128-elegidos-para-participar-en-el-torneo-f21-metro-cup","status":"publish","type":"page","link":"https:\/\/especiales.publimetro.co\/torneo-futbol-virtual-2021\/novedades\/ellos-son-los-128-elegidos-para-participar-en-el-torneo-f21-metro-cup\/","title":{"rendered":"Ellos son los 128 elegidos para participar en el Torneo F21 Metro Cup"},"content":{"rendered":"<p>[vc_row row_type=&#8221;row&#8221; use_row_as_full_screen_section=&#8221;no&#8221; type=&#8221;full_width&#8221; text_align=&#8221;center&#8221; background_image=&#8221;21742&#8243; background_animation=&#8221;none&#8221; css_animation=&#8221;&#8221;][vc_column parallax=&#8221;content-moving-fade&#8221; parallax_speed_bg=&#8221;3&#8243;][vc_empty_space height=&#8221;250px&#8221; el_class=&#8221;stageinner&#8221;][\/vc_column][\/vc_row][vc_row row_type=&#8221;row&#8221; use_row_as_full_screen_section=&#8221;no&#8221; type=&#8221;grid&#8221; text_align=&#8221;left&#8221; background_animation=&#8221;none&#8221; padding_top=&#8221;20px&#8221; padding_bottom=&#8221;20px&#8221; css_animation=&#8221;element_from_fade&#8221; css=&#8221;.vc_custom_1635284348856{margin-top: 20px !important;margin-bottom: 20px !important;}&#8221;][vc_column][vc_column_text]<\/p>\n<div class=\"logopatro\"><span style=\"color: #fff; float: left;\">Con el patrocinio de: <\/span>\u00a0<a href=\"https:\/\/www.usergioarboleda.edu.co\/\" target=\"_blank\" rel=\"noopener\"><img loading=\"lazy\" decoding=\"async\" class=\"alignnone wp-image-21898 size-full\" style=\"padding-left: 20px;\" src=\"https:\/\/especiales.publimetro.co\/torneo-futbol-virtual-2021\/novedades\/wp-content\/uploads\/2021\/10\/img_logo_sergio.png\" alt=\"Universidad Sergio Arboleda\" width=\"104\" height=\"57\" \/><\/a><\/div>\n<p>[\/vc_column_text][\/vc_column][\/vc_row][vc_row row_type=&#8221;row&#8221; use_row_as_full_screen_section=&#8221;no&#8221; type=&#8221;full_width&#8221; text_align=&#8221;left&#8221; background_animation=&#8221;none&#8221; css_animation=&#8221;&#8221;][vc_column][vc_row_inner row_type=&#8221;row&#8221; type=&#8221;grid&#8221; use_row_as_full_screen_section_slide=&#8221;no&#8221; text_align=&#8221;left&#8221; css_animation=&#8221;&#8221; css=&#8221;.vc_custom_1634919887617{margin-bottom: 40px !important;}&#8221;][vc_column_inner el_class=&#8221;contenidosergio&#8221; width=&#8221;5\/6&#8243; css=&#8221;.vc_custom_1635285753747{padding-top: 40px !important;padding-right: 40px !important;padding-bottom: 90px !important;padding-left: 40px !important;background-color: #ffffff !important;}&#8221;]<a href=\"javascript:history.back()\" target=\"_self\" data-hover-background-color=#003d9b data-hover-color=#cee4ff class=\"qbutton  medium qbutton_with_icon\" style=\"border-color: #ffffff; margin: 0px 0px 35px 0px; border-radius: 20px;-moz-border-radius: 20px;-webkit-border-radius: 20px; background-color: #2a5fdf;\">Volver a la p\u00e1gina de inicio<i class=\"button_icon  fa fa-arrow-left\" style=\"\"><\/i><\/a>[vc_column_text]<\/p>\n<h1>Ellos son los 128 elegidos para participar en el Torneo F21 Metro Cup<\/h1>\n<h4>Viernes 12 de noviembre de 2021 \/ 13:01<\/h4>\n<h5>Despu\u00e9s de una etapa exitosa de convocatoria en la que m\u00e1s de 500 personas se registraron, ellos son los participantes seleccionados, quienes medir\u00e1n sus habilidades en este juego hasta llegar a la fase final que se realizar\u00e1 en Bogot\u00e1 el pr\u00f3ximo 25 de noviembre de 2021.<\/h5>\n<p>[\/vc_column_text][vc_single_image image=&#8221;22442&#8243; img_size=&#8221;full&#8221; qode_css_animation=&#8221;&#8221; css=&#8221;.vc_custom_1636739598252{margin-bottom: 30px !important;}&#8221;][vc_column_text]Ahora bien, si no vives en Bogot\u00e1 y llegas a esta fase, no te preocupes, la organizaci\u00f3n te traer\u00e1 a Bogot\u00e1 para que disputes esta etapa del torneo.<\/p>\n<p><strong>Conoce aqu\u00ed a los clasificados:<\/strong><\/p>\n<table class=\"clasificainner\">\n<tbody>\n<tr>\n<td class=\"idinner\" width=\"47\"><strong>Id<\/strong><\/td>\n<td class=\"nombreinner\" width=\"&quot;416\"><strong>Nombre<\/strong><\/td>\n<\/tr>\n<tr>\n<td width=\"47\">1<\/td>\n<td width=\"416\">Nicol\u00e1s Ayala Franco<\/td>\n<\/tr>\n<tr>\n<td width=\"47\">2<\/td>\n<td width=\"416\">Juan David Jaimes Rubio<\/td>\n<\/tr>\n<tr>\n<td width=\"47\">3<\/td>\n<td width=\"416\">Kevin David Homez Pira<\/td>\n<\/tr>\n<tr>\n<td width=\"47\">4<\/td>\n<td width=\"416\">Ernesto Esmeral<\/td>\n<\/tr>\n<tr>\n<td width=\"47\">5<\/td>\n<td width=\"416\">Harold Ortega Serrano<\/td>\n<\/tr>\n<tr>\n<td width=\"47\">6<\/td>\n<td width=\"416\">Jeffrey Cardona<\/td>\n<\/tr>\n<tr>\n<td width=\"47\">7<\/td>\n<td width=\"416\">Andr\u00e9s Zambrano<\/td>\n<\/tr>\n<tr>\n<td width=\"47\">8<\/td>\n<td width=\"416\">Johan Maurico Duarte<\/td>\n<\/tr>\n<tr>\n<td width=\"47\">9<\/td>\n<td width=\"416\">David Mora<\/td>\n<\/tr>\n<tr>\n<td width=\"47\">10<\/td>\n<td width=\"416\">Smith Soler<\/td>\n<\/tr>\n<tr>\n<td width=\"47\">11<\/td>\n<td width=\"416\">Gustavo Vera G\u00f3mez<\/td>\n<\/tr>\n<tr>\n<td width=\"47\">12<\/td>\n<td width=\"416\">Danilo Alexander Pulido Torres<\/td>\n<\/tr>\n<tr>\n<td width=\"47\">13<\/td>\n<td width=\"416\">Saul Rivera<\/td>\n<\/tr>\n<tr>\n<td width=\"47\">14<\/td>\n<td width=\"416\">Iv\u00e1n Guzm\u00e1n<\/td>\n<\/tr>\n<tr>\n<td width=\"47\">15<\/td>\n<td width=\"416\">John Angarita<\/td>\n<\/tr>\n<tr>\n<td width=\"47\">16<\/td>\n<td width=\"416\">Omar Sosa Baquero<\/td>\n<\/tr>\n<tr>\n<td width=\"47\">17<\/td>\n<td width=\"416\">Juan Diego Mart\u00ednez Gutierrez<\/td>\n<\/tr>\n<tr>\n<td width=\"47\">18<\/td>\n<td width=\"416\">Isabel\u00a0 Alvarez<\/td>\n<\/tr>\n<tr>\n<td width=\"47\">19<\/td>\n<td width=\"416\">Brayan Steven Celis Sabogal<\/td>\n<\/tr>\n<tr>\n<td width=\"47\">20<\/td>\n<td width=\"416\">Cristian Cardona<\/td>\n<\/tr>\n<tr>\n<td width=\"47\">21<\/td>\n<td width=\"416\">Edgar Parra<\/td>\n<\/tr>\n<tr>\n<td width=\"47\">22<\/td>\n<td width=\"416\">Kevin Stiven Rodr\u00edguez<\/td>\n<\/tr>\n<tr>\n<td width=\"47\">23<\/td>\n<td width=\"416\">Jose Manuel Sanabria Tinjaca<\/td>\n<\/tr>\n<tr>\n<td width=\"47\">24<\/td>\n<td width=\"416\">Mauricio Sandoval P\u00e9rez<\/td>\n<\/tr>\n<tr>\n<td width=\"47\">25<\/td>\n<td width=\"416\">Julian Castro Cifuentes<\/td>\n<\/tr>\n<tr>\n<td width=\"47\">26<\/td>\n<td width=\"416\">Jairo Mazorco<\/td>\n<\/tr>\n<tr>\n<td width=\"47\">27<\/td>\n<td width=\"416\">Juan Camilo Duque Arias<\/td>\n<\/tr>\n<tr>\n<td width=\"47\">28<\/td>\n<td width=\"416\">Sebastian Caro<\/td>\n<\/tr>\n<tr>\n<td width=\"47\">29<\/td>\n<td width=\"416\">Nicol\u00e1s L\u00f3pez Vanegas<\/td>\n<\/tr>\n<tr>\n<td width=\"47\">30<\/td>\n<td width=\"416\">Sergio Ortiz<\/td>\n<\/tr>\n<tr>\n<td width=\"47\">31<\/td>\n<td width=\"416\">Juan Jos\u00e9 Rold\u00e1n Madrigal<\/td>\n<\/tr>\n<tr>\n<td width=\"47\">32<\/td>\n<td width=\"416\">Jaime Hernan Meneses Rodriguez<\/td>\n<\/tr>\n<tr>\n<td width=\"47\">33<\/td>\n<td width=\"416\">Jos\u00e9 Oviedo<\/td>\n<\/tr>\n<tr>\n<td width=\"47\">34<\/td>\n<td width=\"416\">Daniel Alejandro Alfonso Velandia<\/td>\n<\/tr>\n<tr>\n<td width=\"47\">35<\/td>\n<td width=\"416\">Dorian Javier Del Toro Cubas<\/td>\n<\/tr>\n<tr>\n<td width=\"47\">36<\/td>\n<td width=\"416\">Daniel Pardo<\/td>\n<\/tr>\n<tr>\n<td width=\"47\">37<\/td>\n<td width=\"416\">Dolcey Romero<\/td>\n<\/tr>\n<tr>\n<td width=\"47\">38<\/td>\n<td width=\"416\">Haisser Villanueva Bravo<\/td>\n<\/tr>\n<tr>\n<td width=\"47\">39<\/td>\n<td width=\"416\">Sebastian Alvarez<\/td>\n<\/tr>\n<tr>\n<td width=\"47\">40<\/td>\n<td width=\"416\">Jorge Iv\u00e1n Gonz\u00e1lez Avila<\/td>\n<\/tr>\n<tr>\n<td width=\"47\">41<\/td>\n<td width=\"416\">Jesus Mesa<\/td>\n<\/tr>\n<tr>\n<td width=\"47\">42<\/td>\n<td width=\"416\">Santiago Herrera Giraldo<\/td>\n<\/tr>\n<tr>\n<td width=\"47\">43<\/td>\n<td width=\"416\">Bryan Enrique Perez<\/td>\n<\/tr>\n<tr>\n<td width=\"47\">44<\/td>\n<td width=\"416\">Jose Alejandro Salazar<\/td>\n<\/tr>\n<tr>\n<td width=\"47\">45<\/td>\n<td width=\"416\">Sergio S\u00e1nchez<\/td>\n<\/tr>\n<tr>\n<td width=\"47\">46<\/td>\n<td width=\"416\">Juan Pablo Rairan Romero<\/td>\n<\/tr>\n<tr>\n<td width=\"47\">47<\/td>\n<td width=\"416\">David Francisco Lopez Aguilar<\/td>\n<\/tr>\n<tr>\n<td width=\"47\">48<\/td>\n<td width=\"416\">Rafael Gantiva<\/td>\n<\/tr>\n<tr>\n<td width=\"47\">49<\/td>\n<td width=\"416\">Wilinton Rendon<\/td>\n<\/tr>\n<tr>\n<td width=\"47\">50<\/td>\n<td width=\"416\">Juan Manuel Hoyos<\/td>\n<\/tr>\n<tr>\n<td width=\"47\">51<\/td>\n<td width=\"416\">Nicolas Duarte<\/td>\n<\/tr>\n<tr>\n<td width=\"47\">52<\/td>\n<td width=\"416\">Juan Ar\u00e9valo<\/td>\n<\/tr>\n<tr>\n<td width=\"47\">53<\/td>\n<td width=\"416\">Camilo Morales<\/td>\n<\/tr>\n<tr>\n<td width=\"47\">54<\/td>\n<td width=\"416\">William Figueroa<\/td>\n<\/tr>\n<tr>\n<td width=\"47\">55<\/td>\n<td width=\"416\">Jorge Andr\u00e9s Cm<\/td>\n<\/tr>\n<tr>\n<td width=\"47\">56<\/td>\n<td width=\"416\">Denith Baquero<\/td>\n<\/tr>\n<tr>\n<td width=\"47\">57<\/td>\n<td width=\"416\">Andres Escobedo<\/td>\n<\/tr>\n<tr>\n<td width=\"47\">58<\/td>\n<td width=\"416\">Sebasti\u00e1n Alzate Naranjo<\/td>\n<\/tr>\n<tr>\n<td width=\"47\">59<\/td>\n<td width=\"416\">Cristian Su\u00e1rez<\/td>\n<\/tr>\n<tr>\n<td width=\"47\">60<\/td>\n<td width=\"416\">Fabian Andr\u00e9s Cao Tibaduiza<\/td>\n<\/tr>\n<tr>\n<td width=\"47\">61<\/td>\n<td width=\"416\">Mario Dique<\/td>\n<\/tr>\n<tr>\n<td width=\"47\">62<\/td>\n<td width=\"416\">Juan Pablo Gonzalez<\/td>\n<\/tr>\n<tr>\n<td width=\"47\">63<\/td>\n<td width=\"416\">Joel Medranda<\/td>\n<\/tr>\n<tr>\n<td width=\"47\">64<\/td>\n<td width=\"416\">Carlos Andr\u00e9s Cabrera<\/td>\n<\/tr>\n<tr>\n<td width=\"47\">65<\/td>\n<td width=\"416\">Alonso Angarita<\/td>\n<\/tr>\n<tr>\n<td width=\"47\">66<\/td>\n<td width=\"416\">Sergio Araujo<\/td>\n<\/tr>\n<tr>\n<td width=\"47\">67<\/td>\n<td width=\"416\">Fabian Guete<\/td>\n<\/tr>\n<tr>\n<td width=\"47\">68<\/td>\n<td width=\"416\">Miguel Rodr\u00edguez<\/td>\n<\/tr>\n<tr>\n<td width=\"47\">69<\/td>\n<td width=\"416\">Juan Rendon<\/td>\n<\/tr>\n<tr>\n<td width=\"47\">70<\/td>\n<td width=\"416\">Santiago Pinzon<\/td>\n<\/tr>\n<tr>\n<td width=\"47\">71<\/td>\n<td width=\"416\">Kevin Rodriguez<\/td>\n<\/tr>\n<tr>\n<td width=\"47\">72<\/td>\n<td width=\"416\">Santiago Mu\u00f1oz<\/td>\n<\/tr>\n<tr>\n<td width=\"47\">73<\/td>\n<td width=\"416\">Mario Andres Rodriguez Ampudia<\/td>\n<\/tr>\n<tr>\n<td width=\"47\">74<\/td>\n<td width=\"416\">Roberto Blanco<\/td>\n<\/tr>\n<tr>\n<td width=\"47\">75<\/td>\n<td width=\"416\">Fabio Andr\u00e9s Zambrano Lozano<\/td>\n<\/tr>\n<tr>\n<td width=\"47\">76<\/td>\n<td width=\"416\">Sergio Clavijo<\/td>\n<\/tr>\n<tr>\n<td width=\"47\">77<\/td>\n<td width=\"416\">Jose Alejandro Sarmiento Mendoza<\/td>\n<\/tr>\n<tr>\n<td width=\"47\">78<\/td>\n<td width=\"416\">RA\u00daL Santiago Moreno Rinc\u00f3n<\/td>\n<\/tr>\n<tr>\n<td width=\"47\">79<\/td>\n<td width=\"416\">Santiago Navas Rodr\u00edguez<\/td>\n<\/tr>\n<tr>\n<td width=\"47\">80<\/td>\n<td width=\"416\">Sergio Ospina<\/td>\n<\/tr>\n<tr>\n<td width=\"47\">81<\/td>\n<td width=\"416\">Raquel Sofia<\/td>\n<\/tr>\n<tr>\n<td width=\"47\">82<\/td>\n<td width=\"416\">Edwin Javier Castillo Molina<\/td>\n<\/tr>\n<tr>\n<td width=\"47\">83<\/td>\n<td width=\"416\">Johan Sebasti\u00e1n Vaca Gonz\u00e1lez<\/td>\n<\/tr>\n<tr>\n<td width=\"47\">84<\/td>\n<td width=\"416\">Antonio Mart\u00ednez<\/td>\n<\/tr>\n<tr>\n<td width=\"47\">85<\/td>\n<td width=\"416\">Alberto Vidal<\/td>\n<\/tr>\n<tr>\n<td width=\"47\">86<\/td>\n<td width=\"416\">Samuel Correa<\/td>\n<\/tr>\n<tr>\n<td width=\"47\">87<\/td>\n<td width=\"416\">Jorge Andres Rodriguez Celis<\/td>\n<\/tr>\n<tr>\n<td width=\"47\">88<\/td>\n<td width=\"416\">Jose David Bolivar Correa<\/td>\n<\/tr>\n<tr>\n<td width=\"47\">89<\/td>\n<td width=\"416\">Andr\u00e9s Zambrano<\/td>\n<\/tr>\n<tr>\n<td width=\"47\">90<\/td>\n<td width=\"416\">Johnny De La Hoz<\/td>\n<\/tr>\n<tr>\n<td width=\"47\">91<\/td>\n<td width=\"416\">Daniel Vargas<\/td>\n<\/tr>\n<tr>\n<td width=\"47\">92<\/td>\n<td width=\"416\">Michael Aldana<\/td>\n<\/tr>\n<tr>\n<td width=\"47\">93<\/td>\n<td width=\"416\">Carlos Armando Barbosa<\/td>\n<\/tr>\n<tr>\n<td width=\"47\">94<\/td>\n<td width=\"416\">Orlando Peraza<\/td>\n<\/tr>\n<tr>\n<td width=\"47\">95<\/td>\n<td width=\"416\">Juan Sebasti\u00e1n Rivera<\/td>\n<\/tr>\n<tr>\n<td width=\"47\">96<\/td>\n<td width=\"416\">Estiven De Arco<\/td>\n<\/tr>\n<tr>\n<td width=\"47\">97<\/td>\n<td width=\"416\">Juan Jos\u00e9 Beron Cano<\/td>\n<\/tr>\n<tr>\n<td width=\"47\">98<\/td>\n<td width=\"416\">Andr\u00e9s Espinosa<\/td>\n<\/tr>\n<tr>\n<td width=\"47\">99<\/td>\n<td width=\"416\">Deivy Julian Rodriguez Garcia<\/td>\n<\/tr>\n<tr>\n<td width=\"47\">100<\/td>\n<td width=\"416\">Andr\u00e9s Felipe Otero Botero<\/td>\n<\/tr>\n<tr>\n<td width=\"47\">101<\/td>\n<td width=\"416\">Edgar Andr\u00e9s Mendoza Mu\u00f1oz<\/td>\n<\/tr>\n<tr>\n<td width=\"47\">102<\/td>\n<td width=\"416\">Andr\u00e9s Felipe D\u00edaz D\u00edaz<\/td>\n<\/tr>\n<tr>\n<td width=\"47\">103<\/td>\n<td width=\"416\">Johan Esteban Rinc\u00f3n Acosta<\/td>\n<\/tr>\n<tr>\n<td width=\"47\">104<\/td>\n<td width=\"416\">Chrismay Carolina Carpio Quintero<\/td>\n<\/tr>\n<tr>\n<td width=\"47\">105<\/td>\n<td width=\"416\">Andres Puchana<\/td>\n<\/tr>\n<tr>\n<td width=\"47\">106<\/td>\n<td width=\"416\">Juan Camilo Bechara<\/td>\n<\/tr>\n<tr>\n<td width=\"47\">107<\/td>\n<td width=\"416\">Camilo Anzola<\/td>\n<\/tr>\n<tr>\n<td width=\"47\">108<\/td>\n<td width=\"416\">Juan Camilo Rodriguez<\/td>\n<\/tr>\n<tr>\n<td width=\"47\">109<\/td>\n<td width=\"416\">Andr\u00e9s G\u00f3mez<\/td>\n<\/tr>\n<tr>\n<td width=\"47\">110<\/td>\n<td width=\"416\">Sebastian Sepulveda Hernandez<\/td>\n<\/tr>\n<tr>\n<td width=\"47\">111<\/td>\n<td width=\"416\">Efr\u00e9n Yesid Rojas Daza<\/td>\n<\/tr>\n<tr>\n<td width=\"47\">112<\/td>\n<td width=\"416\">David Garzon Buitrago<\/td>\n<\/tr>\n<tr>\n<td width=\"47\">113<\/td>\n<td width=\"416\">Daniel Duque<\/td>\n<\/tr>\n<tr>\n<td width=\"47\">114<\/td>\n<td width=\"416\">Jos\u00e9 Alejandro V\u00e9lez Saldarriaga<\/td>\n<\/tr>\n<tr>\n<td width=\"47\">115<\/td>\n<td width=\"416\">Juan Aristizabal<\/td>\n<\/tr>\n<tr>\n<td width=\"47\">116<\/td>\n<td width=\"416\">Andr\u00e9s Felipe Manjarres Blanco<\/td>\n<\/tr>\n<tr>\n<td width=\"47\">117<\/td>\n<td width=\"416\">Santiago Ria\u00f1o<\/td>\n<\/tr>\n<tr>\n<td width=\"47\">118<\/td>\n<td width=\"416\">Enrry Angulo<\/td>\n<\/tr>\n<tr>\n<td width=\"47\">119<\/td>\n<td width=\"416\">Juan Daniel Gaviria Salazar<\/td>\n<\/tr>\n<tr>\n<td width=\"47\">120<\/td>\n<td width=\"416\">Johan Lopez<\/td>\n<\/tr>\n<tr>\n<td width=\"47\">121<\/td>\n<td width=\"416\">William Pineda<\/td>\n<\/tr>\n<tr>\n<td width=\"47\">122<\/td>\n<td width=\"416\">Daniel Mauricio Camargo G\u00f3mez<\/td>\n<\/tr>\n<tr>\n<td width=\"47\">123<\/td>\n<td width=\"416\">Christian Camilo Ortiz Mazuera<\/td>\n<\/tr>\n<tr>\n<td width=\"47\">124<\/td>\n<td width=\"416\">Jersson Lobon<\/td>\n<\/tr>\n<tr>\n<td width=\"47\">125<\/td>\n<td width=\"416\">Andr\u00e9s Vega<\/td>\n<\/tr>\n<tr>\n<td width=\"47\">126<\/td>\n<td width=\"416\">Sebastian Salgado<\/td>\n<\/tr>\n<tr>\n<td width=\"47\">127<\/td>\n<td width=\"416\">Camilo Mu\u00f1oz Fonseca<\/td>\n<\/tr>\n<tr>\n<td width=\"47\">128<\/td>\n<td width=\"416\">Leandro Sterling<\/td>\n<\/tr>\n<\/tbody>\n<\/table>\n<p>&nbsp;<\/p>\n<p>Es necesario que est\u00e9s pendiente porque a tu correo o al n\u00famero que registraste te llegar\u00e1 un mensaje de confirmaci\u00f3n para que completes tu registro y este sea exitoso.<\/p>\n<p>En caso dado de que alguno de los participantes no pueda competir, la organizaci\u00f3n contactar\u00e1 a las personas que est\u00e9n en lista de espera para que puedan ocupar su lugar.<\/p>\n<p><strong>\u00a1Gracias por participar y que el mejor se lleve a casa el PS5!<\/strong>[\/vc_column_text][\/vc_column_inner][vc_column_inner el_class=&#8221;pautadesktop&#8221; width=&#8221;1\/6&#8243;][vc_single_image image=&#8221;22150&#8243; img_size=&#8221;full&#8221; alignment=&#8221;center&#8221; style=&#8221;vc_box_shadow_3d&#8221; onclick=&#8221;custom_link&#8221; qode_css_animation=&#8221;&#8221; link=&#8221;https:\/\/especiales.publimetro.co\/torneo-futbol-virtual-2021\/&#8221;][\/vc_column_inner][\/vc_row_inner][\/vc_column][\/vc_row][vc_row row_type=&#8221;row&#8221; use_row_as_full_screen_section=&#8221;no&#8221; type=&#8221;full_width&#8221; text_align=&#8221;left&#8221; background_animation=&#8221;none&#8221; css_animation=&#8221;&#8221; el_class=&#8221;pautamobile&#8221;][vc_column][vc_single_image image=&#8221;22152&#8243; img_size=&#8221;full&#8221; alignment=&#8221;center&#8221; style=&#8221;vc_box_shadow_3d&#8221; onclick=&#8221;custom_link&#8221; qode_css_animation=&#8221;&#8221; link=&#8221;https:\/\/especiales.publimetro.co\/torneo-futbol-virtual-2021\/&#8221;][\/vc_column][\/vc_row][vc_row rtl_reverse=&#8221;yes&#8221; row_type=&#8221;row&#8221; use_row_as_full_screen_section=&#8221;no&#8221; type=&#8221;full_width&#8221; text_align=&#8221;center&#8221; background_animation=&#8221;none&#8221; side_padding=&#8221;0&#8243; padding_top=&#8221;0&#8243; padding_bottom=&#8221;0&#8243; css_animation=&#8221;&#8221;][vc_column][vc_raw_html]JTNDZGl2JTIwc3R5bGUlM0QlMjJjb2xvciUzQSUyM2ZmZiUzQiUyMHRleHQtYWxpZ24lM0ElMjBjZW50ZXIlM0IlM0IlMjBtYXgtd2lkdGglM0ElMjAxMDAlMjUlM0IlMjB3aWR0aCUzQSUyMDEwMCUyNSUzQiUyMGhlaWdodCUzQSUyMGF1dG8lM0IlMjBkaXNwbGF5JTNBJTIwaW5saW5lLWJsb2NrJTNCJTIyJTNFQ29uJTIwZWwlMjBwYXRyb2NpbmlvJTIwZGUlM0ElM0MlMkZkaXYlM0UlMEElM0NkaXYlMjBjbGFzcyUzRCUyMmxvZ29zZGVza3RvcCUyMiUzRSUwQSUzQ3VsJTNFJTBBJTNDbGklM0UlM0NhJTIwaHJlZiUzRCUyMmh0dHBzJTNBJTJGJTJGZW5lcmdpemVyLmxhdCUyRkNvbG9tYmlhJTJGJTIyJTIwdGFyZ2V0JTNEJTIyX2JsYW5rJTIyJTNFJTNDaW1nJTIwc3JjJTNEJTIyaHR0cHMlM0ElMkYlMkZlc3BlY2lhbGVzLnB1YmxpbWV0cm8uY28lMkZ0b3JuZW8tZnV0Ym9sLXZpcnR1YWwtMjAyMSUyRl8lMkZpbWFnZXMlMkZlbmVyZ2l6ZXIucG5nJTIyJTNFJTNDJTJGYSUzRSUzQyUyRmxpJTNFJTBBJTNDbGklM0UlM0NhJTIwaHJlZiUzRCUyMmh0dHBzJTNBJTJGJTJGY29vbWV2YS5tZWRpY2luYS1wcmVwYWdhZGEuY29tJTJGJTIyJTIwdGFyZ2V0JTNEJTIyX2JsYW5rJTIyJTNFJTNDaW1nJTIwc3JjJTNEJTIyaHR0cHMlM0ElMkYlMkZlc3BlY2lhbGVzLnB1YmxpbWV0cm8uY28lMkZ0b3JuZW8tZnV0Ym9sLXZpcnR1YWwtMjAyMSUyRl8lMkZpbWFnZXMlMkZjb29tZXZhLnBuZyUyMiUzRSUzQyUyRmElM0UlM0MlMkZsaSUzRSUwQSUzQ2xpJTNFJTNDYSUyMGhyZWYlM0QlMjJodHRwcyUzQSUyRiUyRnd3dy51c2VyZ2lvYXJib2xlZGEuZWR1LmNvJTJGJTIyJTIwdGFyZ2V0JTNEJTIyX2JsYW5rJTIyJTNFJTNDaW1nJTIwc3JjJTNEJTIyaHR0cHMlM0ElMkYlMkZlc3BlY2lhbGVzLnB1YmxpbWV0cm8uY28lMkZ0b3JuZW8tZnV0Ym9sLXZpcnR1YWwtMjAyMSUyRl8lMkZpbWFnZXMlMkZhcmJvbGVkYS5wbmclMjIlM0UlM0MlMkZhJTNFJTNDJTJGbGklM0UlMEElM0MlMkZ1bCUzRSUwQSUzQyUyRmRpdiUzRSUwQSUwQSUzQ2RpdiUyMGNsYXNzJTNEJTIybG9nb3Ntb2JpbGUlMjIlM0UlMEElM0N1bCUzRSUwQSUzQ2xpJTNFJTNDYSUyMGhyZWYlM0QlMjJodHRwcyUzQSUyRiUyRmVuZXJnaXplci5sYXQlMkZDb2xvbWJpYSUyRiUyMiUyMHRhcmdldCUzRCUyMl9ibGFuayUyMiUzRSUzQ2ltZyUyMHNyYyUzRCUyMmh0dHBzJTNBJTJGJTJGZXNwZWNpYWxlcy5wdWJsaW1ldHJvLmNvJTJGdG9ybmVvLWZ1dGJvbC12aXJ0dWFsLTIwMjElMkZfJTJGaW1hZ2VzJTJGZW5lcmdpemVyX21vYmlsZS5qcGclMjIlM0UlM0MlMkZhJTNFJTNDJTJGbGklM0UlMEElM0NsaSUzRSUzQ2ElMjBocmVmJTNEJTIyaHR0cHMlM0ElMkYlMkZjb29tZXZhLm1lZGljaW5hLXByZXBhZ2FkYS5jb20lMkYlMjIlMjB0YXJnZXQlM0QlMjJfYmxhbmslMjIlM0UlM0NpbWclMjBzcmMlM0QlMjJodHRwcyUzQSUyRiUyRmVzcGVjaWFsZXMucHVibGltZXRyby5jbyUyRnRvcm5lby1mdXRib2wtdmlydHVhbC0yMDIxJTJGXyUyRmltYWdlcyUyRmNvb21ldmFfbW9iaWxlLmpwZyUyMiUzRSUzQyUyRmElM0UlM0MlMkZsaSUzRSUwQSUzQ2xpJTNFJTNDYSUyMGhyZWYlM0QlMjJodHRwcyUzQSUyRiUyRnd3dy51c2VyZ2lvYXJib2xlZGEuZWR1LmNvJTJGJTIyJTIwdGFyZ2V0JTNEJTIyX2JsYW5rJTIyJTNFJTNDaW1nJTIwc3JjJTNEJTIyaHR0cHMlM0ElMkYlMkZlc3BlY2lhbGVzLnB1YmxpbWV0cm8uY28lMkZ0b3JuZW8tZnV0Ym9sLXZpcnR1YWwtMjAyMSUyRl8lMkZpbWFnZXMlMkZhcmJvbGVkYV9tb2JpbGUuanBnJTIyJTNFJTNDJTJGYSUzRSUzQyUyRmxpJTNFJTBBJTNDJTJGdWwlM0UlMEElM0MlMkZkaXYlM0UlMEE=[\/vc_raw_html][\/vc_column][\/vc_row][vc_row row_type=&#8221;row&#8221; use_row_as_full_screen_section=&#8221;no&#8221; type=&#8221;full_width&#8221; text_align=&#8221;left&#8221; background_animation=&#8221;none&#8221; padding_top=&#8221;65px&#8221; padding_bottom=&#8221;65px&#8221; css_animation=&#8221;element_from_bottom&#8221; el_class=&#8221;bottomall&#8221; background_color=&#8221;#33692f&#8221;][vc_column][vc_row_inner row_type=&#8221;row&#8221; type=&#8221;grid&#8221; use_row_as_full_screen_section_slide=&#8221;no&#8221; text_align=&#8221;left&#8221; padding_top=&#8221;65&#8243; padding_bottom=&#8221;65&#8243; css_animation=&#8221;&#8221; el_class=&#8221;bottommiddle&#8221;][vc_column_inner width=&#8221;1\/4&#8243;][vc_single_image image=&#8221;21481&#8243; img_size=&#8221;full&#8221; alignment=&#8221;center&#8221; qode_css_animation=&#8221;&#8221;][\/vc_column_inner][vc_column_inner width=&#8221;1\/4&#8243;][vc_column_text]<\/p>\n<h3>Metro en el mundo<\/h3>\n<p>[\/vc_column_text][qode_elements_holder number_of_columns=&#8221;two_columns&#8221;][qode_elements_holder_item item_padding=&#8221;10px 0 0 0&#8243;][vc_column_text]<a href=\"https:\/\/www.publimetro.cl\/cl\/\" target=\"_blank\" rel=\"noopener\">Chile<\/a><br \/>\n<a href=\"https:\/\/www.publimetro.co\/co\/\" target=\"_blank\" rel=\"noopener\">Colombia<\/a><br \/>\n<a href=\"https:\/\/www.metroecuador.com.ec\/ec\/\" target=\"_blank\" rel=\"noopener\">Ecuador<\/a><br \/>\n<a href=\"https:\/\/www.publinews.gt\/gt\/\" target=\"_blank\" rel=\"noopener\">Guatemala<\/a>[\/vc_column_text][\/qode_elements_holder_item][qode_elements_holder_item item_padding=&#8221;10px 0 0 0&#8243;][vc_column_text]<a href=\"https:\/\/www.publimetro.com.mx\/mx\/\">M\u00e9xico<\/a><br \/>\n<a href=\"https:\/\/www.metro.pr\/pr\/\">Puerto Rico<\/a><br \/>\n<a href=\"https:\/\/www.metroworldnews.com.br\/\">Brasil<\/a><br \/>\n<a style=\"visibility: hidden;\" href=\"#\">none<\/a>[\/vc_column_text][\/qode_elements_holder_item][\/qode_elements_holder][\/vc_column_inner][vc_column_inner width=&#8221;1\/4&#8243;][vc_column_text]<\/p>\n<h3>Nosotros<\/h3>\n<p><a href=\"https:\/\/www.publimetro.co\/directorio\/\" target=\"_blank\" rel=\"noopener\">Directorio<\/a><br \/>\n<a href=\"https:\/\/www.publimetro.co\/contacto\/\" target=\"_blank\" rel=\"noopener\">Contacto<\/a>[\/vc_column_text][vc_empty_space][vc_column_text]<\/p>\n<h3>Legal<\/h3>\n<p><a href=\"https:\/\/www.publimetro.co\/terminos-y-condiciones\/\" target=\"_blank\" rel=\"noopener\">T\u00e9rminos y condiciones<\/a><br \/>\n<a href=\"https:\/\/www.publimetro.co\/aviso-de-privacidad\/\" target=\"_blank\" rel=\"noopener\">Aviso Legal<\/a>[\/vc_column_text][\/vc_column_inner][vc_column_inner width=&#8221;1\/4&#8243;][vc_single_image image=&#8221;21482&#8243; img_size=&#8221;full&#8221; alignment=&#8221;center&#8221; qode_css_animation=&#8221;&#8221;][vc_column_text]Conectamos a millones de personas a trav\u00e9s de historias sobre entretenimiento y noticias globales. 18 pa\u00edses, 60 ciudades, 8 idiomas Somos Metro World News Company.[\/vc_column_text][\/vc_column_inner][\/vc_row_inner][\/vc_column][\/vc_row][vc_row row_type=&#8221;row&#8221; use_row_as_full_screen_section=&#8221;no&#8221; type=&#8221;full_width&#8221; text_align=&#8221;center&#8221; background_animation=&#8221;none&#8221; padding_top=&#8221;15&#8243; padding_bottom=&#8221;15&#8243; css_animation=&#8221;&#8221; css=&#8221;.vc_custom_1619634111338{background-color: #0a6534 !important;}&#8221; el_class=&#8221;lastfooter&#8221;][vc_column][vc_column_text]Copyright\u00a9\u00a02021\u00a0METRO WORLD NEWS[\/vc_column_text][\/vc_column][\/vc_row]<\/p>\n","protected":false},"excerpt":{"rendered":"<p>[vc_row row_type=&#8221;row&#8221; use_row_as_full_screen_section=&#8221;no&#8221; type=&#8221;full_width&#8221; text_align=&#8221;center&#8221; background_image=&#8221;21742&#8243; background_animation=&#8221;none&#8221; css_animation=&#8221;&#8221;][vc_column parallax=&#8221;content-moving-fade&#8221; parallax_speed_bg=&#8221;3&#8243;][vc_empty_space height=&#8221;250px&#8221; el_class=&#8221;stageinner&#8221;][\/vc_column][\/vc_row][vc_row row_type=&#8221;row&#8221; use_row_as_full_screen_section=&#8221;no&#8221; type=&#8221;grid&#8221; text_align=&#8221;left&#8221; background_animation=&#8221;none&#8221; padding_top=&#8221;20px&#8221; padding_bottom=&#8221;20px&#8221; css_animation=&#8221;element_from_fade&#8221; css=&#8221;.vc_custom_1635284348856{margin-top: 20px !important;margin-bottom: 20px !important;}&#8221;][vc_column][vc_column_text] Con el patrocinio de: \u00a0 [\/vc_column_text][\/vc_column][\/vc_row][vc_row row_type=&#8221;row&#8221; use_row_as_full_screen_section=&#8221;no&#8221; type=&#8221;full_width&#8221; text_align=&#8221;left&#8221; background_animation=&#8221;none&#8221; css_animation=&#8221;&#8221;][vc_column][vc_row_inner row_type=&#8221;row&#8221; type=&#8221;grid&#8221; use_row_as_full_screen_section_slide=&#8221;no&#8221; text_align=&#8221;left&#8221; css_animation=&#8221;&#8221; css=&#8221;.vc_custom_1634919887617{margin-bottom: 40px !important;}&#8221;][vc_column_inner&#8230;<\/p>\n","protected":false},"author":1,"featured_media":0,"parent":0,"menu_order":0,"comment_status":"open","ping_status":"open","template":"full_width.php","meta":{"footnotes":""},"class_list":["post-22438","page","type-page","status-publish","hentry"],"_links":{"self":[{"href":"https:\/\/especiales.publimetro.co\/torneo-futbol-virtual-2021\/novedades\/wp-json\/wp\/v2\/pages\/22438","targetHints":{"allow":["GET"]}}],"collection":[{"href":"https:\/\/especiales.publimetro.co\/torneo-futbol-virtual-2021\/novedades\/wp-json\/wp\/v2\/pages"}],"about":[{"href":"https:\/\/especiales.publimetro.co\/torneo-futbol-virtual-2021\/novedades\/wp-json\/wp\/v2\/types\/page"}],"author":[{"embeddable":true,"href":"https:\/\/especiales.publimetro.co\/torneo-futbol-virtual-2021\/novedades\/wp-json\/wp\/v2\/users\/1"}],"replies":[{"embeddable":true,"href":"https:\/\/especiales.publimetro.co\/torneo-futbol-virtual-2021\/novedades\/wp-json\/wp\/v2\/comments?post=22438"}],"version-history":[{"count":6,"href":"https:\/\/especiales.publimetro.co\/torneo-futbol-virtual-2021\/novedades\/wp-json\/wp\/v2\/pages\/22438\/revisions"}],"predecessor-version":[{"id":22453,"href":"https:\/\/especiales.publimetro.co\/torneo-futbol-virtual-2021\/novedades\/wp-json\/wp\/v2\/pages\/22438\/revisions\/22453"}],"wp:attachment":[{"href":"https:\/\/especiales.publimetro.co\/torneo-futbol-virtual-2021\/novedades\/wp-json\/wp\/v2\/media?parent=22438"}],"curies":[{"name":"wp","href":"https:\/\/api.w.org\/{rel}","templated":true}]}}