{"id":11,"date":"2016-03-02T13:14:09","date_gmt":"2016-03-02T13:14:09","guid":{"rendered":"http:\/\/stockholm3.select-themes.com\/?page_id=4"},"modified":"2023-08-30T13:52:57","modified_gmt":"2023-08-30T18:52:57","slug":"home-main","status":"publish","type":"page","link":"https:\/\/especiales.publimetro.co\/secretaria-gobierno-bogota\/","title":{"rendered":"Home Main"},"content":{"rendered":"<p>[vc_row row_type=&#8221;row&#8221; use_row_as_full_screen_section=&#8221;no&#8221; type=&#8221;full_width&#8221; anchor=&#8221;bogotalocal&#8221; text_align=&#8221;right&#8221; background_animation=&#8221;none&#8221; css_animation=&#8221;&#8221; css=&#8221;.vc_custom_1687970522472{padding-top: 9.3% !important;padding-bottom: 9.3% !important;background-image: url(http:\/\/stockholm3.select-themes.com\/wp-content\/uploads\/2017\/07\/apps.jpg?id=346) !important;background-position: center !important;background-repeat: no-repeat !important;background-size: cover !important;}&#8221; background_color=&#8221;#f00f4e&#8221; el_id=&#8221;bogotalocal&#8221;][vc_column][vc_raw_html]JTNDaW1nJTIwc3JjJTNEJTIyaHR0cHMlM0ElMkYlMkZlc3BlY2lhbGVzLnB1YmxpbWV0cm8uY28lMkZzZWNyZXRhcmlhLWdvYmllcm5vLWJvZ290YSUyRndwLWNvbnRlbnQlMkZ1cGxvYWRzJTJGMjAyMyUyRjA2JTJGZWxlbWVudG9fMTQucG5nJTIyJTIwYWx0JTNEJTIyJTIyJTIwY2xhc3MlM0QlMjJlbGVtZW50bzE0JTIyJTNF[\/vc_raw_html][vc_raw_html]JTNDaW1nJTIwc3JjJTNEJTIyaHR0cHMlM0ElMkYlMkZlc3BlY2lhbGVzLnB1YmxpbWV0cm8uY28lMkZzZWNyZXRhcmlhLWdvYmllcm5vLWJvZ290YSUyRndwLWNvbnRlbnQlMkZ1cGxvYWRzJTJGMjAyMyUyRjA2JTJGZWxlbWVudG9fMDEucG5nJTIyJTIwYWx0JTNEJTIyJTIyJTIwY2xhc3MlM0QlMjJlbGVtZW50bzAxJTIyJTNF[\/vc_raw_html][vc_row_inner row_type=&#8221;row&#8221; type=&#8221;grid&#8221; use_row_as_full_screen_section_slide=&#8221;no&#8221; text_align=&#8221;right&#8221; css_animation=&#8221;element_from_top&#8221; el_class=&#8221;bogotalocal&#8221;][vc_column_inner width=&#8221;2\/3&#8243;][vc_single_image image=&#8221;364&#8243; img_size=&#8221;full&#8221; qode_css_animation=&#8221;&#8221; el_class=&#8221;mostrarmobile&#8221;][vc_column_text]<\/p>\n<h2>Ahora m\u00e1s que nunca, hay una necesidad de apoyar la <strong>econom\u00eda popular, emprendimientos, a los agentes culturales y las microempresas.<\/strong><\/h2>\n<p>Bogot\u00e1 Local quiere a partir de las ideas de j\u00f3venes, mujeres, artistas y emprendedores, seguir reactivando la econom\u00eda de la ciudad. Para eso, esta estrategia cuenta con los programas de Microempresa, Impulso y Cultura Local.[\/vc_column_text][vc_column_text]<\/p>\n<ul class=\"listahorizontal\">\n<li><a href=\"https:\/\/especiales.publimetro.co\/bogota-local\/\" target=\"_blank\" rel=\"noopener\"><img loading=\"lazy\" decoding=\"async\" class=\"sombrabox alignnone size-full wp-image-620\" src=\"https:\/\/especiales.publimetro.co\/secretaria-gobierno-bogota\/wp-content\/uploads\/2023\/06\/img_but_01a-1.jpg\" alt=\"Bogot\u00e1\" width=\"280\" height=\"130\" \/><\/a><\/li>\n<\/ul>\n<p>[\/vc_column_text][\/vc_column_inner][vc_column_inner width=&#8221;1\/3&#8243;][vc_single_image image=&#8221;364&#8243; img_size=&#8221;full&#8221; qode_css_animation=&#8221;&#8221; el_class=&#8221;mostrarescritorio&#8221;][\/vc_column_inner][\/vc_row_inner][\/vc_column][\/vc_row][vc_row row_type=&#8221;row&#8221; use_row_as_full_screen_section=&#8221;no&#8221; type=&#8221;full_width&#8221; anchor=&#8221;infraestructura&#8221; text_align=&#8221;center&#8221; background_animation=&#8221;none&#8221; css_animation=&#8221;&#8221; css=&#8221;.vc_custom_1687900618225{background-image: url(http:\/\/stockholm3.select-themes.com\/wp-content\/uploads\/2017\/07\/apps.jpg?id=346) !important;background-position: center !important;background-repeat: no-repeat !important;background-size: cover !important;}&#8221; background_color=&#8221;#83d9e0&#8243;][vc_column][vc_raw_html]JTNDaW1nJTIwc3JjJTNEJTIyaHR0cHMlM0ElMkYlMkZlc3BlY2lhbGVzLnB1YmxpbWV0cm8uY28lMkZzZWNyZXRhcmlhLWdvYmllcm5vLWJvZ290YSUyRndwLWNvbnRlbnQlMkZ1cGxvYWRzJTJGMjAyMyUyRjA2JTJGZWxlbWVudG9fMDUucG5nJTIyJTIwYWx0JTNEJTIyJTIyJTIwY2xhc3MlM0QlMjJlbGVtZW50bzA1JTIyJTNF[\/vc_raw_html][vc_raw_html]JTNDaW1nJTIwc3JjJTNEJTIyaHR0cHMlM0ElMkYlMkZlc3BlY2lhbGVzLnB1YmxpbWV0cm8uY28lMkZzZWNyZXRhcmlhLWdvYmllcm5vLWJvZ290YSUyRndwLWNvbnRlbnQlMkZ1cGxvYWRzJTJGMjAyMyUyRjA2JTJGaW1nX2dydWEucG5nJTIyJTIwYWx0JTNEJTIyJTIyJTIwY2xhc3MlM0QlMjJlbGVtZW50bzAyJTIyJTNF[\/vc_raw_html][vc_raw_html]JTNDaW1nJTIwc3JjJTNEJTIyaHR0cHMlM0ElMkYlMkZlc3BlY2lhbGVzLnB1YmxpbWV0cm8uY28lMkZzZWNyZXRhcmlhLWdvYmllcm5vLWJvZ290YSUyRndwLWNvbnRlbnQlMkZ1cGxvYWRzJTJGMjAyMyUyRjA2JTJGZWxlbWVudG9fMDcucG5nJTIyJTIwYWx0JTNEJTIyJTIyJTIwY2xhc3MlM0QlMjJlbGVtZW50bzA3JTIyJTNF[\/vc_raw_html][vc_row_inner row_type=&#8221;row&#8221; type=&#8221;grid&#8221; use_row_as_full_screen_section_slide=&#8221;no&#8221; text_align=&#8221;center&#8221; css_animation=&#8221;element_from_top&#8221; el_class=&#8221;infraestructura&#8221; css=&#8221;.vc_custom_1687977353178{padding-top: 9.3% !important;padding-bottom: 9.3% !important;}&#8221; el_id=&#8221;fondocirculo&#8221;][vc_column_inner width=&#8221;1\/4&#8243;][vc_single_image image=&#8221;406&#8243; img_size=&#8221;full&#8221; alignment=&#8221;center&#8221; qode_css_animation=&#8221;&#8221; el_class=&#8221;imagencono&#8221;][\/vc_column_inner][vc_column_inner width=&#8221;1\/2&#8243;][vc_single_image image=&#8221;395&#8243; img_size=&#8221;full&#8221; alignment=&#8221;center&#8221; qode_css_animation=&#8221;&#8221;][vc_column_text]Con una idea en mente: hacer que las obras sucedan, las Alcald\u00edas Locales a trav\u00e9s de sus <strong>Fondos de Desarrollo Local<\/strong>, hacen realidad las demandas y necesidades de los barrios y as\u00ed cumplirle a la ciudad. En cuatro a\u00f1os de administraci\u00f3n, se lograr\u00e1n m\u00e1s de <strong>2000 obras<\/strong>, esas que transforman los espacios y las vidas de los ciudadanos.[\/vc_column_text][vc_column_text]<\/p>\n<ul class=\"listahorizontal listainfraestructura\">\n<li><a href=\"https:\/\/especiales.publimetro.co\/secretaria-gobierno-bogota\/#popmake-846\" rel=\"noopener\"><img loading=\"lazy\" decoding=\"async\" class=\"sombrabox alignnone size-full wp-image-834\" src=\"https:\/\/especiales.publimetro.co\/secretaria-gobierno-bogota\/wp-content\/uploads\/2023\/06\/img_but_infraestructura_activo.jpg\" alt=\"Bogot\u00e1\" width=\"279\" height=\"130\" \/><\/a><\/li>\n<li><a href=\"https:\/\/especiales.publimetro.co\/secretaria-gobierno-bogota\/wp-content\/uploads\/2023\/06\/cifras_infraestructura.pdf\" target=\"_blank\" rel=\"noopener\"><img loading=\"lazy\" decoding=\"async\" class=\"sombrabox alignnone size-full wp-image-623\" src=\"https:\/\/especiales.publimetro.co\/secretaria-gobierno-bogota\/wp-content\/uploads\/2023\/06\/img_but_02a_01.jpg\" alt=\"Bogot\u00e1\" width=\"280\" height=\"130\" \/><\/a><\/li>\n<\/ul>\n<p>[\/vc_column_text][\/vc_column_inner][vc_column_inner width=&#8221;1\/4&#8243;][\/vc_column_inner][\/vc_row_inner][\/vc_column][\/vc_row][vc_row row_type=&#8221;row&#8221; use_row_as_full_screen_section=&#8221;no&#8221; type=&#8221;full_width&#8221; anchor=&#8221;parceros&#8221; text_align=&#8221;right&#8221; background_image=&#8221;426&#8243; background_animation=&#8221;none&#8221; css_animation=&#8221;&#8221; css=&#8221;.vc_custom_1687900017775{padding-top: 2.5% !important;padding-bottom: 2.5% !important;background-image: url(http:\/\/stockholm3.select-themes.com\/wp-content\/uploads\/2017\/07\/apps.jpg?id=346) !important;background-position: center !important;background-repeat: no-repeat !important;background-size: cover !important;}&#8221; el_id=&#8221;fondoparceros&#8221;][vc_column][vc_raw_html]JTNDaW1nJTIwc3JjJTNEJTIyaHR0cHMlM0ElMkYlMkZlc3BlY2lhbGVzLnB1YmxpbWV0cm8uY28lMkZzZWNyZXRhcmlhLWdvYmllcm5vLWJvZ290YSUyRndwLWNvbnRlbnQlMkZ1cGxvYWRzJTJGMjAyMyUyRjA2JTJGZWxlbWVudG9fMDMucG5nJTIyJTIwYWx0JTNEJTIyJTIyJTIwY2xhc3MlM0QlMjJlbGVtZW50bzAzJTIyJTNF[\/vc_raw_html][vc_raw_html]JTNDaW1nJTIwc3JjJTNEJTIyaHR0cHMlM0ElMkYlMkZlc3BlY2lhbGVzLnB1YmxpbWV0cm8uY28lMkZzZWNyZXRhcmlhLWdvYmllcm5vLWJvZ290YSUyRndwLWNvbnRlbnQlMkZ1cGxvYWRzJTJGMjAyMyUyRjA2JTJGZWxlbWVudG9fMDQucG5nJTIyJTIwYWx0JTNEJTIyJTIyJTIwY2xhc3MlM0QlMjJlbGVtZW50bzA0JTIyJTNF[\/vc_raw_html][vc_row_inner rtl_reverse=&#8221;yes&#8221; row_type=&#8221;row&#8221; type=&#8221;grid&#8221; use_row_as_full_screen_section_slide=&#8221;no&#8221; text_align=&#8221;left&#8221; css_animation=&#8221;element_from_top&#8221; el_class=&#8221;bogotalocal&#8221; css=&#8221;.vc_custom_1687977370096{padding-top: 2.5% !important;}&#8221;][vc_column_inner width=&#8221;1\/2&#8243;][vc_single_image image=&#8221;417&#8243; img_size=&#8221;full&#8221; qode_css_animation=&#8221;&#8221; el_class=&#8221;imagencono&#8221;][\/vc_column_inner][vc_column_inner width=&#8221;1\/2&#8243; css=&#8221;.vc_custom_1687902299884{padding-top: 2.5% !important;}&#8221;][vc_single_image image=&#8221;420&#8243; img_size=&#8221;full&#8221; qode_css_animation=&#8221;&#8221; css=&#8221;.vc_custom_1687902405728{margin-bottom: 20px !important;}&#8221;][vc_column_text]<\/p>\n<h2><strong>\u00a1Bogot\u00e1 se transforma<\/strong> con oportunidades<br \/>\npara los j\u00f3venes!<\/h2>\n<p>Por eso <strong>Parceros<\/strong> es el programa que le cambia la vida de los <strong>j\u00f3venes y sus familias<\/strong> con opciones de formaci\u00f3n, cuidado, educaci\u00f3n y empleo para<br \/>\ndirigir su vida y futuro.[\/vc_column_text][vc_column_text]<\/p>\n<ul class=\"listavertical listaparceros\">\n<li><a href=\"https:\/\/especiales.publimetro.co\/secretaria-gobierno-bogota\/wp-content\/uploads\/2023\/08\/info_sria_gobierno.pdf\" target=\"_blank\" rel=\"noopener\"><img loading=\"lazy\" decoding=\"async\" class=\"alignnone sombrabox wp-image-915 size-full\" src=\"https:\/\/especiales.publimetro.co\/secretaria-gobierno-bogota\/wp-content\/uploads\/2023\/08\/img_but_parceros_bta_cifras.jpg\" alt=\"Bogot\u00e1\" width=\"280\" height=\"130\" \/><\/a><\/li>\n<li><a href=\"https:\/\/especiales.publimetro.co\/secretaria-gobierno-bogota\/#popmake-921\"><img loading=\"lazy\" decoding=\"async\" class=\"alignnone sombrabox wp-image-914 size-full\" src=\"https:\/\/especiales.publimetro.co\/secretaria-gobierno-bogota\/wp-content\/uploads\/2023\/08\/img_but_beneficia_parceros.jpg\" alt=\"Bogot\u00e1\" width=\"280\" height=\"130\" \/><\/a><\/li>\n<\/ul>\n<p>[\/vc_column_text][\/vc_column_inner][\/vc_row_inner][\/vc_column][\/vc_row][vc_row row_type=&#8221;row&#8221; use_row_as_full_screen_section=&#8221;no&#8221; type=&#8221;full_width&#8221; anchor=&#8221;dialogo&#8221; text_align=&#8221;left&#8221; background_animation=&#8221;none&#8221; css_animation=&#8221;&#8221; css=&#8221;.vc_custom_1687902094165{background-image: url(http:\/\/stockholm3.select-themes.com\/wp-content\/uploads\/2017\/07\/apps.jpg?id=346) !important;background-position: center !important;background-repeat: no-repeat !important;background-size: cover !important;}&#8221; background_color=&#8221;#7f2f90&#8243;][vc_column][vc_raw_html]JTNDaW1nJTIwc3JjJTNEJTIyaHR0cHMlM0ElMkYlMkZlc3BlY2lhbGVzLnB1YmxpbWV0cm8uY28lMkZzZWNyZXRhcmlhLWdvYmllcm5vLWJvZ290YSUyRndwLWNvbnRlbnQlMkZ1cGxvYWRzJTJGMjAyMyUyRjA2JTJGZWxlbWVudG9fMDgucG5nJTIyJTIwYWx0JTNEJTIyJTIyJTIwY2xhc3MlM0QlMjJlbGVtZW50bzA4JTIyJTNF[\/vc_raw_html][vc_row_inner rtl_reverse=&#8221;yes&#8221; row_type=&#8221;row&#8221; type=&#8221;grid&#8221; use_row_as_full_screen_section_slide=&#8221;no&#8221; text_align=&#8221;right&#8221; css_animation=&#8221;element_from_top&#8221; el_class=&#8221;bogotalocal&#8221; css=&#8221;.vc_custom_1687977379510{padding-top: 2.5% !important;padding-bottom: 2.5% !important;}&#8221;][vc_column_inner width=&#8221;1\/4&#8243;][vc_single_image image=&#8221;463&#8243; img_size=&#8221;full&#8221; qode_css_animation=&#8221;&#8221;][\/vc_column_inner][vc_column_inner width=&#8221;3\/4&#8243;][vc_column_text]<\/p>\n<h2><strong>Todos podemos participar en lo que sucede en Bogot\u00e1<\/strong><\/h2>\n<p>Es por eso que se ha creado la red de Gestores de Di\u00e1logo y Convivencia que ayudan a atender las diferentes manifestaciones que se dan en la ciudad. Conciliar es una de sus labores m\u00e1s importantes y uno de sus valiosos aportes[\/vc_column_text][vc_column_text]<\/p>\n<ul class=\"listahorizontal\">\n<li><img loading=\"lazy\" decoding=\"async\" class=\"alignnone size-full wp-image-612\" src=\"https:\/\/especiales.publimetro.co\/secretaria-gobierno-bogota\/wp-content\/uploads\/2023\/06\/img_but_04b.jpg\" alt=\"Bogot\u00e1\" width=\"280\" height=\"130\" \/><\/li>\n<li><img loading=\"lazy\" decoding=\"async\" class=\"alignnone size-full wp-image-617\" src=\"https:\/\/especiales.publimetro.co\/secretaria-gobierno-bogota\/wp-content\/uploads\/2023\/06\/img_but_04a_01.jpg\" alt=\"Bogot\u00e1\" width=\"280\" height=\"130\" \/><\/li>\n<\/ul>\n<p>[\/vc_column_text][\/vc_column_inner][\/vc_row_inner][\/vc_column][\/vc_row][vc_row row_type=&#8221;parallax&#8221; anchor=&#8221;juntoscuidamos&#8221; text_align=&#8221;right&#8221; background_image=&#8221;465&#8243; full_screen_section_height=&#8221;no&#8221; css=&#8221;.vc_custom_1687975728431{background-image: url(http:\/\/stockholm3.select-themes.com\/wp-content\/uploads\/2017\/07\/apps.jpg?id=346) !important;background-position: center !important;background-repeat: no-repeat !important;background-size: cover !important;}&#8221; el_id=&#8221;juntoscuidamos&#8221;][vc_column][vc_row_inner row_type=&#8221;row&#8221; type=&#8221;grid&#8221; use_row_as_full_screen_section_slide=&#8221;no&#8221; text_align=&#8221;right&#8221; css_animation=&#8221;element_from_top&#8221; el_class=&#8221;infraestructura&#8221; css=&#8221;.vc_custom_1687977389695{padding-top: 9.3% !important;}&#8221;][vc_column_inner width=&#8221;1\/3&#8243;][vc_single_image image=&#8221;479&#8243; img_size=&#8221;full&#8221; alignment=&#8221;center&#8221; qode_css_animation=&#8221;&#8221; el_class=&#8221;mostrarmobile&#8221;][vc_column_text]<\/p>\n<h2>Cuidar a la ciudadan\u00eda y proteger los cerros, r\u00edos, andenes, colegios, parques y barrios, \u00a1es una tarea que no para!<\/h2>\n<p>Por eso, <strong>con m\u00e1s de 9.000 acciones<\/strong> de Inspecci\u00f3n, Control y Vigilancia, desde la Secretar\u00eda de Gobierno y otras entidades distritales, se busca constantemente recuperar los entornos y hacer de la ciudad, un espacio limpio y seguro.[\/vc_column_text][\/vc_column_inner][vc_column_inner width=&#8221;1\/3&#8243;][vc_raw_html]JTNDaW1nJTIwc3JjJTNEJTIyaHR0cHMlM0ElMkYlMkZlc3BlY2lhbGVzLnB1YmxpbWV0cm8uY28lMkZzZWNyZXRhcmlhLWdvYmllcm5vLWJvZ290YSUyRndwLWNvbnRlbnQlMkZ1cGxvYWRzJTJGMjAyMyUyRjA2JTJGaW1nX21hcmlwb3NhLnBuZyUyMiUyMGFsdCUzRCUyMiUyMiUyMGNsYXNzJTNEJTIyZWxlbWVudG8xMyUyMiUzRQ==[\/vc_raw_html][vc_raw_html]JTNDaW1nJTIwc3JjJTNEJTIyaHR0cHMlM0ElMkYlMkZlc3BlY2lhbGVzLnB1YmxpbWV0cm8uY28lMkZzZWNyZXRhcmlhLWdvYmllcm5vLWJvZ290YSUyRndwLWNvbnRlbnQlMkZ1cGxvYWRzJTJGMjAyMyUyRjA2JTJGZWxlbWVudG9fMTIucG5nJTIyJTIwYWx0JTNEJTIyJTIyJTIwY2xhc3MlM0QlMjJlbGVtZW50bzEyJTIyJTNF[\/vc_raw_html][vc_raw_html]JTNDaW1nJTIwc3JjJTNEJTIyaHR0cHMlM0ElMkYlMkZlc3BlY2lhbGVzLnB1YmxpbWV0cm8uY28lMkZzZWNyZXRhcmlhLWdvYmllcm5vLWJvZ290YSUyRndwLWNvbnRlbnQlMkZ1cGxvYWRzJTJGMjAyMyUyRjA2JTJGZWxlbWVudG9fMTEucG5nJTIyJTIwYWx0JTNEJTIyJTIyJTIwY2xhc3MlM0QlMjJlbGVtZW50bzExJTIyJTNF[\/vc_raw_html][vc_single_image image=&#8221;479&#8243; img_size=&#8221;full&#8221; alignment=&#8221;center&#8221; qode_css_animation=&#8221;&#8221; el_class=&#8221;mostrarescritorio&#8221;][vc_single_image image=&#8221;495&#8243; img_size=&#8221;full&#8221; alignment=&#8221;center&#8221; qode_css_animation=&#8221;&#8221; el_class=&#8221;imagenfamilia&#8221;][\/vc_column_inner][vc_column_inner width=&#8221;1\/3&#8243;][vc_column_text]<\/p>\n<ul class=\"listavertical\">\n<li><img loading=\"lazy\" decoding=\"async\" class=\"alignnone size-full wp-image-613\" src=\"https:\/\/especiales.publimetro.co\/secretaria-gobierno-bogota\/wp-content\/uploads\/2023\/06\/img_but_05a.jpg\" alt=\"Bogot\u00e1\" width=\"280\" height=\"130\" \/><\/li>\n<li><img loading=\"lazy\" decoding=\"async\" class=\"alignnone size-full wp-image-614\" src=\"https:\/\/especiales.publimetro.co\/secretaria-gobierno-bogota\/wp-content\/uploads\/2023\/06\/img_but_05b.jpg\" alt=\"Bogot\u00e1\" width=\"280\" height=\"130\" \/><\/li>\n<\/ul>\n<p>[\/vc_column_text][\/vc_column_inner][\/vc_row_inner][\/vc_column][\/vc_row][vc_row row_type=&#8221;row&#8221; use_row_as_full_screen_section=&#8221;no&#8221; type=&#8221;full_width&#8221; anchor=&#8221;presupuestos&#8221; text_align=&#8221;left&#8221; background_animation=&#8221;none&#8221; css_animation=&#8221;&#8221; css=&#8221;.vc_custom_1687905230301{padding-top: 9.3% !important;background-image: url(http:\/\/stockholm3.select-themes.com\/wp-content\/uploads\/2017\/07\/apps.jpg?id=346) !important;background-position: center !important;background-repeat: no-repeat !important;background-size: cover !important;}&#8221; el_id=&#8221;presupuestos&#8221;][vc_column][vc_raw_html]JTNDaW1nJTIwc3JjJTNEJTIyaHR0cHMlM0ElMkYlMkZlc3BlY2lhbGVzLnB1YmxpbWV0cm8uY28lMkZzZWNyZXRhcmlhLWdvYmllcm5vLWJvZ290YSUyRndwLWNvbnRlbnQlMkZ1cGxvYWRzJTJGMjAyMyUyRjA2JTJGZWxlbWVudG9fMDkucG5nJTIyJTIwYWx0JTNEJTIyJTIyJTIwY2xhc3MlM0QlMjJlbGVtZW50bzA5JTIyJTNF[\/vc_raw_html][vc_raw_html]JTNDaW1nJTIwc3JjJTNEJTIyaHR0cHMlM0ElMkYlMkZlc3BlY2lhbGVzLnB1YmxpbWV0cm8uY28lMkZzZWNyZXRhcmlhLWdvYmllcm5vLWJvZ290YSUyRndwLWNvbnRlbnQlMkZ1cGxvYWRzJTJGMjAyMyUyRjA2JTJGZWxlbWVudG9fMTAucG5nJTIyJTIwYWx0JTNEJTIyJTIyJTIwY2xhc3MlM0QlMjJlbGVtZW50bzEwJTIyJTNF[\/vc_raw_html][vc_row_inner row_type=&#8221;row&#8221; type=&#8221;grid&#8221; use_row_as_full_screen_section_slide=&#8221;no&#8221; text_align=&#8221;left&#8221; css_animation=&#8221;element_from_top&#8221; el_class=&#8221;infraestructura&#8221; css=&#8221;.vc_custom_1687977398029{padding-bottom: 9% !important;}&#8221;][vc_column_inner width=&#8221;1\/4&#8243;][\/vc_column_inner][vc_column_inner width=&#8221;3\/4&#8243;][vc_single_image image=&#8221;497&#8243; img_size=&#8221;full&#8221; qode_css_animation=&#8221;&#8221; css=&#8221;.vc_custom_1687905085078{margin-bottom: 20px !important;}&#8221;][vc_column_text]<\/p>\n<h2>Los ciudadanos en Bogot\u00e1 pueden decidir en qu\u00e9 se usa su dinero a trav\u00e9s de <strong>Presupuestos Participativos.<\/strong><\/h2>\n<p>Mediante un proceso que permite a la ciudadan\u00eda proponer y decidir sobre los <strong>proyectos<\/strong> en sus barrios, gracias a las alcald\u00edas locales lo que se eligen, se hace realidad.[\/vc_column_text][vc_column_text]<\/p>\n<ul class=\"listahorizontal listasizquierda\">\n<li><img loading=\"lazy\" decoding=\"async\" class=\"alignnone size-full wp-image-616\" src=\"https:\/\/especiales.publimetro.co\/secretaria-gobierno-bogota\/wp-content\/uploads\/2023\/06\/img_but_06b.jpg\" alt=\"Bogot\u00e1\" width=\"280\" height=\"130\" \/><\/li>\n<li><img loading=\"lazy\" decoding=\"async\" class=\"alignnone size-full wp-image-615\" src=\"https:\/\/especiales.publimetro.co\/secretaria-gobierno-bogota\/wp-content\/uploads\/2023\/06\/img_but_06a.jpg\" alt=\"Bogot\u00e1\" width=\"280\" height=\"130\" \/><\/li>\n<\/ul>\n<p>[\/vc_column_text][\/vc_column_inner][\/vc_row_inner][\/vc_column][\/vc_row]<\/p>\n","protected":false},"excerpt":{"rendered":"<p>[vc_row row_type=&#8221;row&#8221; use_row_as_full_screen_section=&#8221;no&#8221; type=&#8221;full_width&#8221; anchor=&#8221;bogotalocal&#8221; text_align=&#8221;right&#8221; background_animation=&#8221;none&#8221; css_animation=&#8221;&#8221; css=&#8221;.vc_custom_1687970522472{padding-top: 9.3% !important;padding-bottom: 9.3% !important;background-image: url(http:\/\/stockholm3.select-themes.com\/wp-content\/uploads\/2017\/07\/apps.jpg?id=346) !important;background-position: center !important;background-repeat: no-repeat !important;background-size: cover !important;}&#8221; background_color=&#8221;#f00f4e&#8221; el_id=&#8221;bogotalocal&#8221;][vc_column][vc_raw_html]JTNDaW1nJTIwc3JjJTNEJTIyaHR0cHMlM0ElMkYlMkZlc3BlY2lhbGVzLnB1YmxpbWV0cm8uY28lMkZzZWNyZXRhcmlhLWdvYmllcm5vLWJvZ290YSUyRndwLWNvbnRlbnQlMkZ1cGxvYWRzJTJGMjAyMyUyRjA2JTJGZWxlbWVudG9fMTQucG5nJTIyJTIwYWx0JTNEJTIyJTIyJTIwY2xhc3MlM0QlMjJlbGVtZW50bzE0JTIyJTNF[\/vc_raw_html][vc_raw_html]JTNDaW1nJTIwc3JjJTNEJTIyaHR0cHMlM0ElMkYlMkZlc3BlY2lhbGVzLnB1YmxpbWV0cm8uY28lMkZzZWNyZXRhcmlhLWdvYmllcm5vLWJvZ290YSUyRndwLWNvbnRlbnQlMkZ1cGxvYWRzJTJGMjAyMyUyRjA2JTJGZWxlbWVudG9fMDEucG5nJTIyJTIwYWx0JTNEJTIyJTIyJTIwY2xhc3MlM0QlMjJlbGVtZW50bzAxJTIyJTNF[\/vc_raw_html][vc_row_inner row_type=&#8221;row&#8221; type=&#8221;grid&#8221; use_row_as_full_screen_section_slide=&#8221;no&#8221; text_align=&#8221;right&#8221; css_animation=&#8221;element_from_top&#8221; el_class=&#8221;bogotalocal&#8221;][vc_column_inner width=&#8221;2\/3&#8243;][vc_single_image image=&#8221;364&#8243; img_size=&#8221;full&#8221; qode_css_animation=&#8221;&#8221; el_class=&#8221;mostrarmobile&#8221;][vc_column_text] Ahora m\u00e1s que nunca, hay una necesidad de apoyar la econom\u00eda&#8230;<\/p>\n","protected":false},"author":1,"featured_media":352,"parent":0,"menu_order":0,"comment_status":"closed","ping_status":"closed","template":"full_width.php","meta":{"inline_featured_image":false,"footnotes":""},"class_list":["post-11","page","type-page","status-publish","has-post-thumbnail","hentry"],"yoast_head":"<!-- This site is optimized with the Yoast SEO plugin v20.10 - https:\/\/yoast.com\/wordpress\/plugins\/seo\/ -->\n<title>Secretar\u00eda Distrital de Gobierno<\/title>\n<meta name=\"description\" content=\"Te presentamos aqu\u00ed los 6 pilares para que veas todo lo que se est\u00e1 haciendo y se ha logrado en la ciudad.\" \/>\n<meta name=\"robots\" content=\"index, follow, max-snippet:-1, max-image-preview:large, max-video-preview:-1\" \/>\n<link rel=\"canonical\" href=\"https:\/\/especiales.publimetro.co\/secretaria-gobierno-bogota\/\" \/>\n<meta property=\"og:locale\" content=\"es_ES\" \/>\n<meta property=\"og:type\" content=\"article\" \/>\n<meta property=\"og:title\" content=\"Secretar\u00eda Distrital de Gobierno\" \/>\n<meta property=\"og:description\" content=\"Te presentamos aqu\u00ed los 6 pilares para que veas todo lo que se est\u00e1 haciendo y se ha logrado en la ciudad.\" \/>\n<meta property=\"og:url\" content=\"https:\/\/especiales.publimetro.co\/secretaria-gobierno-bogota\/\" \/>\n<meta property=\"og:site_name\" content=\"Secretar\u00eda Gobierno de Bogot\u00e1\" \/>\n<meta property=\"article:modified_time\" content=\"2023-08-30T18:52:57+00:00\" \/>\n<meta property=\"og:image\" content=\"https:\/\/especiales.publimetro.co\/secretaria-gobierno-bogota\/wp-content\/uploads\/2023\/06\/bg_redes.jpg\" \/>\n\t<meta property=\"og:image:width\" content=\"540\" \/>\n\t<meta property=\"og:image:height\" content=\"282\" \/>\n\t<meta property=\"og:image:type\" content=\"image\/jpeg\" \/>\n<meta name=\"twitter:card\" content=\"summary_large_image\" \/>\n<meta name=\"twitter:title\" content=\"Secretar\u00eda Distrital de Gobierno\" \/>\n<meta name=\"twitter:description\" content=\"Te presentamos aqu\u00ed los 6 pilares para que veas todo lo que se est\u00e1 haciendo y se ha logrado en la ciudad.\" \/>\n<meta name=\"twitter:image\" content=\"https:\/\/especiales.publimetro.co\/secretaria-gobierno-bogota\/wp-content\/uploads\/2023\/06\/bg_redes.jpg\" \/>\n<meta name=\"twitter:label1\" content=\"Tiempo estimado de lectura\" \/>\n\t<meta name=\"twitter:data1\" content=\"5 minutos\" \/>\n<!-- \/ Yoast SEO plugin. -->","yoast_head_json":{"title":"Secretar\u00eda Distrital de Gobierno","description":"Te presentamos aqu\u00ed los 6 pilares para que veas todo lo que se est\u00e1 haciendo y se ha logrado en la ciudad.","robots":{"index":"index","follow":"follow","max-snippet":"max-snippet:-1","max-image-preview":"max-image-preview:large","max-video-preview":"max-video-preview:-1"},"canonical":"https:\/\/especiales.publimetro.co\/secretaria-gobierno-bogota\/","og_locale":"es_ES","og_type":"article","og_title":"Secretar\u00eda Distrital de Gobierno","og_description":"Te presentamos aqu\u00ed los 6 pilares para que veas todo lo que se est\u00e1 haciendo y se ha logrado en la ciudad.","og_url":"https:\/\/especiales.publimetro.co\/secretaria-gobierno-bogota\/","og_site_name":"Secretar\u00eda Gobierno de Bogot\u00e1","article_modified_time":"2023-08-30T18:52:57+00:00","og_image":[{"width":540,"height":282,"url":"https:\/\/especiales.publimetro.co\/secretaria-gobierno-bogota\/wp-content\/uploads\/2023\/06\/bg_redes.jpg","type":"image\/jpeg"}],"twitter_card":"summary_large_image","twitter_title":"Secretar\u00eda Distrital de Gobierno","twitter_description":"Te presentamos aqu\u00ed los 6 pilares para que veas todo lo que se est\u00e1 haciendo y se ha logrado en la ciudad.","twitter_image":"https:\/\/especiales.publimetro.co\/secretaria-gobierno-bogota\/wp-content\/uploads\/2023\/06\/bg_redes.jpg","twitter_misc":{"Tiempo estimado de lectura":"5 minutos"},"schema":{"@context":"https:\/\/schema.org","@graph":[{"@type":"WebPage","@id":"https:\/\/especiales.publimetro.co\/secretaria-gobierno-bogota\/","url":"https:\/\/especiales.publimetro.co\/secretaria-gobierno-bogota\/","name":"Secretar\u00eda Distrital de Gobierno","isPartOf":{"@id":"https:\/\/especiales.publimetro.co\/secretaria-gobierno-bogota\/#website"},"datePublished":"2016-03-02T13:14:09+00:00","dateModified":"2023-08-30T18:52:57+00:00","description":"Te presentamos aqu\u00ed los 6 pilares para que veas todo lo que se est\u00e1 haciendo y se ha logrado en la ciudad.","breadcrumb":{"@id":"https:\/\/especiales.publimetro.co\/secretaria-gobierno-bogota\/#breadcrumb"},"inLanguage":"es-CO","potentialAction":[{"@type":"ReadAction","target":["https:\/\/especiales.publimetro.co\/secretaria-gobierno-bogota\/"]}]},{"@type":"BreadcrumbList","@id":"https:\/\/especiales.publimetro.co\/secretaria-gobierno-bogota\/#breadcrumb","itemListElement":[{"@type":"ListItem","position":1,"name":"Inicio","item":"https:\/\/especiales.publimetro.co\/secretaria-gobierno-bogota\/"},{"@type":"ListItem","position":2,"name":"Home Main"}]},{"@type":"WebSite","@id":"https:\/\/especiales.publimetro.co\/secretaria-gobierno-bogota\/#website","url":"https:\/\/especiales.publimetro.co\/secretaria-gobierno-bogota\/","name":"Secretar\u00eda Gobierno de Bogot\u00e1","description":"","potentialAction":[{"@type":"SearchAction","target":{"@type":"EntryPoint","urlTemplate":"https:\/\/especiales.publimetro.co\/secretaria-gobierno-bogota\/?s={search_term_string}"},"query-input":"required name=search_term_string"}],"inLanguage":"es-CO"}]}},"_links":{"self":[{"href":"https:\/\/especiales.publimetro.co\/secretaria-gobierno-bogota\/wp-json\/wp\/v2\/pages\/11","targetHints":{"allow":["GET"]}}],"collection":[{"href":"https:\/\/especiales.publimetro.co\/secretaria-gobierno-bogota\/wp-json\/wp\/v2\/pages"}],"about":[{"href":"https:\/\/especiales.publimetro.co\/secretaria-gobierno-bogota\/wp-json\/wp\/v2\/types\/page"}],"author":[{"embeddable":true,"href":"https:\/\/especiales.publimetro.co\/secretaria-gobierno-bogota\/wp-json\/wp\/v2\/users\/1"}],"replies":[{"embeddable":true,"href":"https:\/\/especiales.publimetro.co\/secretaria-gobierno-bogota\/wp-json\/wp\/v2\/comments?post=11"}],"version-history":[{"count":154,"href":"https:\/\/especiales.publimetro.co\/secretaria-gobierno-bogota\/wp-json\/wp\/v2\/pages\/11\/revisions"}],"predecessor-version":[{"id":923,"href":"https:\/\/especiales.publimetro.co\/secretaria-gobierno-bogota\/wp-json\/wp\/v2\/pages\/11\/revisions\/923"}],"wp:featuredmedia":[{"embeddable":true,"href":"https:\/\/especiales.publimetro.co\/secretaria-gobierno-bogota\/wp-json\/wp\/v2\/media\/352"}],"wp:attachment":[{"href":"https:\/\/especiales.publimetro.co\/secretaria-gobierno-bogota\/wp-json\/wp\/v2\/media?parent=11"}],"curies":[{"name":"wp","href":"https:\/\/api.w.org\/{rel}","templated":true}]}}