{"id":668,"date":"2022-09-09T09:41:32","date_gmt":"2022-09-09T14:41:32","guid":{"rendered":"https:\/\/especiales.publimetro.co\/operacion-sonrisa\/?page_id=668"},"modified":"2022-09-26T11:32:38","modified_gmt":"2022-09-26T16:32:38","slug":"home","status":"publish","type":"page","link":"https:\/\/especiales.publimetro.co\/operacion-sonrisa\/","title":{"rendered":"home"},"content":{"rendered":"<p>[vc_row row_type=&#8221;row&#8221; use_row_as_full_screen_section=&#8221;no&#8221; type=&#8221;grid&#8221; text_align=&#8221;left&#8221; background_animation=&#8221;none&#8221; padding_top=&#8221;50&#8243; padding_bottom=&#8221;10&#8243; css_animation=&#8221;&#8221;][vc_column][vc_single_image image=&#8221;876&#8243; img_size=&#8221;full&#8221; alignment=&#8221;center&#8221; qode_css_animation=&#8221;&#8221;][\/vc_column][\/vc_row][vc_row row_type=&#8221;row&#8221; use_row_as_full_screen_section=&#8221;no&#8221; type=&#8221;grid&#8221; text_align=&#8221;left&#8221; background_animation=&#8221;none&#8221; padding_bottom=&#8221;80&#8243; css_animation=&#8221;&#8221;][vc_column width=&#8221;1\/3&#8243; css=&#8221;.vc_custom_1663040149255{margin-top: 40px !important;}&#8221;][vc_single_image image=&#8221;713&#8243; img_size=&#8221;full&#8221; alignment=&#8221;center&#8221; qode_css_animation=&#8221;&#8221; css=&#8221;.vc_custom_1662756667947{margin-bottom: 20px !important;}&#8221;][vc_column_text]<\/p>\n<h4 style=\"text-align: center;\">Dona desde $30.000 directamente a <span style=\"color: #a5323b;\">Operaci\u00f3n Sonrisa<\/span><\/h4>\n<p>[\/vc_column_text][\/vc_column][vc_column width=&#8221;1\/3&#8243; css=&#8221;.vc_custom_1663040157031{margin-top: 40px !important;}&#8221;][vc_single_image image=&#8221;714&#8243; img_size=&#8221;full&#8221; alignment=&#8221;center&#8221; qode_css_animation=&#8221;&#8221; css=&#8221;.vc_custom_1662756675604{margin-bottom: 20px !important;}&#8221;][vc_column_text]<\/p>\n<h4 style=\"text-align: center;\">Invita a <span style=\"color: #a5323b;\">3 personas<\/span> a unirse a esta iniciativa<\/h4>\n<p>[\/vc_column_text][\/vc_column][vc_column width=&#8221;1\/3&#8243; css=&#8221;.vc_custom_1663040163769{margin-top: 40px !important;}&#8221;][vc_single_image image=&#8221;715&#8243; img_size=&#8221;full&#8221; alignment=&#8221;center&#8221; qode_css_animation=&#8221;&#8221; css=&#8221;.vc_custom_1662756681621{margin-bottom: 20px !important;}&#8221;][vc_column_text]<\/p>\n<h4 style=\"text-align: center;\">Haz el 3 con tu mano y comparte tu foto con el<span style=\"color: #a5323b;\"> #3PorUnCambio<\/span><\/h4>\n<p>[\/vc_column_text][\/vc_column][\/vc_row][vc_row row_type=&#8221;row&#8221; use_row_as_full_screen_section=&#8221;no&#8221; type=&#8221;grid&#8221; text_align=&#8221;left&#8221; background_image=&#8221;721&#8243; background_animation=&#8221;none&#8221; css_animation=&#8221;&#8221;][vc_column][vc_empty_space height=&#8221;50px&#8221;][\/vc_column][\/vc_row][vc_row row_type=&#8221;row&#8221; use_row_as_full_screen_section=&#8221;no&#8221; type=&#8221;grid&#8221; text_align=&#8221;left&#8221; background_animation=&#8221;none&#8221; padding_bottom=&#8221;80&#8243; css_animation=&#8221;&#8221; background_color=&#8221;#eeeeee&#8221;][vc_column width=&#8221;2\/3&#8243; css=&#8221;.vc_custom_1663001755222{margin-top: 80px !important;}&#8221;][vc_raw_html el_class=&#8221;videoperacion&#8221;]JTNDaWZyYW1lJTIwc3JjJTNEJTIyaHR0cHMlM0ElMkYlMkZ3d3cuZmFjZWJvb2suY29tJTJGcGx1Z2lucyUyRnZpZGVvLnBocCUzRmhlaWdodCUzRDMxNCUyNmhyZWYlM0RodHRwcyUyNTNBJTI1MkYlMjUyRnd3dy5mYWNlYm9vay5jb20lMjUyRmpvaG5zb25zYmFieWNvbG9tYmlhJTI1MkZ2aWRlb3MlMjUyRjQ3MDE5NzY3MTY2MTc1NCUyNTJGJTI2c2hvd190ZXh0JTNEZmFsc2UlMjZ3aWR0aCUzRDU2MCUyNnQlM0QwJTIyJTIwd2lkdGglM0QlMjIxMDAlMjUlMjIlMjBoZWlnaHQlM0QlMjI0NTUlMjIlMjBzdHlsZSUzRCUyMmJvcmRlciUzQW5vbmUlM0JvdmVyZmxvdyUzQWhpZGRlbiUyMiUyMHNjcm9sbGluZyUzRCUyMm5vJTIyJTIwZnJhbWVib3JkZXIlM0QlMjIwJTIyJTIwYWxsb3dmdWxsc2NyZWVuJTNEJTIydHJ1ZSUyMiUyMGFsbG93JTNEJTIyYXV0b3BsYXklM0IlMjBjbGlwYm9hcmQtd3JpdGUlM0IlMjBlbmNyeXB0ZWQtbWVkaWElM0IlMjBwaWN0dXJlLWluLXBpY3R1cmUlM0IlMjB3ZWItc2hhcmUlMjIlMjBhbGxvd0Z1bGxTY3JlZW4lM0QlMjJ0cnVlJTIyJTNFJTNDJTJGaWZyYW1lJTNF[\/vc_raw_html][\/vc_column][vc_column width=&#8221;1\/3&#8243; css=&#8221;.vc_custom_1663001761922{margin-top: 80px !important;}&#8221;][vc_column_text]<\/p>\n<h4><span style=\"font-size: 35px;\">Juntos podemos transformar su futuro<\/span><\/h4>\n<p>[\/vc_column_text][vc_single_image image=&#8221;749&#8243; img_size=&#8221;full&#8221; qode_css_animation=&#8221;&#8221; css=&#8221;.vc_custom_1662759915021{margin-top: 20px !important;margin-bottom: 30px !important;}&#8221;][vc_column_text]<\/p>\n<h4><span style=\"font-size: 24px; color: #7e7e7e;\">LIVE DONATION #3poruncambio<\/span><\/h4>\n<p>[\/vc_column_text][vc_empty_space height=&#8221;30&#8243;][vc_column_text]<strong>JOHNSON&#8217;S\u00ae<\/strong>, <strong>Operaci\u00f3n Sonrisa y Publimetro<\/strong> te invita este s\u00e1bado 24 de septiembre junto a Ana Mar\u00eda\u00a0Medina a un Donat\u00f3n en vivo, un evento que busca ayudar a transformar el futuro de muchos beb\u00e9s y ni\u00f1os con labio fisurado y\/o paladar hendido.[\/vc_column_text][\/vc_column][\/vc_row][vc_row row_type=&#8221;row&#8221; use_row_as_full_screen_section=&#8221;no&#8221; type=&#8221;grid&#8221; text_align=&#8221;left&#8221; background_image=&#8221;725&#8243; background_animation=&#8221;none&#8221; css_animation=&#8221;&#8221;][vc_column][vc_empty_space height=&#8221;50px&#8221;][\/vc_column][\/vc_row][vc_row row_type=&#8221;row&#8221; use_row_as_full_screen_section=&#8221;no&#8221; type=&#8221;grid&#8221; text_align=&#8221;left&#8221; background_animation=&#8221;none&#8221; padding_top=&#8221;60&#8243; css_animation=&#8221;&#8221;][vc_column][vc_column_text]<\/p>\n<h4 style=\"text-align: center;\"><span style=\"font-size: 35px;\">Fundaci\u00f3n Operaci\u00f3n Sonrisa Colombia<\/span><\/h4>\n<p>[\/vc_column_text][vc_single_image image=&#8221;749&#8243; img_size=&#8221;full&#8221; alignment=&#8221;center&#8221; qode_css_animation=&#8221;&#8221; css=&#8221;.vc_custom_1662760322477{margin-top: 20px !important;margin-bottom: 30px !important;}&#8221;][\/vc_column][\/vc_row][vc_row row_type=&#8221;row&#8221; use_row_as_full_screen_section=&#8221;no&#8221; type=&#8221;grid&#8221; text_align=&#8221;center&#8221; background_animation=&#8221;none&#8221; css_animation=&#8221;&#8221;][vc_column][vc_column_text]<div id=\"metaslider-id-797\" style=\"width: 100%; margin: 0 auto;\" class=\"ml-slider-3-27-12 metaslider metaslider-flex metaslider-797 ml-slider\">\n    <div id=\"metaslider_container_797\">\n        <div id=\"metaslider_797\">\n            <ul aria-live=\"polite\" class=\"slides\">\n                <li style=\"display: none; width: 100%;\" class=\"slide-801 ms-image\"><a href=\"https:\/\/www.publimetro.co\/comercial\/2022\/09\/26\/los-invitamos-a-ver-el-mundo-con-los-ojos-del-corazon\/\" target=\"_blank\"><img loading=\"lazy\" decoding=\"async\" src=\"https:\/\/especiales.publimetro.co\/operacion-sonrisa\/wp-content\/uploads\/2022\/09\/sonrisa_01.jpg\" height=\"250\" width=\"340\" alt=\"Operaci\u00f3n Sonrisa\" class=\"slider-797 slide-801\" title=\"sonrisa_01\" \/><\/a><div class=\"caption-wrap\"><div class=\"caption\"><div><a href=\"https:\/\/www.publimetro.co\/comercial\/2022\/09\/26\/los-invitamos-a-ver-el-mundo-con-los-ojos-del-corazon\/\" class=\"articulos_\"><\/a><h4 style=\"line-height:24px;font-size:1.4em;\"><a href=\"https:\/\/www.publimetro.co\/comercial\/2022\/09\/26\/los-invitamos-a-ver-el-mundo-con-los-ojos-del-corazon\/\" class=\"articulos_\">\u00a1Los invitamos a ver el mundo con los ojos del coraz\u00f3n!<\/a><\/h4><a href=\"https:\/\/www.publimetro.co\/comercial\/2022\/09\/26\/los-invitamos-a-ver-el-mundo-con-los-ojos-del-corazon\/\" class=\"articulos_\"><br \/><\/a><p><a href=\"https:\/\/www.publimetro.co\/comercial\/2022\/09\/26\/los-invitamos-a-ver-el-mundo-con-los-ojos-del-corazon\/\" class=\"articulos_\">JOHNSON\u2019S\u00ae, Operaci\u00f3n Sonrisa y Publimetro nos volvemos a unir para cambiar la vida de beb\u00e9s y ni\u00f1os con labio fisurado y\/o paladar hendido. \u00a1Todos est\u00e1n invitados a hacer parte de esta iniciativa que transforma vidas!<\/a><\/p><a href=\"https:\/\/www.publimetro.co\/comercial\/2022\/09\/26\/los-invitamos-a-ver-el-mundo-con-los-ojos-del-corazon\/\" class=\"articulos_\"><\/a><div class=\"boton_ver\"><a href=\"https:\/\/www.publimetro.co\/comercial\/2022\/09\/26\/los-invitamos-a-ver-el-mundo-con-los-ojos-del-corazon\/\" class=\"articulos_\">VER M\u00c1S<\/a><div><a href=\"https:\/\/www.publimetro.co\/comercial\/2022\/09\/26\/los-invitamos-a-ver-el-mundo-con-los-ojos-del-corazon\/\" class=\"articulos_\"><\/a><\/div><a href=\"https:\/\/www.publimetro.co\/comercial\/2022\/09\/26\/los-invitamos-a-ver-el-mundo-con-los-ojos-del-corazon\/\" class=\"articulos_\"><\/a><div><a href=\"https:\/\/www.publimetro.co\/comercial\/2022\/09\/26\/los-invitamos-a-ver-el-mundo-con-los-ojos-del-corazon\/\" class=\"articulos_\"><\/a><\/div><a href=\"https:\/\/www.publimetro.co\/comercial\/2022\/09\/26\/los-invitamos-a-ver-el-mundo-con-los-ojos-del-corazon\/\" class=\"articulos_\"><\/a><\/div><a href=\"https:\/\/www.publimetro.co\/comercial\/2022\/09\/26\/los-invitamos-a-ver-el-mundo-con-los-ojos-del-corazon\/\" class=\"articulos_\"><\/a><\/div><\/div><\/div><\/li>\n                <li style=\"display: none; width: 100%;\" class=\"slide-802 ms-image\"><a href=\"https:\/\/www.publimetro.co\/comercial\/2022\/09\/26\/operacion-sonrisa-27-anos-cambiando-vidas\/\" target=\"_blank\"><img loading=\"lazy\" decoding=\"async\" src=\"https:\/\/especiales.publimetro.co\/operacion-sonrisa\/wp-content\/uploads\/2022\/09\/sonrisa_02.jpg\" height=\"250\" width=\"340\" alt=\"Operaci\u00f3n Sonrisa\" class=\"slider-797 slide-802\" title=\"sonrisa_02\" \/><\/a><div class=\"caption-wrap\"><div class=\"caption\"><div><a href=\"https:\/\/www.publimetro.co\/comercial\/2022\/09\/26\/operacion-sonrisa-27-anos-cambiando-vidas\/\" class=\"articulos_\"><\/a><h4 style=\"line-height:24px;font-size:1.4em;\"><a href=\"https:\/\/www.publimetro.co\/comercial\/2022\/09\/26\/operacion-sonrisa-27-anos-cambiando-vidas\/\" class=\"articulos_\">Operaci\u00f3n Sonrisa: 27 a\u00f1os cambiando vidas<\/a><\/h4><a href=\"https:\/\/www.publimetro.co\/comercial\/2022\/09\/26\/operacion-sonrisa-27-anos-cambiando-vidas\/\" class=\"articulos_\"><br \/><\/a><p><a href=\"https:\/\/www.publimetro.co\/comercial\/2022\/09\/26\/operacion-sonrisa-27-anos-cambiando-vidas\/\" class=\"articulos_\">En el mundo cada tres minutos nace un beb\u00e9 con labio fisurado y\/o paladar hendido. Por eso #3PorUnCambio busca ayudar a los beb\u00e9s y ni\u00f1os con esta condici\u00f3n y bridarles un desarrollo m\u00e1s feliz y saludable.<\/a><\/p><a href=\"https:\/\/www.publimetro.co\/comercial\/2022\/09\/26\/operacion-sonrisa-27-anos-cambiando-vidas\/\" class=\"articulos_\"><\/a><div class=\"boton_ver\"><a href=\"https:\/\/www.publimetro.co\/comercial\/2022\/09\/26\/operacion-sonrisa-27-anos-cambiando-vidas\/\" class=\"articulos_\">VER M\u00c1S<\/a><div><a href=\"https:\/\/www.publimetro.co\/comercial\/2022\/09\/26\/operacion-sonrisa-27-anos-cambiando-vidas\/\" class=\"articulos_\"><\/a><\/div><a href=\"https:\/\/www.publimetro.co\/comercial\/2022\/09\/26\/operacion-sonrisa-27-anos-cambiando-vidas\/\" class=\"articulos_\"><\/a><div><a href=\"https:\/\/www.publimetro.co\/comercial\/2022\/09\/26\/operacion-sonrisa-27-anos-cambiando-vidas\/\" class=\"articulos_\"><\/a><\/div><a href=\"https:\/\/www.publimetro.co\/comercial\/2022\/09\/26\/operacion-sonrisa-27-anos-cambiando-vidas\/\" class=\"articulos_\"><\/a><\/div><a href=\"https:\/\/www.publimetro.co\/comercial\/2022\/09\/26\/operacion-sonrisa-27-anos-cambiando-vidas\/\" class=\"articulos_\"><\/a><\/div><\/div><\/div><\/li>\n                <li style=\"display: none; width: 100%;\" class=\"slide-803 ms-image\"><a href=\"https:\/\/www.publimetro.co\/comercial\/2022\/09\/23\/te-invitamos-a-ver-el-mundo-con-los-ojos-del-corazon-bienvenidos-a-3poruncambio\/\" target=\"_blank\"><img loading=\"lazy\" decoding=\"async\" src=\"https:\/\/especiales.publimetro.co\/operacion-sonrisa\/wp-content\/uploads\/2022\/09\/sonrisa_03.jpg\" height=\"250\" width=\"340\" alt=\"Operaci\u00f3n Sonrisa\" class=\"slider-797 slide-803\" title=\"sonrisa_03\" \/><\/a><div class=\"caption-wrap\"><div class=\"caption\"><div><a href=\"https:\/\/www.publimetro.co\/comercial\/2022\/09\/23\/te-invitamos-a-ver-el-mundo-con-los-ojos-del-corazon-bienvenidos-a-3poruncambio\/\" class=\"articulos_\"><\/a><h4 style=\"line-height:24px;font-size:1.4em;\"><a href=\"https:\/\/www.publimetro.co\/comercial\/2022\/09\/23\/te-invitamos-a-ver-el-mundo-con-los-ojos-del-corazon-bienvenidos-a-3poruncambio\/\" class=\"articulos_\">Te invitamos a ver el mundo con los ojos del coraz\u00f3n \u00a1Bienvenidos a #3PorUnCambio!<\/a><\/h4><a href=\"https:\/\/www.publimetro.co\/comercial\/2022\/09\/23\/te-invitamos-a-ver-el-mundo-con-los-ojos-del-corazon-bienvenidos-a-3poruncambio\/\" class=\"articulos_\"><br \/><\/a><p><a href=\"https:\/\/www.publimetro.co\/comercial\/2022\/09\/23\/te-invitamos-a-ver-el-mundo-con-los-ojos-del-corazon-bienvenidos-a-3poruncambio\/\" class=\"articulos_\">JOHNSON\u2019S\u00ae y Operaci\u00f3n Sonrisa buscan seguir transformando la vida de muchos beb\u00e9s y ni\u00f1os con labio fisurado y\/o paladar hendido y usted podr\u00eda ser el nuevo integrante del movimiento #3PorUnCambio.<\/a><\/p><a href=\"https:\/\/www.publimetro.co\/comercial\/2022\/09\/23\/te-invitamos-a-ver-el-mundo-con-los-ojos-del-corazon-bienvenidos-a-3poruncambio\/\" class=\"articulos_\"><\/a><div class=\"boton_ver\"><a href=\"https:\/\/www.publimetro.co\/comercial\/2022\/09\/23\/te-invitamos-a-ver-el-mundo-con-los-ojos-del-corazon-bienvenidos-a-3poruncambio\/\" class=\"articulos_\">VER M\u00c1S<\/a><div><a href=\"https:\/\/www.publimetro.co\/comercial\/2022\/09\/23\/te-invitamos-a-ver-el-mundo-con-los-ojos-del-corazon-bienvenidos-a-3poruncambio\/\" class=\"articulos_\"><\/a><\/div><a href=\"https:\/\/www.publimetro.co\/comercial\/2022\/09\/23\/te-invitamos-a-ver-el-mundo-con-los-ojos-del-corazon-bienvenidos-a-3poruncambio\/\" class=\"articulos_\"><\/a><div><a href=\"https:\/\/www.publimetro.co\/comercial\/2022\/09\/23\/te-invitamos-a-ver-el-mundo-con-los-ojos-del-corazon-bienvenidos-a-3poruncambio\/\" class=\"articulos_\"><\/a><\/div><a href=\"https:\/\/www.publimetro.co\/comercial\/2022\/09\/23\/te-invitamos-a-ver-el-mundo-con-los-ojos-del-corazon-bienvenidos-a-3poruncambio\/\" class=\"articulos_\"><\/a><\/div><a href=\"https:\/\/www.publimetro.co\/comercial\/2022\/09\/23\/te-invitamos-a-ver-el-mundo-con-los-ojos-del-corazon-bienvenidos-a-3poruncambio\/\" class=\"articulos_\"><\/a><\/div><\/div><\/div><\/li>\n            <\/ul>\n        <\/div>\n        \n    <\/div>\n<\/div>[\/vc_column_text][\/vc_column][\/vc_row][vc_row row_type=&#8221;row&#8221; use_row_as_full_screen_section=&#8221;no&#8221; type=&#8221;grid&#8221; text_align=&#8221;left&#8221; background_animation=&#8221;none&#8221; padding_top=&#8221;30&#8243; css_animation=&#8221;&#8221;][vc_column][vc_single_image image=&#8221;795&#8243; img_size=&#8221;350&#215;93&#8243; alignment=&#8221;center&#8221; qode_css_animation=&#8221;&#8221;][\/vc_column][\/vc_row][vc_row row_type=&#8221;row&#8221; use_row_as_full_screen_section=&#8221;no&#8221; type=&#8221;grid&#8221; text_align=&#8221;left&#8221; background_animation=&#8221;none&#8221; padding_top=&#8221;35&#8243; padding_bottom=&#8221;10&#8243; css_animation=&#8221;&#8221; background_color=&#8221;#7bc0eb&#8221;][vc_column][vc_single_image image=&#8221;777&#8243; img_size=&#8221;full&#8221; alignment=&#8221;center&#8221; qode_css_animation=&#8221;&#8221;][\/vc_column][\/vc_row][vc_row row_type=&#8221;row&#8221; use_row_as_full_screen_section=&#8221;no&#8221; type=&#8221;grid&#8221; text_align=&#8221;left&#8221; background_image=&#8221;790&#8243; background_animation=&#8221;none&#8221; css_animation=&#8221;&#8221;][vc_column][vc_empty_space height=&#8221;50px&#8221;][\/vc_column][\/vc_row]<\/p>\n","protected":false},"excerpt":{"rendered":"<p>[vc_row row_type=&#8221;row&#8221; use_row_as_full_screen_section=&#8221;no&#8221; type=&#8221;grid&#8221; text_align=&#8221;left&#8221; background_animation=&#8221;none&#8221; padding_top=&#8221;50&#8243; padding_bottom=&#8221;10&#8243; css_animation=&#8221;&#8221;][vc_column][vc_single_image image=&#8221;876&#8243; img_size=&#8221;full&#8221; alignment=&#8221;center&#8221; qode_css_animation=&#8221;&#8221;][\/vc_column][\/vc_row][vc_row row_type=&#8221;row&#8221; use_row_as_full_screen_section=&#8221;no&#8221; type=&#8221;grid&#8221; text_align=&#8221;left&#8221; background_animation=&#8221;none&#8221; padding_bottom=&#8221;80&#8243; css_animation=&#8221;&#8221;][vc_column width=&#8221;1\/3&#8243; css=&#8221;.vc_custom_1663040149255{margin-top: 40px !important;}&#8221;][vc_single_image image=&#8221;713&#8243; img_size=&#8221;full&#8221; alignment=&#8221;center&#8221; qode_css_animation=&#8221;&#8221; css=&#8221;.vc_custom_1662756667947{margin-bottom: 20px !important;}&#8221;][vc_column_text] Dona desde $30.000 directamente a Operaci\u00f3n Sonrisa [\/vc_column_text][\/vc_column][vc_column width=&#8221;1\/3&#8243; css=&#8221;.vc_custom_1663040157031{margin-top: 40px !important;}&#8221;][vc_single_image image=&#8221;714&#8243; img_size=&#8221;full&#8221;&#8230;<\/p>\n","protected":false},"author":1,"featured_media":929,"parent":0,"menu_order":0,"comment_status":"closed","ping_status":"closed","template":"full_width.php","meta":{"inline_featured_image":false,"footnotes":""},"class_list":["post-668","page","type-page","status-publish","has-post-thumbnail","hentry"],"_links":{"self":[{"href":"https:\/\/especiales.publimetro.co\/operacion-sonrisa\/wp-json\/wp\/v2\/pages\/668","targetHints":{"allow":["GET"]}}],"collection":[{"href":"https:\/\/especiales.publimetro.co\/operacion-sonrisa\/wp-json\/wp\/v2\/pages"}],"about":[{"href":"https:\/\/especiales.publimetro.co\/operacion-sonrisa\/wp-json\/wp\/v2\/types\/page"}],"author":[{"embeddable":true,"href":"https:\/\/especiales.publimetro.co\/operacion-sonrisa\/wp-json\/wp\/v2\/users\/1"}],"replies":[{"embeddable":true,"href":"https:\/\/especiales.publimetro.co\/operacion-sonrisa\/wp-json\/wp\/v2\/comments?post=668"}],"version-history":[{"count":90,"href":"https:\/\/especiales.publimetro.co\/operacion-sonrisa\/wp-json\/wp\/v2\/pages\/668\/revisions"}],"predecessor-version":[{"id":932,"href":"https:\/\/especiales.publimetro.co\/operacion-sonrisa\/wp-json\/wp\/v2\/pages\/668\/revisions\/932"}],"wp:featuredmedia":[{"embeddable":true,"href":"https:\/\/especiales.publimetro.co\/operacion-sonrisa\/wp-json\/wp\/v2\/media\/929"}],"wp:attachment":[{"href":"https:\/\/especiales.publimetro.co\/operacion-sonrisa\/wp-json\/wp\/v2\/media?parent=668"}],"curies":[{"name":"wp","href":"https:\/\/api.w.org\/{rel}","templated":true}]}}