{"id":22299,"date":"2021-04-16T09:30:45","date_gmt":"2021-04-16T14:30:45","guid":{"rendered":"https:\/\/especiales.publimetro.co\/chevyplan\/?page_id=22299"},"modified":"2021-04-20T13:17:03","modified_gmt":"2021-04-20T18:17:03","slug":"historico-heroes-del-ahorro","status":"publish","type":"page","link":"https:\/\/especiales.publimetro.co\/chevyplan\/historico-heroes-del-ahorro\/","title":{"rendered":"H\u00e9roes del ahorro"},"content":{"rendered":"<p>[vc_row row_type=&#8221;row&#8221; use_row_as_full_screen_section=&#8221;no&#8221; type=&#8221;grid&#8221; text_align=&#8221;left&#8221; background_animation=&#8221;none&#8221; padding_top=&#8221;40&#8243; padding_bottom=&#8221;20&#8243; css_animation=&#8221;&#8221; background_color=&#8221;#ffffff&#8221; css=&#8221;.vc_custom_1618320552042{background-color: #f4f4f2 !important;}&#8221; el_class=&#8221;butvolverinicio&#8221;][vc_column]<a href=\"javascript:history.back()\" target=\"_self\"  class=\"qbutton \" style=\"\">Volver al inicio<\/a>[\/vc_column][\/vc_row][vc_row row_type=&#8221;row&#8221; use_row_as_full_screen_section=&#8221;no&#8221; type=&#8221;grid&#8221; text_align=&#8221;left&#8221; background_animation=&#8221;none&#8221; padding_top=&#8221;30&#8243; padding_bottom=&#8221;60&#8243; css_animation=&#8221;&#8221; background_color=&#8221;#ffffff&#8221; css=&#8221;.vc_custom_1618320529451{background-color: #f4f4f2 !important;}&#8221;][vc_column width=&#8221;1\/2&#8243;][vc_single_image image=&#8221;22253&#8243; img_size=&#8221;full&#8221; onclick=&#8221;custom_link&#8221; qode_css_animation=&#8221;&#8221; link=&#8221;\/chevyplan\/heroes_del_ahorro_carolina_castillo\/&#8221;][\/vc_column][vc_column width=&#8221;1\/2&#8243; el_class=&#8221;contehistorico&#8221;][vc_column_text]<\/p>\n<h2 style=\"font-size: 35px; line-height: 36px; color: #52565b;\">CAROLINA CASTILLO, UNA SO\u00d1ADORA QUE SAB\u00cdA QUE EL AHORRO IBA A SER SU ALIADO<\/h2>\n<p>A los 12 a\u00f1os aprendi\u00f3 a manejar veh\u00edculos gracias a su padre. Sus amigas, a esa edad, jugaban con mu\u00f1ecas. Ella, t\u00edmida y sonrojada, solo pensaba en conducir, y a\u00f1oraba en el futuro tener su propio carro&#8230;[\/vc_column_text]<a href=\"\/chevyplan\/heroes_del_ahorro_carolina_castillo\/\" target=\"_self\"  class=\"qbutton \" style=\"\">Conoce su historia aqu\u00ed<\/a>[\/vc_column][\/vc_row][vc_row row_type=&#8221;row&#8221; use_row_as_full_screen_section=&#8221;no&#8221; type=&#8221;grid&#8221; text_align=&#8221;left&#8221; background_animation=&#8221;none&#8221; padding_top=&#8221;30&#8243; padding_bottom=&#8221;60&#8243; css_animation=&#8221;&#8221; background_color=&#8221;#ffffff&#8221; css=&#8221;.vc_custom_1618320529451{background-color: #f4f4f2 !important;}&#8221;][vc_column width=&#8221;1\/2&#8243;][vc_single_image image=&#8221;22167&#8243; img_size=&#8221;full&#8221; onclick=&#8221;custom_link&#8221; qode_css_animation=&#8221;&#8221; link=&#8221;\/chevyplan\/heroes_del_ahorro_deiner_garcia\/&#8221;][\/vc_column][vc_column width=&#8221;1\/2&#8243; el_class=&#8221;contehistorico&#8221;][vc_column_text]<\/p>\n<h2 style=\"font-size: 35px; line-height: 36px; color: #52565b;\">DEINER GARC\u00cdA, UN AHORRADOR QUE CUMPLI\u00d3 EL SUE\u00d1O<\/h2>\n<p>Deiner Garc\u00eda es un hombre, de la costa colombiana, que lleg\u00f3 a Bogot\u00e1 hace ocho a\u00f1os para escribir su propia historia. Ten\u00eda en mente conseguir un mejor trabajo y cumplir los sue\u00f1os por los que se levantaba a diario&#8230;[\/vc_column_text]<a href=\"\/chevyplan\/heroes_del_ahorro_deiner_garcia\/\" target=\"_self\"  class=\"qbutton \" style=\"\">Conoce su historia aqu\u00ed<\/a>[\/vc_column][\/vc_row][vc_row row_type=&#8221;row&#8221; use_row_as_full_screen_section=&#8221;no&#8221; type=&#8221;grid&#8221; text_align=&#8221;left&#8221; background_animation=&#8221;none&#8221; padding_top=&#8221;30&#8243; padding_bottom=&#8221;60&#8243; css_animation=&#8221;&#8221; background_color=&#8221;#ffffff&#8221; css=&#8221;.vc_custom_1618320529451{background-color: #f4f4f2 !important;}&#8221;][vc_column width=&#8221;1\/2&#8243;][vc_single_image image=&#8221;22168&#8243; img_size=&#8221;full&#8221; onclick=&#8221;custom_link&#8221; qode_css_animation=&#8221;&#8221; link=&#8221;\/chevyplan\/heroes_del_ahorro_yenny_beltran\/&#8221;][\/vc_column][vc_column width=&#8221;1\/2&#8243; el_class=&#8221;contehistorico&#8221;][vc_column_text]<\/p>\n<h2 style=\"font-size: 35px; line-height: 36px; color: #52565b;\">YENNY BELTR\u00c1N, UNA MUESTRA DE QUE TODO CON VOLUNTAD S\u00cd SE LOGRA<\/h2>\n<p>Conoce la historia de esta ahorradora que super\u00f3 diferentes obst\u00e1culos para obtener su veh\u00edculo. No hay mal que por bien no venga. Esta filosof\u00eda ha acompa\u00f1ado por a\u00f1os a Yenny Paola Beltr\u00e1n, una mujer alegre, trabajadora y so\u00f1adora&#8230;[\/vc_column_text]<a href=\"\/chevyplan\/heroes_del_ahorro_yenny_beltran\/\" target=\"_self\"  class=\"qbutton \" style=\"\">Conoce su historia aqu\u00ed<\/a>[\/vc_column][\/vc_row][vc_row row_type=&#8221;row&#8221; use_row_as_full_screen_section=&#8221;no&#8221; type=&#8221;grid&#8221; text_align=&#8221;left&#8221; background_animation=&#8221;none&#8221; padding_top=&#8221;30&#8243; padding_bottom=&#8221;60&#8243; css_animation=&#8221;&#8221; background_color=&#8221;#ffffff&#8221; css=&#8221;.vc_custom_1618320529451{background-color: #f4f4f2 !important;}&#8221;][vc_column width=&#8221;1\/2&#8243;][vc_single_image image=&#8221;22169&#8243; img_size=&#8221;full&#8221; onclick=&#8221;custom_link&#8221; qode_css_animation=&#8221;&#8221; link=&#8221;\/chevyplan\/heroes_del_ahorro_paula_camargo\/&#8221;][\/vc_column][vc_column width=&#8221;1\/2&#8243; el_class=&#8221;contehistorico&#8221;][vc_column_text]<\/p>\n<h2 style=\"font-size: 35px; line-height: 36px; color: #52565b;\">PAULA CAMARGO, UNA SO\u00d1ADORA QUE LE LLEG\u00d3 EL CARRO EN EL MOMENTO JUSTO<\/h2>\n<p>Todo llega en el momento adecuado\u201d, es una frase que constantemente repite Paula Camargo, una bogotana que desde ni\u00f1a ha tenido amor por los carros&#8230;[\/vc_column_text]<a href=\"\/chevyplan\/heroes_del_ahorro_paula_camargo\/\" target=\"_self\"  class=\"qbutton \" style=\"\">Conoce su historia aqu\u00ed<\/a>[\/vc_column][\/vc_row][vc_row row_type=&#8221;row&#8221; use_row_as_full_screen_section=&#8221;no&#8221; type=&#8221;grid&#8221; text_align=&#8221;left&#8221; background_animation=&#8221;none&#8221; padding_top=&#8221;30&#8243; padding_bottom=&#8221;60&#8243; css_animation=&#8221;&#8221; background_color=&#8221;#ffffff&#8221; css=&#8221;.vc_custom_1618320529451{background-color: #f4f4f2 !important;}&#8221;][vc_column width=&#8221;1\/2&#8243;][vc_single_image image=&#8221;22170&#8243; img_size=&#8221;full&#8221; onclick=&#8221;custom_link&#8221; qode_css_animation=&#8221;&#8221; link=&#8221;\/chevyplan\/heroes_del_ahorro_armando_rojas\/&#8221;][\/vc_column][vc_column width=&#8221;1\/2&#8243; el_class=&#8221;contehistorico&#8221;][vc_column_text]<\/p>\n<h2 style=\"font-size: 35px; line-height: 36px; color: #52565b;\">ARMANDO ROJAS, EJEMPLO DE QUE EL AHORRO NO ES UN SACRIFICIO, PORQUE VALE LA PENA<\/h2>\n<p>Conoce la historia de este hombre que descubri\u00f3 que los sue\u00f1os s\u00ed se cumplen. Los d\u00edas buenos siempre deben superar los malos, al menos esa es la filosof\u00eda de Armando Rojas, un ciudadano que, como muchos, ha vivido \u201clas duras y las maduras\u201d&#8230;.[\/vc_column_text]<a href=\"\/chevyplan\/heroes_del_ahorro_armando_rojas\/\" target=\"_self\"  class=\"qbutton \" style=\"\">Conoce su historia aqu\u00ed<\/a>[\/vc_column][\/vc_row][vc_row row_type=&#8221;row&#8221; use_row_as_full_screen_section=&#8221;no&#8221; type=&#8221;grid&#8221; text_align=&#8221;left&#8221; background_animation=&#8221;none&#8221; padding_top=&#8221;30&#8243; padding_bottom=&#8221;60&#8243; css_animation=&#8221;&#8221; background_color=&#8221;#ffffff&#8221; css=&#8221;.vc_custom_1618320529451{background-color: #f4f4f2 !important;}&#8221;][vc_column width=&#8221;1\/2&#8243;][vc_single_image image=&#8221;22171&#8243; img_size=&#8221;full&#8221; onclick=&#8221;custom_link&#8221; qode_css_animation=&#8221;&#8221; link=&#8221;\/chevyplan\/heroes_del_ahorro_julian_monroy\/&#8221;][\/vc_column][vc_column width=&#8221;1\/2&#8243; el_class=&#8221;contehistorico&#8221;][vc_column_text]<\/p>\n<h2 style=\"font-size: 35px; line-height: 36px; color: #52565b;\">JULI\u00c1N MONROY, UN AHORRADOR QUE SO\u00d1ABA DESDE PEQUE\u00d1O CON TENER SU PROPIO CARRO<\/h2>\n<p>Conoce la historia de este joven bogotano que encontr\u00f3 el modelo ideal para obtener su auto. \u201cLa emoci\u00f3n de tener el primer carro no se olvida. Es una experiencia para la que nunca te preparan, pero que se siente como un sue\u00f1o logrado\u201d, confiesa Juli\u00e1n Monroy&#8230;[\/vc_column_text]<a href=\"\/chevyplan\/heroes_del_ahorro_julian_monroy\/\" target=\"_self\"  class=\"qbutton \" style=\"\">Conoce su historia aqu\u00ed<\/a>[\/vc_column][\/vc_row][vc_row row_type=&#8221;row&#8221; use_row_as_full_screen_section=&#8221;no&#8221; type=&#8221;grid&#8221; text_align=&#8221;left&#8221; background_animation=&#8221;none&#8221; padding_top=&#8221;30&#8243; padding_bottom=&#8221;60&#8243; css_animation=&#8221;&#8221; background_color=&#8221;#ffffff&#8221; css=&#8221;.vc_custom_1618320529451{background-color: #f4f4f2 !important;}&#8221;][vc_column width=&#8221;1\/2&#8243;][vc_single_image image=&#8221;22256&#8243; img_size=&#8221;full&#8221; onclick=&#8221;custom_link&#8221; qode_css_animation=&#8221;&#8221; link=&#8221;\/chevyplan\/heroes_del_ahorro_hector_reyes\/&#8221;][\/vc_column][vc_column width=&#8221;1\/2&#8243; el_class=&#8221;contehistorico&#8221;][vc_column_text]<\/p>\n<h2 style=\"font-size: 35px; line-height: 36px; color: #52565b;\">H\u00c9CTOR REYES, UN SO\u00d1ADOR QUE INICI\u00d3 EL A\u00d1O CON CARRO NUEVO.<\/h2>\n<p>Conozca la historia de este joven que encontr\u00f3 en ChevyPlan\u00ae un aliado de lujo.<br \/>\nDesde que tiene memoria se imagin\u00f3 tener carro propio. A\u00f1oraba verse recorriendo las calles de Bogot\u00e1, la ciudad donde vive, pero sin olvidar su Fusagasug\u00e1 del alma&#8230;[\/vc_column_text]<a href=\"\/chevyplan\/heroes_del_ahorro_hector_reyes\/\" target=\"_self\"  class=\"qbutton \" style=\"\">Conoce su historia aqu\u00ed<\/a>[\/vc_column][\/vc_row][vc_row row_type=&#8221;row&#8221; use_row_as_full_screen_section=&#8221;no&#8221; type=&#8221;grid&#8221; text_align=&#8221;left&#8221; background_animation=&#8221;none&#8221; padding_top=&#8221;30&#8243; padding_bottom=&#8221;60&#8243; css_animation=&#8221;&#8221; background_color=&#8221;#ffffff&#8221; css=&#8221;.vc_custom_1618320529451{background-color: #f4f4f2 !important;}&#8221;][vc_column width=&#8221;1\/2&#8243;][vc_single_image image=&#8221;22260&#8243; img_size=&#8221;full&#8221; onclick=&#8221;custom_link&#8221; qode_css_animation=&#8221;&#8221; link=&#8221;\/chevyplan\/heroes_del_ahorro_nicolas_rincon\/&#8221;][\/vc_column][vc_column width=&#8221;1\/2&#8243; el_class=&#8221;contehistorico&#8221;][vc_column_text]<\/p>\n<h2 style=\"font-size: 35px; line-height: 36px; color: #52565b;\">NICOL\u00c1S RINC\u00d3N, UN AHORRADOR QUE LOGR\u00d3 EL CARRO QUE SIEMPRE SO\u00d1\u00d3.<\/h2>\n<p>Conozca la historia de este realizador audiovisual y su compa\u00f1ero vinotinto<br \/>\nEran \u00e9pocas de ex\u00e1menes, de trabajos y entregas finales, de comenzar a ver el futuro y de trabajar por esos sue\u00f1os tan anhelados&#8230;[\/vc_column_text]<a href=\"\/chevyplan\/heroes_del_ahorro_nicolas_rincon\/\" target=\"_self\"  class=\"qbutton \" style=\"\">Conoce su historia aqu\u00ed<\/a>[\/vc_column][\/vc_row][vc_row row_type=&#8221;row&#8221; use_row_as_full_screen_section=&#8221;no&#8221; type=&#8221;grid&#8221; text_align=&#8221;left&#8221; background_animation=&#8221;none&#8221; padding_top=&#8221;30&#8243; padding_bottom=&#8221;60&#8243; css_animation=&#8221;&#8221; background_color=&#8221;#ffffff&#8221; css=&#8221;.vc_custom_1618320529451{background-color: #f4f4f2 !important;}&#8221;][vc_column width=&#8221;1\/2&#8243;][vc_single_image image=&#8221;22302&#8243; img_size=&#8221;full&#8221; onclick=&#8221;custom_link&#8221; qode_css_animation=&#8221;&#8221; link=&#8221;\/chevyplan\/heroes_del_ahorro_luisa_cespedes\/&#8221;][\/vc_column][vc_column width=&#8221;1\/2&#8243; el_class=&#8221;contehistorico&#8221;][vc_column_text]<\/p>\n<h2 style=\"font-size: 35px; line-height: 36px; color: #52565b;\">LUISA C\u00c9SPEDES, UNA AHORRADORA QUE CONQUIST\u00d3 KIL\u00d3METROS EN SU CARRO.<\/h2>\n<p>Esta mujer nos cont\u00f3 su historia para adquirir el carro que siempre quiso.<br \/>\nLuisa Fernanda C\u00e9spedes ha vivido entre Ibagu\u00e9 y Bogot\u00e1 por su trabajo en psicolog\u00eda y el cuidado de su hija. Es una mujer positiva y de metas claras&#8230;[\/vc_column_text]<a href=\"\/chevyplan\/heroes_del_ahorro_luisa_cespedes\/\" target=\"_self\"  class=\"qbutton \" style=\"\">Conoce su historia aqu\u00ed<\/a>[\/vc_column][\/vc_row][vc_row row_type=&#8221;row&#8221; use_row_as_full_screen_section=&#8221;no&#8221; type=&#8221;grid&#8221; text_align=&#8221;left&#8221; background_animation=&#8221;none&#8221; padding_top=&#8221;30&#8243; padding_bottom=&#8221;60&#8243; css_animation=&#8221;&#8221; background_color=&#8221;#ffffff&#8221; css=&#8221;.vc_custom_1618320529451{background-color: #f4f4f2 !important;}&#8221;][vc_column width=&#8221;1\/2&#8243;][vc_single_image image=&#8221;22263&#8243; img_size=&#8221;full&#8221; onclick=&#8221;custom_link&#8221; qode_css_animation=&#8221;&#8221; link=&#8221;\/chevyplan\/heroes_del_ahorro_amparo_perez\/&#8221;][\/vc_column][vc_column width=&#8221;1\/2&#8243; el_class=&#8221;contehistorico&#8221;][vc_column_text]<\/p>\n<h2 style=\"font-size: 35px; line-height: 36px; color: #52565b;\">AMPARO P\u00c9REZ: UNA HERO\u00cdNA DEL AHORRO<\/h2>\n<p>El primero de febrero de 2020 cambi\u00f3 todo para Amparo P\u00e9rez, una abogada que trabaja en el occidente de la ciudad de Bogot\u00e1. Su vida tom\u00f3 otro camino en un abrir y cerrar de ojos. Ya no era la misma que se vio al espejo antes&#8230;[\/vc_column_text]<a href=\"\/chevyplan\/heroes_del_ahorro_amparo_perez\/\" target=\"_self\"  class=\"qbutton \" style=\"\">Conoce su historia aqu\u00ed<\/a>[\/vc_column][\/vc_row][vc_row row_type=&#8221;row&#8221; use_row_as_full_screen_section=&#8221;no&#8221; type=&#8221;full_width&#8221; text_align=&#8221;left&#8221; background_animation=&#8221;none&#8221; padding_top=&#8221;55&#8243; padding_bottom=&#8221;55&#8243; css_animation=&#8221;&#8221; background_color=&#8221;#f5f5f5&#8243; css=&#8221;.vc_custom_1618242623360{background-color: #ecece8 !important;}&#8221;][vc_column][vc_row_inner row_type=&#8221;row&#8221; type=&#8221;grid&#8221; use_row_as_full_screen_section_slide=&#8221;no&#8221; text_align=&#8221;left&#8221; css_animation=&#8221;&#8221; el_class=&#8221;footerlinks&#8221;][vc_column_inner width=&#8221;1\/3&#8243; css=&#8221;.vc_custom_1618243178152{margin-bottom: 30px !important;}&#8221;][vc_column_text css=&#8221;.vc_custom_1618244435568{margin-bottom: 25px !important;}&#8221;]<\/p>\n<h5>ChevyPlan<\/h5>\n<p>[\/vc_column_text][vc_widget_sidebar sidebar_id=&#8221;footer-home&#8221;][\/vc_column_inner][vc_column_inner width=&#8221;1\/3&#8243; css=&#8221;.vc_custom_1618243185880{margin-bottom: 30px !important;}&#8221;][vc_column_text css=&#8221;.vc_custom_1618244440316{margin-bottom: 25px !important;}&#8221;]<\/p>\n<h5>\u00bfD\u00f3nde estamos?<\/h5>\n<p>[\/vc_column_text][vc_column_text]Oficina principal<br \/>\nCr 7ma # 75- 26 \/ Bogot\u00e1, Colombia<\/p>\n<p>&nbsp;<\/p>\n<p><strong>Bogot\u00e1 D.C\u00a0<\/strong> (+1) 376 9120<br \/>\n<strong>A nivel nacional<\/strong> 01 8000 910 747[\/vc_column_text][\/vc_column_inner][vc_column_inner width=&#8221;1\/3&#8243; css=&#8221;.vc_custom_1618243193935{margin-bottom: 30px !important;}&#8221;][vc_column_text css=&#8221;.vc_custom_1618244453005{margin-bottom: 25px !important;}&#8221;]<\/p>\n<h5>Documentos legales<\/h5>\n<p>[\/vc_column_text][vc_widget_sidebar sidebar_id=&#8221;datos&#8221;][\/vc_column_inner][\/vc_row_inner][vc_row_inner row_type=&#8221;row&#8221; type=&#8221;grid&#8221; use_row_as_full_screen_section_slide=&#8221;no&#8221; text_align=&#8221;center&#8221; css_animation=&#8221;&#8221;][vc_column_inner el_class=&#8221;textofooterinferior&#8221;][vc_single_image image=&#8221;21581&#8243; img_size=&#8221;full&#8221; onclick=&#8221;custom_link&#8221; img_link_target=&#8221;_blank&#8221; qode_css_animation=&#8221;&#8221; link=&#8221;https:\/\/www.chevyplan.com.co\/&#8221;][\/vc_column_inner][\/vc_row_inner][\/vc_column][\/vc_row][vc_row row_type=&#8221;row&#8221; use_row_as_full_screen_section=&#8221;no&#8221; type=&#8221;full_width&#8221; text_align=&#8221;left&#8221; background_animation=&#8221;none&#8221; padding_top=&#8221;30&#8243; padding_bottom=&#8221;30&#8243; css_animation=&#8221;&#8221; background_color=&#8221;#f5f5f5&#8243; css=&#8221;.vc_custom_1618241246096{background-color: #96989a !important;}&#8221;][vc_column][vc_row_inner row_type=&#8221;row&#8221; type=&#8221;grid&#8221; use_row_as_full_screen_section_slide=&#8221;no&#8221; text_align=&#8221;center&#8221; css_animation=&#8221;&#8221;][vc_column_inner el_class=&#8221;textofooterinferior&#8221;][vc_column_text]<strong>ChevyPlan\u00ae S.A.<\/strong> Sociedad Administradora de Planes de Autofinanciamiento Comercial. Vigilada por la Superintendencia de Sociedades. Conoce las condiciones del Plan de Ahorro Programado y los t\u00e9rminos del pago de cuotas respecto de los contratos de adhesi\u00f3n de <strong>ChevyPlan\u00ae<\/strong>, beneficios u obsequios a la comunidad, ingresando a nuestro sitio web www.chevyplan.com.co o en cualquiera de nuestros puntos de venta. Todo cliente y\/o visitante debe respetar, atender y aplicar las medidas de bioseguridad en los horarios de atenci\u00f3n establecidos por<strong> ChevyPlan\u00ae<\/strong> (Concesionario y\/o centro comercial), dando as\u00ed cumplimiento a la normatividad vigente o cualquier restricci\u00f3n que se presente en cada ciudad con ocasi\u00f3n a la emergencia sanitaria por el Covid-19. Esta actividad se ejecuta con atenci\u00f3n virtual y excepcionalmente presencial. Las im\u00e1genes y fotograf\u00edas de la publicidad son de referencia.[\/vc_column_text][\/vc_column_inner][\/vc_row_inner][\/vc_column][\/vc_row]<\/p>\n","protected":false},"excerpt":{"rendered":"<p>[vc_row row_type=&#8221;row&#8221; use_row_as_full_screen_section=&#8221;no&#8221; type=&#8221;grid&#8221; text_align=&#8221;left&#8221; background_animation=&#8221;none&#8221; padding_top=&#8221;40&#8243; padding_bottom=&#8221;20&#8243; css_animation=&#8221;&#8221; background_color=&#8221;#ffffff&#8221; css=&#8221;.vc_custom_1618320552042{background-color: #f4f4f2 !important;}&#8221; el_class=&#8221;butvolverinicio&#8221;][vc_column][\/vc_column][\/vc_row][vc_row row_type=&#8221;row&#8221; use_row_as_full_screen_section=&#8221;no&#8221; type=&#8221;grid&#8221; text_align=&#8221;left&#8221; background_animation=&#8221;none&#8221; padding_top=&#8221;30&#8243; padding_bottom=&#8221;60&#8243; css_animation=&#8221;&#8221; background_color=&#8221;#ffffff&#8221; css=&#8221;.vc_custom_1618320529451{background-color: #f4f4f2 !important;}&#8221;][vc_column width=&#8221;1\/2&#8243;][vc_single_image image=&#8221;22253&#8243; img_size=&#8221;full&#8221; onclick=&#8221;custom_link&#8221; qode_css_animation=&#8221;&#8221; link=&#8221;\/chevyplan\/heroes_del_ahorro_carolina_castillo\/&#8221;][\/vc_column][vc_column width=&#8221;1\/2&#8243; el_class=&#8221;contehistorico&#8221;][vc_column_text] CAROLINA CASTILLO, UNA SO\u00d1ADORA QUE SAB\u00cdA QUE EL AHORRO IBA A&#8230;<\/p>\n","protected":false},"author":1,"featured_media":0,"parent":0,"menu_order":0,"comment_status":"open","ping_status":"open","template":"full_width.php","meta":{"footnotes":""},"class_list":["post-22299","page","type-page","status-publish","hentry"],"yoast_head":"<!-- This site is optimized with the Yoast SEO plugin v17.8 - https:\/\/yoast.com\/wordpress\/plugins\/seo\/ -->\n<title>H\u00e9roes del ahorro - Chevyplan<\/title>\n<meta name=\"robots\" content=\"index, follow, max-snippet:-1, max-image-preview:large, max-video-preview:-1\" \/>\n<link rel=\"canonical\" href=\"https:\/\/especiales.publimetro.co\/chevyplan\/historico-heroes-del-ahorro\/\" \/>\n<meta property=\"og:locale\" content=\"es_ES\" \/>\n<meta property=\"og:type\" content=\"article\" \/>\n<meta property=\"og:title\" content=\"H\u00e9roes del ahorro - Chevyplan\" \/>\n<meta property=\"og:description\" content=\"[vc_row row_type=&#8221;row&#8221; use_row_as_full_screen_section=&#8221;no&#8221; type=&#8221;grid&#8221; text_align=&#8221;left&#8221; background_animation=&#8221;none&#8221; padding_top=&#8221;40&#8243; padding_bottom=&#8221;20&#8243; css_animation=&#8221;&#8221; background_color=&#8221;#ffffff&#8221; css=&#8221;.vc_custom_1618320552042{background-color: #f4f4f2 !important;}&#8221; el_class=&#8221;butvolverinicio&#8221;][vc_column][\/vc_column][\/vc_row][vc_row row_type=&#8221;row&#8221; use_row_as_full_screen_section=&#8221;no&#8221; type=&#8221;grid&#8221; text_align=&#8221;left&#8221; background_animation=&#8221;none&#8221; padding_top=&#8221;30&#8243; padding_bottom=&#8221;60&#8243; css_animation=&#8221;&#8221; background_color=&#8221;#ffffff&#8221; css=&#8221;.vc_custom_1618320529451{background-color: #f4f4f2 !important;}&#8221;][vc_column width=&#8221;1\/2&#8243;][vc_single_image image=&#8221;22253&#8243; img_size=&#8221;full&#8221; onclick=&#8221;custom_link&#8221; qode_css_animation=&#8221;&#8221; link=&#8221;\/chevyplan\/heroes_del_ahorro_carolina_castillo\/&#8221;][\/vc_column][vc_column width=&#8221;1\/2&#8243; el_class=&#8221;contehistorico&#8221;][vc_column_text] CAROLINA CASTILLO, UNA SO\u00d1ADORA QUE SAB\u00cdA QUE EL AHORRO IBA A...\" \/>\n<meta property=\"og:url\" content=\"https:\/\/especiales.publimetro.co\/chevyplan\/historico-heroes-del-ahorro\/\" \/>\n<meta property=\"og:site_name\" content=\"Chevyplan\" \/>\n<meta property=\"article:modified_time\" content=\"2021-04-20T18:17:03+00:00\" \/>\n<meta name=\"twitter:card\" content=\"summary_large_image\" \/>\n<meta name=\"twitter:label1\" content=\"Tiempo estimado de lectura\" \/>\n\t<meta name=\"twitter:data1\" content=\"5 minutos\" \/>\n<!-- \/ Yoast SEO plugin. -->","yoast_head_json":{"title":"H\u00e9roes del ahorro - Chevyplan","robots":{"index":"index","follow":"follow","max-snippet":"max-snippet:-1","max-image-preview":"max-image-preview:large","max-video-preview":"max-video-preview:-1"},"canonical":"https:\/\/especiales.publimetro.co\/chevyplan\/historico-heroes-del-ahorro\/","og_locale":"es_ES","og_type":"article","og_title":"H\u00e9roes del ahorro - Chevyplan","og_description":"[vc_row row_type=&#8221;row&#8221; use_row_as_full_screen_section=&#8221;no&#8221; type=&#8221;grid&#8221; text_align=&#8221;left&#8221; background_animation=&#8221;none&#8221; padding_top=&#8221;40&#8243; padding_bottom=&#8221;20&#8243; css_animation=&#8221;&#8221; background_color=&#8221;#ffffff&#8221; css=&#8221;.vc_custom_1618320552042{background-color: #f4f4f2 !important;}&#8221; el_class=&#8221;butvolverinicio&#8221;][vc_column][\/vc_column][\/vc_row][vc_row row_type=&#8221;row&#8221; use_row_as_full_screen_section=&#8221;no&#8221; type=&#8221;grid&#8221; text_align=&#8221;left&#8221; background_animation=&#8221;none&#8221; padding_top=&#8221;30&#8243; padding_bottom=&#8221;60&#8243; css_animation=&#8221;&#8221; background_color=&#8221;#ffffff&#8221; css=&#8221;.vc_custom_1618320529451{background-color: #f4f4f2 !important;}&#8221;][vc_column width=&#8221;1\/2&#8243;][vc_single_image image=&#8221;22253&#8243; img_size=&#8221;full&#8221; onclick=&#8221;custom_link&#8221; qode_css_animation=&#8221;&#8221; link=&#8221;\/chevyplan\/heroes_del_ahorro_carolina_castillo\/&#8221;][\/vc_column][vc_column width=&#8221;1\/2&#8243; el_class=&#8221;contehistorico&#8221;][vc_column_text] CAROLINA CASTILLO, UNA SO\u00d1ADORA QUE SAB\u00cdA QUE EL AHORRO IBA A...","og_url":"https:\/\/especiales.publimetro.co\/chevyplan\/historico-heroes-del-ahorro\/","og_site_name":"Chevyplan","article_modified_time":"2021-04-20T18:17:03+00:00","twitter_card":"summary_large_image","twitter_misc":{"Tiempo estimado de lectura":"5 minutos"},"schema":{"@context":"https:\/\/schema.org","@graph":[{"@type":"WebSite","@id":"http:\/\/especiales.publimetro.co\/chevyplan\/#website","url":"http:\/\/especiales.publimetro.co\/chevyplan\/","name":"Chevyplan","description":"Otro sitio realizado con WordPress","potentialAction":[{"@type":"SearchAction","target":{"@type":"EntryPoint","urlTemplate":"http:\/\/especiales.publimetro.co\/chevyplan\/?s={search_term_string}"},"query-input":"required name=search_term_string"}],"inLanguage":"es-CO"},{"@type":"WebPage","@id":"https:\/\/especiales.publimetro.co\/chevyplan\/historico-heroes-del-ahorro\/#webpage","url":"https:\/\/especiales.publimetro.co\/chevyplan\/historico-heroes-del-ahorro\/","name":"H\u00e9roes del ahorro - Chevyplan","isPartOf":{"@id":"http:\/\/especiales.publimetro.co\/chevyplan\/#website"},"datePublished":"2021-04-16T14:30:45+00:00","dateModified":"2021-04-20T18:17:03+00:00","breadcrumb":{"@id":"https:\/\/especiales.publimetro.co\/chevyplan\/historico-heroes-del-ahorro\/#breadcrumb"},"inLanguage":"es-CO","potentialAction":[{"@type":"ReadAction","target":["https:\/\/especiales.publimetro.co\/chevyplan\/historico-heroes-del-ahorro\/"]}]},{"@type":"BreadcrumbList","@id":"https:\/\/especiales.publimetro.co\/chevyplan\/historico-heroes-del-ahorro\/#breadcrumb","itemListElement":[{"@type":"ListItem","position":1,"name":"Home","item":"http:\/\/especiales.publimetro.co\/chevyplan\/"},{"@type":"ListItem","position":2,"name":"H\u00e9roes del ahorro"}]}]}},"_links":{"self":[{"href":"https:\/\/especiales.publimetro.co\/chevyplan\/wp-json\/wp\/v2\/pages\/22299","targetHints":{"allow":["GET"]}}],"collection":[{"href":"https:\/\/especiales.publimetro.co\/chevyplan\/wp-json\/wp\/v2\/pages"}],"about":[{"href":"https:\/\/especiales.publimetro.co\/chevyplan\/wp-json\/wp\/v2\/types\/page"}],"author":[{"embeddable":true,"href":"https:\/\/especiales.publimetro.co\/chevyplan\/wp-json\/wp\/v2\/users\/1"}],"replies":[{"embeddable":true,"href":"https:\/\/especiales.publimetro.co\/chevyplan\/wp-json\/wp\/v2\/comments?post=22299"}],"version-history":[{"count":21,"href":"https:\/\/especiales.publimetro.co\/chevyplan\/wp-json\/wp\/v2\/pages\/22299\/revisions"}],"predecessor-version":[{"id":22573,"href":"https:\/\/especiales.publimetro.co\/chevyplan\/wp-json\/wp\/v2\/pages\/22299\/revisions\/22573"}],"wp:attachment":[{"href":"https:\/\/especiales.publimetro.co\/chevyplan\/wp-json\/wp\/v2\/media?parent=22299"}],"curies":[{"name":"wp","href":"https:\/\/api.w.org\/{rel}","templated":true}]}}