{"id":22267,"date":"2021-04-16T08:44:06","date_gmt":"2021-04-16T13:44:06","guid":{"rendered":"https:\/\/especiales.publimetro.co\/chevyplan\/?page_id=22267"},"modified":"2021-06-30T15:50:29","modified_gmt":"2021-06-30T20:50:29","slug":"historico-hablemos-de","status":"publish","type":"page","link":"https:\/\/especiales.publimetro.co\/chevyplan\/historico-hablemos-de\/","title":{"rendered":"Hablemos de&#8230;"},"content":{"rendered":"<p>[vc_row row_type=&#8221;row&#8221; use_row_as_full_screen_section=&#8221;no&#8221; type=&#8221;grid&#8221; text_align=&#8221;left&#8221; background_animation=&#8221;none&#8221; padding_top=&#8221;40&#8243; padding_bottom=&#8221;20&#8243; css_animation=&#8221;&#8221; background_color=&#8221;#ffffff&#8221; css=&#8221;.vc_custom_1618320552042{background-color: #f4f4f2 !important;}&#8221; el_class=&#8221;butvolverinicio&#8221;][vc_column]<a href=\"javascript:history.back()\" target=\"_self\"  class=\"qbutton \" style=\"\">Volver al inicio<\/a>[\/vc_column][\/vc_row][vc_row row_type=&#8221;row&#8221; use_row_as_full_screen_section=&#8221;no&#8221; type=&#8221;grid&#8221; text_align=&#8221;left&#8221; background_animation=&#8221;none&#8221; padding_top=&#8221;30&#8243; padding_bottom=&#8221;60&#8243; css_animation=&#8221;&#8221; background_color=&#8221;#ffffff&#8221; css=&#8221;.vc_custom_1618320529451{background-color: #f4f4f2 !important;}&#8221;][vc_column width=&#8221;1\/2&#8243;][vc_single_image image=&#8221;22746&#8243; img_size=&#8221;full&#8221; onclick=&#8221;custom_link&#8221; qode_css_animation=&#8221;&#8221; link=&#8221;\/chevyplan\/ahorro-programado-con-chevyplan-una-alternativa-real-e-inteligente-para-comprar-carro-propio\/&#8221;][\/vc_column][vc_column width=&#8221;1\/2&#8243; el_class=&#8221;contehistorico&#8221;][vc_column_text]<\/p>\n<h2 style=\"font-size: 35px; line-height: 36px; color: #52565b;\">AHORRO PROGRAMADO CON CHEVYPLAN\u00ae, UNA ALTERNATIVA REAL E INTELIGENTE PARA COMPRAR CARRO PROPIO<\/h2>\n<p>Tener una cultura del ahorro es muy importante y se lleva acabo por iniciativa propia tratando de organizar bien los ingresos y gastos&#8230;[\/vc_column_text]<a href=\"\/chevyplan\/ahorro-programado-con-chevyplan-una-alternativa-real-e-inteligente-para-comprar-carro-propio\/\" target=\"_self\"  class=\"qbutton \" style=\"\">Conoce m\u00e1s aqu\u00ed<\/a>[\/vc_column][\/vc_row][vc_row row_type=&#8221;row&#8221; use_row_as_full_screen_section=&#8221;no&#8221; type=&#8221;grid&#8221; text_align=&#8221;left&#8221; background_animation=&#8221;none&#8221; padding_top=&#8221;30&#8243; padding_bottom=&#8221;60&#8243; css_animation=&#8221;&#8221; background_color=&#8221;#ffffff&#8221; css=&#8221;.vc_custom_1618320529451{background-color: #f4f4f2 !important;}&#8221;][vc_column width=&#8221;1\/2&#8243;][vc_single_image image=&#8221;22709&#8243; img_size=&#8221;full&#8221; onclick=&#8221;custom_link&#8221; qode_css_animation=&#8221;&#8221; link=&#8221;\/chevyplan\/como-planear-y-cumplir-tus-suenos-sin-morir-en-el-intento\/&#8221;][\/vc_column][vc_column width=&#8221;1\/2&#8243; el_class=&#8221;contehistorico&#8221;][vc_column_text]<\/p>\n<h2 style=\"font-size: 35px; line-height: 36px; color: #52565b;\">\u00bfC\u00d3MO PLANEAR Y CUMPLIR TUS SUE\u00d1OS SIN MORIR EN EL INTENTO?<\/h2>\n<p>Ten en cuenta estas recomendaciones para que tus objetivos puedan ser alcanzados de la mejor manera. Todas las personas tienen sue\u00f1os, sin importar su magnitud. Sin embargo, la cuesti\u00f3n para muchos puede ser por c\u00f3mo hacerlos realidad&#8230;[\/vc_column_text]<a href=\"\/chevyplan\/como-planear-y-cumplir-tus-suenos-sin-morir-en-el-intento\/\" target=\"_self\"  class=\"qbutton \" style=\"\">Conoce m\u00e1s aqu\u00ed<\/a>[\/vc_column][\/vc_row][vc_row row_type=&#8221;row&#8221; use_row_as_full_screen_section=&#8221;no&#8221; type=&#8221;grid&#8221; text_align=&#8221;left&#8221; background_animation=&#8221;none&#8221; padding_top=&#8221;30&#8243; padding_bottom=&#8221;60&#8243; css_animation=&#8221;&#8221; background_color=&#8221;#ffffff&#8221; css=&#8221;.vc_custom_1618320529451{background-color: #f4f4f2 !important;}&#8221;][vc_column width=&#8221;1\/2&#8243;][vc_single_image image=&#8221;22182&#8243; img_size=&#8221;full&#8221; onclick=&#8221;custom_link&#8221; qode_css_animation=&#8221;&#8221; link=&#8221;\/chevyplan\/hablemos-de-cuatro-consejos-para-que-te-conviertas-en-un-heroe-del-ahorro\/&#8221;][\/vc_column][vc_column width=&#8221;1\/2&#8243; el_class=&#8221;contehistorico&#8221;][vc_column_text]<\/p>\n<h2 style=\"font-size: 35px; line-height: 36px; color: #52565b;\">CUATRO CONSEJOS PARA QUE TE CONVIERTAS EN UN H\u00c9ROE DEL AHORRO<\/h2>\n<p>Aqu\u00ed te daremos unas recomendaciones que te ayudaran a cumplir tus sue\u00f1os.<br \/>\nEncontrar la mejor forma de ahorro es uno de los anhelos m\u00e1s importantes para los colombianos. A pesar de las adversidades que se puedan encontrar&#8230;[\/vc_column_text]<a href=\"\/chevyplan\/hablemos-de-cuatro-consejos-para-que-te-conviertas-en-un-heroe-del-ahorro\/\" target=\"_self\"  class=\"qbutton \" style=\"\">Conoce m\u00e1s aqu\u00ed<\/a>[\/vc_column][\/vc_row][vc_row row_type=&#8221;row&#8221; use_row_as_full_screen_section=&#8221;no&#8221; type=&#8221;grid&#8221; text_align=&#8221;left&#8221; background_animation=&#8221;none&#8221; padding_top=&#8221;30&#8243; padding_bottom=&#8221;60&#8243; css_animation=&#8221;&#8221; background_color=&#8221;#ffffff&#8221; css=&#8221;.vc_custom_1618320529451{background-color: #f4f4f2 !important;}&#8221;][vc_column width=&#8221;1\/2&#8243;][vc_single_image image=&#8221;22183&#8243; img_size=&#8221;full&#8221; onclick=&#8221;custom_link&#8221; qode_css_animation=&#8221;&#8221; link=&#8221;\/chevyplan\/hablemos-de-ahorro-por-que-el-ahorro-programado-es-la-mejor-opcion\/&#8221;][\/vc_column][vc_column width=&#8221;1\/2&#8243; el_class=&#8221;contehistorico&#8221;][vc_column_text]<\/p>\n<h2 style=\"font-size: 35px; line-height: 36px; color: #52565b;\">\u00bfPOR QU\u00c9 EL AHORRO PROGRAMADO ES LA MEJOR OPCI\u00d3N?<\/h2>\n<p>Conoce m\u00e1s de este modelo que har\u00e1 que tus sue\u00f1os se hagan realidad.<br \/>\nEn un a\u00f1o de cambios, sin duda, la toma de decisiones se convirti\u00f3 en una herramienta fundamental para los ahorradores&#8230;[\/vc_column_text]<a href=\"\/chevyplan\/hablemos-de-ahorro-por-que-el-ahorro-programado-es-la-mejor-opcion\/\" target=\"_self\"  class=\"qbutton \" style=\"\">Conoce m\u00e1s aqu\u00ed<\/a>[\/vc_column][\/vc_row][vc_row row_type=&#8221;row&#8221; use_row_as_full_screen_section=&#8221;no&#8221; type=&#8221;grid&#8221; text_align=&#8221;left&#8221; background_animation=&#8221;none&#8221; padding_top=&#8221;30&#8243; padding_bottom=&#8221;60&#8243; css_animation=&#8221;&#8221; background_color=&#8221;#ffffff&#8221; css=&#8221;.vc_custom_1618320529451{background-color: #f4f4f2 !important;}&#8221;][vc_column width=&#8221;1\/2&#8243;][vc_single_image image=&#8221;22203&#8243; img_size=&#8221;full&#8221; onclick=&#8221;custom_link&#8221; qode_css_animation=&#8221;&#8221; link=&#8221;\/chevyplan\/hablemos_de_una_empresa_comprometida\/&#8221;][\/vc_column][vc_column width=&#8221;1\/2&#8243; el_class=&#8221;contehistorico&#8221;][vc_column_text]<\/p>\n<h2 style=\"font-size: 35px; line-height: 36px; color: #52565b;\">UNA EMPRESA COMPROMETIDA CON LOS COLOMBIANOS<\/h2>\n<p>\u201cNo ahorres lo que te queda despu\u00e9s de gastar, gasta lo que te queda despu\u00e9s de ahorrar\u201d, es una de las recomendaciones del empresario y experto en econom\u00eda, Warren Buffett. Muchos colombianos han so\u00f1ado con tener su propio carro&#8230;[\/vc_column_text]<a href=\"\/chevyplan\/hablemos_de_una_empresa_comprometida\/\" target=\"_self\"  class=\"qbutton \" style=\"\">Conoce m\u00e1s aqu\u00ed<\/a>[\/vc_column][\/vc_row][vc_row row_type=&#8221;row&#8221; use_row_as_full_screen_section=&#8221;no&#8221; type=&#8221;grid&#8221; text_align=&#8221;left&#8221; background_animation=&#8221;none&#8221; padding_top=&#8221;30&#8243; padding_bottom=&#8221;60&#8243; css_animation=&#8221;&#8221; background_color=&#8221;#ffffff&#8221; css=&#8221;.vc_custom_1618320529451{background-color: #f4f4f2 !important;}&#8221;][vc_column width=&#8221;1\/2&#8243;][vc_single_image image=&#8221;22184&#8243; img_size=&#8221;full&#8221; onclick=&#8221;custom_link&#8221; qode_css_animation=&#8221;&#8221; link=&#8221;\/chevyplan\/hablemos-de-por-que-es-importante-el-ahorro-programado\/&#8221;][\/vc_column][vc_column width=&#8221;1\/2&#8243; el_class=&#8221;contehistorico&#8221;][vc_column_text]<\/p>\n<h2 style=\"font-size: 35px; line-height: 36px; color: #52565b;\">\u00bfPOR QU\u00c9 ES IMPORTANTE EL AHORRO PROGRAMADO Y QU\u00c9 SE PUEDE HACER CON ESTE DINERO?<\/h2>\n<p>Los sue\u00f1os no paran ni siquiera en los momentos m\u00e1s dif\u00edciles, y esto se ve reflejado en que los colombianos, a pesar de la situaci\u00f3n que afronta el pa\u00eds y el mundo, contin\u00faan trabajando por sus metas y objetivos planteados desde inicio de a\u00f1o&#8230;[\/vc_column_text]<a href=\"\/chevyplan\/hablemos-de-por-que-es-importante-el-ahorro-programado\/\" target=\"_self\"  class=\"qbutton \" style=\"\">Conoce m\u00e1s aqu\u00ed<\/a>[\/vc_column][\/vc_row][vc_row row_type=&#8221;row&#8221; use_row_as_full_screen_section=&#8221;no&#8221; type=&#8221;grid&#8221; text_align=&#8221;left&#8221; background_animation=&#8221;none&#8221; padding_top=&#8221;30&#8243; padding_bottom=&#8221;60&#8243; css_animation=&#8221;&#8221; background_color=&#8221;#ffffff&#8221; css=&#8221;.vc_custom_1618320529451{background-color: #f4f4f2 !important;}&#8221;][vc_column width=&#8221;1\/2&#8243;][vc_single_image image=&#8221;22185&#8243; img_size=&#8221;full&#8221; onclick=&#8221;custom_link&#8221; qode_css_animation=&#8221;&#8221; link=&#8221;\/chevyplan\/hablemos-de-comprar-carro-en-el-post-covid\/&#8221;][\/vc_column][vc_column width=&#8221;1\/2&#8243; el_class=&#8221;contehistorico&#8221;][vc_column_text]<\/p>\n<h2 style=\"font-size: 35px; line-height: 36px; color: #52565b;\">\u00bfCOMPRAR CARRO EN EL POST-COVID, UNA SOLUCI\u00d3N PARA PROTEGERSE DEL CONTAGIO?<\/h2>\n<p>La situaci\u00f3n actual por la que atraviesa la sociedad a nivel mundial, ha hecho que las personas piensen en nuevas formas para transportarse, ya que el transporte p\u00fablico puede ser un punto de contagio por las limitaciones de espacio que hay en el sistema&#8230;[\/vc_column_text]<a href=\"\/chevyplan\/hablemos-de-comprar-carro-en-el-post-covid\/\" target=\"_self\"  class=\"qbutton \" style=\"\">Conoce m\u00e1s aqu\u00ed<\/a>[\/vc_column][\/vc_row][vc_row row_type=&#8221;row&#8221; use_row_as_full_screen_section=&#8221;no&#8221; type=&#8221;grid&#8221; text_align=&#8221;left&#8221; background_animation=&#8221;none&#8221; padding_top=&#8221;30&#8243; padding_bottom=&#8221;60&#8243; css_animation=&#8221;&#8221; background_color=&#8221;#ffffff&#8221; css=&#8221;.vc_custom_1618320529451{background-color: #f4f4f2 !important;}&#8221;][vc_column width=&#8221;1\/2&#8243;][vc_single_image image=&#8221;22187&#8243; img_size=&#8221;full&#8221; onclick=&#8221;custom_link&#8221; qode_css_animation=&#8221;&#8221; link=&#8221;\/chevyplan\/hablemos-de-haz-del-ahorro-la-clave-para-tus-finanzas-en-tiempos-de-cambio\/&#8221;][\/vc_column][vc_column width=&#8221;1\/2&#8243; el_class=&#8221;contehistorico&#8221;][vc_column_text]<\/p>\n<h2 style=\"font-size: 35px; line-height: 36px; color: #52565b;\">\u00a1HAZ DEL AHORRO LA CLAVE PARA TUS FINANZAS EN TIEMPOS DE CAMBIO!<\/h2>\n<p>No detengas tus sue\u00f1os y convierte el ahorro en tu estrategia para el futuro.El aislamiento obligatorio determinado para el mes de marzo y abril en Colombia, como consecuencia de la llegada de la COVID-19, ha provocado que, tanto empleadores&#8230;[\/vc_column_text]<a href=\"\/chevyplan\/hablemos-de-haz-del-ahorro-la-clave-para-tus-finanzas-en-tiempos-de-cambio\/\" target=\"_self\"  class=\"qbutton \" style=\"\">Conoce m\u00e1s aqu\u00ed<\/a>[\/vc_column][\/vc_row][vc_row row_type=&#8221;row&#8221; use_row_as_full_screen_section=&#8221;no&#8221; type=&#8221;grid&#8221; text_align=&#8221;left&#8221; background_animation=&#8221;none&#8221; padding_top=&#8221;30&#8243; padding_bottom=&#8221;60&#8243; css_animation=&#8221;&#8221; background_color=&#8221;#ffffff&#8221; css=&#8221;.vc_custom_1618320529451{background-color: #f4f4f2 !important;}&#8221;][vc_column width=&#8221;1\/2&#8243;][vc_single_image image=&#8221;22186&#8243; img_size=&#8221;full&#8221; onclick=&#8221;custom_link&#8221; qode_css_animation=&#8221;&#8221; link=&#8221;\/chevyplan\/hablemos_de_que-los-momentos\/&#8221;][\/vc_column][vc_column width=&#8221;1\/2&#8243; el_class=&#8221;contehistorico&#8221;][vc_column_text]<\/p>\n<h2 style=\"font-size: 35px; line-height: 36px; color: #52565b;\">\u00a1QUE LOS MOMENTOS DE DIFICULTAD NO TE IMPIDAN CUMPLIR TUS SUE\u00d1OS!<\/h2>\n<p>Te contamos c\u00f3mo estos momentos de cambio representan tambi\u00e9n oportunidades.<br \/>\nLos colombianos, producto de las dificultades que vive el pa\u00eds por el COVID-19, se cuestionan cu\u00e1l es la mejor forma de ahorro para afrontar esta situaci\u00f3n&#8230;[\/vc_column_text]<a href=\"\/chevyplan\/hablemos_de_que-los-momentos\/\" target=\"_self\"  class=\"qbutton \" style=\"\">Conoce m\u00e1s aqu\u00ed<\/a>[\/vc_column][\/vc_row][vc_row row_type=&#8221;row&#8221; use_row_as_full_screen_section=&#8221;no&#8221; type=&#8221;grid&#8221; text_align=&#8221;left&#8221; background_animation=&#8221;none&#8221; padding_top=&#8221;30&#8243; padding_bottom=&#8221;60&#8243; css_animation=&#8221;&#8221; background_color=&#8221;#ffffff&#8221; css=&#8221;.vc_custom_1618320529451{background-color: #f4f4f2 !important;}&#8221;][vc_column width=&#8221;1\/2&#8243;][vc_single_image image=&#8221;22188&#8243; img_size=&#8221;full&#8221; onclick=&#8221;custom_link&#8221; qode_css_animation=&#8221;&#8221; link=&#8221;\/chevyplan\/hablemos-de-chevyplan-25-anos-cumpliendo-suenos-a-los-colombianos\/&#8221;][\/vc_column][vc_column width=&#8221;1\/2&#8243; el_class=&#8221;contehistorico&#8221;][vc_column_text]<\/p>\n<h2 style=\"font-size: 35px; line-height: 36px; color: #52565b;\">CHEVYPLAN: 25 A\u00d1OS CUMPLIENDO SUE\u00d1OS A LOS COLOMBIANOS<\/h2>\n<p>El sue\u00f1o de miles de colombianos es poder ahorrar y tener su carro, nuevo o usado, para ir a cualquier lugar sin ning\u00fan problema. Eso s\u00ed, siempre en compa\u00f1\u00eda de las personas que m\u00e1s quieren y, por supuesto, del auto que tanto aspiran&#8230;[\/vc_column_text]<a href=\"\/chevyplan\/hablemos-de-chevyplan-25-anos-cumpliendo-suenos-a-los-colombianos\/\" target=\"_self\"  class=\"qbutton \" style=\"\">Conoce m\u00e1s aqu\u00ed<\/a>[\/vc_column][\/vc_row][vc_row row_type=&#8221;row&#8221; use_row_as_full_screen_section=&#8221;no&#8221; type=&#8221;full_width&#8221; text_align=&#8221;left&#8221; background_animation=&#8221;none&#8221; padding_top=&#8221;55&#8243; padding_bottom=&#8221;55&#8243; css_animation=&#8221;&#8221; background_color=&#8221;#f5f5f5&#8243; css=&#8221;.vc_custom_1618242623360{background-color: #ecece8 !important;}&#8221;][vc_column][vc_row_inner row_type=&#8221;row&#8221; type=&#8221;grid&#8221; use_row_as_full_screen_section_slide=&#8221;no&#8221; text_align=&#8221;left&#8221; css_animation=&#8221;&#8221; el_class=&#8221;footerlinks&#8221;][vc_column_inner width=&#8221;1\/3&#8243; css=&#8221;.vc_custom_1618243178152{margin-bottom: 30px !important;}&#8221;][vc_column_text css=&#8221;.vc_custom_1618244435568{margin-bottom: 25px !important;}&#8221;]<\/p>\n<h5>ChevyPlan<\/h5>\n<p>[\/vc_column_text][vc_widget_sidebar sidebar_id=&#8221;footer-home&#8221;][\/vc_column_inner][vc_column_inner width=&#8221;1\/3&#8243; css=&#8221;.vc_custom_1618243185880{margin-bottom: 30px !important;}&#8221;][vc_column_text css=&#8221;.vc_custom_1618244440316{margin-bottom: 25px !important;}&#8221;]<\/p>\n<h5>\u00bfD\u00f3nde estamos?<\/h5>\n<p>[\/vc_column_text][vc_column_text]Oficina principal<br \/>\nCr 7ma # 75- 26 \/ Bogot\u00e1, Colombia<\/p>\n<p>&nbsp;<\/p>\n<p><strong>Bogot\u00e1 D.C\u00a0<\/strong> (+1) 376 9120<br \/>\n<strong>A nivel nacional<\/strong> 01 8000 910 747[\/vc_column_text][\/vc_column_inner][vc_column_inner width=&#8221;1\/3&#8243; css=&#8221;.vc_custom_1618243193935{margin-bottom: 30px !important;}&#8221;][vc_column_text css=&#8221;.vc_custom_1618244453005{margin-bottom: 25px !important;}&#8221;]<\/p>\n<h5>Documentos legales<\/h5>\n<p>[\/vc_column_text][vc_widget_sidebar sidebar_id=&#8221;datos&#8221;][\/vc_column_inner][\/vc_row_inner][vc_row_inner row_type=&#8221;row&#8221; type=&#8221;grid&#8221; use_row_as_full_screen_section_slide=&#8221;no&#8221; text_align=&#8221;center&#8221; css_animation=&#8221;&#8221;][vc_column_inner el_class=&#8221;textofooterinferior&#8221;][vc_single_image image=&#8221;21581&#8243; img_size=&#8221;full&#8221; onclick=&#8221;custom_link&#8221; img_link_target=&#8221;_blank&#8221; qode_css_animation=&#8221;&#8221; link=&#8221;https:\/\/www.chevyplan.com.co\/&#8221;][\/vc_column_inner][\/vc_row_inner][\/vc_column][\/vc_row][vc_row row_type=&#8221;row&#8221; use_row_as_full_screen_section=&#8221;no&#8221; type=&#8221;full_width&#8221; text_align=&#8221;left&#8221; background_animation=&#8221;none&#8221; padding_top=&#8221;30&#8243; padding_bottom=&#8221;30&#8243; css_animation=&#8221;&#8221; background_color=&#8221;#f5f5f5&#8243; css=&#8221;.vc_custom_1618241246096{background-color: #96989a !important;}&#8221;][vc_column][vc_row_inner row_type=&#8221;row&#8221; type=&#8221;grid&#8221; use_row_as_full_screen_section_slide=&#8221;no&#8221; text_align=&#8221;center&#8221; css_animation=&#8221;&#8221;][vc_column_inner el_class=&#8221;textofooterinferior&#8221;][vc_column_text]<strong>ChevyPlan\u00ae S.A.<\/strong> Sociedad Administradora de Planes de Autofinanciamiento Comercial. Vigilada por la Superintendencia de Sociedades. Conoce las condiciones del Plan de Ahorro Programado y los t\u00e9rminos del pago de cuotas respecto de los contratos de adhesi\u00f3n de <strong>ChevyPlan\u00ae<\/strong>, beneficios u obsequios a la comunidad, ingresando a nuestro sitio web www.chevyplan.com.co o en cualquiera de nuestros puntos de venta. Todo cliente y\/o visitante debe respetar, atender y aplicar las medidas de bioseguridad en los horarios de atenci\u00f3n establecidos por<strong> ChevyPlan\u00ae<\/strong> (Concesionario y\/o centro comercial), dando as\u00ed cumplimiento a la normatividad vigente o cualquier restricci\u00f3n que se presente en cada ciudad con ocasi\u00f3n a la emergencia sanitaria por el Covid-19. Esta actividad se ejecuta con atenci\u00f3n virtual y excepcionalmente presencial. Las im\u00e1genes y fotograf\u00edas de la publicidad son de referencia.[\/vc_column_text][\/vc_column_inner][\/vc_row_inner][\/vc_column][\/vc_row]<\/p>\n","protected":false},"excerpt":{"rendered":"<p>[vc_row row_type=&#8221;row&#8221; use_row_as_full_screen_section=&#8221;no&#8221; type=&#8221;grid&#8221; text_align=&#8221;left&#8221; background_animation=&#8221;none&#8221; padding_top=&#8221;40&#8243; padding_bottom=&#8221;20&#8243; css_animation=&#8221;&#8221; background_color=&#8221;#ffffff&#8221; css=&#8221;.vc_custom_1618320552042{background-color: #f4f4f2 !important;}&#8221; el_class=&#8221;butvolverinicio&#8221;][vc_column][\/vc_column][\/vc_row][vc_row row_type=&#8221;row&#8221; use_row_as_full_screen_section=&#8221;no&#8221; type=&#8221;grid&#8221; text_align=&#8221;left&#8221; background_animation=&#8221;none&#8221; padding_top=&#8221;30&#8243; padding_bottom=&#8221;60&#8243; css_animation=&#8221;&#8221; background_color=&#8221;#ffffff&#8221; css=&#8221;.vc_custom_1618320529451{background-color: #f4f4f2 !important;}&#8221;][vc_column width=&#8221;1\/2&#8243;][vc_single_image image=&#8221;22746&#8243; img_size=&#8221;full&#8221; onclick=&#8221;custom_link&#8221; qode_css_animation=&#8221;&#8221; link=&#8221;\/chevyplan\/ahorro-programado-con-chevyplan-una-alternativa-real-e-inteligente-para-comprar-carro-propio\/&#8221;][\/vc_column][vc_column width=&#8221;1\/2&#8243; el_class=&#8221;contehistorico&#8221;][vc_column_text] AHORRO PROGRAMADO CON CHEVYPLAN\u00ae, UNA ALTERNATIVA REAL E INTELIGENTE PARA COMPRAR&#8230;<\/p>\n","protected":false},"author":1,"featured_media":0,"parent":0,"menu_order":0,"comment_status":"open","ping_status":"open","template":"full_width.php","meta":{"footnotes":""},"class_list":["post-22267","page","type-page","status-publish","hentry"],"yoast_head":"<!-- This site is optimized with the Yoast SEO plugin v17.8 - https:\/\/yoast.com\/wordpress\/plugins\/seo\/ -->\n<title>Hablemos de... - Chevyplan<\/title>\n<meta name=\"robots\" content=\"index, follow, max-snippet:-1, max-image-preview:large, max-video-preview:-1\" \/>\n<link rel=\"canonical\" href=\"https:\/\/especiales.publimetro.co\/chevyplan\/historico-hablemos-de\/\" \/>\n<meta property=\"og:locale\" content=\"es_ES\" \/>\n<meta property=\"og:type\" content=\"article\" \/>\n<meta property=\"og:title\" content=\"Hablemos de... - Chevyplan\" \/>\n<meta property=\"og:description\" content=\"[vc_row row_type=&#8221;row&#8221; use_row_as_full_screen_section=&#8221;no&#8221; type=&#8221;grid&#8221; text_align=&#8221;left&#8221; background_animation=&#8221;none&#8221; padding_top=&#8221;40&#8243; padding_bottom=&#8221;20&#8243; css_animation=&#8221;&#8221; background_color=&#8221;#ffffff&#8221; css=&#8221;.vc_custom_1618320552042{background-color: #f4f4f2 !important;}&#8221; el_class=&#8221;butvolverinicio&#8221;][vc_column][\/vc_column][\/vc_row][vc_row row_type=&#8221;row&#8221; use_row_as_full_screen_section=&#8221;no&#8221; type=&#8221;grid&#8221; text_align=&#8221;left&#8221; background_animation=&#8221;none&#8221; padding_top=&#8221;30&#8243; padding_bottom=&#8221;60&#8243; css_animation=&#8221;&#8221; background_color=&#8221;#ffffff&#8221; css=&#8221;.vc_custom_1618320529451{background-color: #f4f4f2 !important;}&#8221;][vc_column width=&#8221;1\/2&#8243;][vc_single_image image=&#8221;22746&#8243; img_size=&#8221;full&#8221; onclick=&#8221;custom_link&#8221; qode_css_animation=&#8221;&#8221; link=&#8221;\/chevyplan\/ahorro-programado-con-chevyplan-una-alternativa-real-e-inteligente-para-comprar-carro-propio\/&#8221;][\/vc_column][vc_column width=&#8221;1\/2&#8243; el_class=&#8221;contehistorico&#8221;][vc_column_text] AHORRO PROGRAMADO CON CHEVYPLAN\u00ae, UNA ALTERNATIVA REAL E INTELIGENTE PARA COMPRAR...\" \/>\n<meta property=\"og:url\" content=\"https:\/\/especiales.publimetro.co\/chevyplan\/historico-hablemos-de\/\" \/>\n<meta property=\"og:site_name\" content=\"Chevyplan\" \/>\n<meta property=\"article:modified_time\" content=\"2021-06-30T20:50:29+00:00\" \/>\n<meta name=\"twitter:card\" content=\"summary_large_image\" \/>\n<meta name=\"twitter:label1\" content=\"Tiempo estimado de lectura\" \/>\n\t<meta name=\"twitter:data1\" content=\"5 minutos\" \/>\n<!-- \/ Yoast SEO plugin. -->","yoast_head_json":{"title":"Hablemos de... - Chevyplan","robots":{"index":"index","follow":"follow","max-snippet":"max-snippet:-1","max-image-preview":"max-image-preview:large","max-video-preview":"max-video-preview:-1"},"canonical":"https:\/\/especiales.publimetro.co\/chevyplan\/historico-hablemos-de\/","og_locale":"es_ES","og_type":"article","og_title":"Hablemos de... - Chevyplan","og_description":"[vc_row row_type=&#8221;row&#8221; use_row_as_full_screen_section=&#8221;no&#8221; type=&#8221;grid&#8221; text_align=&#8221;left&#8221; background_animation=&#8221;none&#8221; padding_top=&#8221;40&#8243; padding_bottom=&#8221;20&#8243; css_animation=&#8221;&#8221; background_color=&#8221;#ffffff&#8221; css=&#8221;.vc_custom_1618320552042{background-color: #f4f4f2 !important;}&#8221; el_class=&#8221;butvolverinicio&#8221;][vc_column][\/vc_column][\/vc_row][vc_row row_type=&#8221;row&#8221; use_row_as_full_screen_section=&#8221;no&#8221; type=&#8221;grid&#8221; text_align=&#8221;left&#8221; background_animation=&#8221;none&#8221; padding_top=&#8221;30&#8243; padding_bottom=&#8221;60&#8243; css_animation=&#8221;&#8221; background_color=&#8221;#ffffff&#8221; css=&#8221;.vc_custom_1618320529451{background-color: #f4f4f2 !important;}&#8221;][vc_column width=&#8221;1\/2&#8243;][vc_single_image image=&#8221;22746&#8243; img_size=&#8221;full&#8221; onclick=&#8221;custom_link&#8221; qode_css_animation=&#8221;&#8221; link=&#8221;\/chevyplan\/ahorro-programado-con-chevyplan-una-alternativa-real-e-inteligente-para-comprar-carro-propio\/&#8221;][\/vc_column][vc_column width=&#8221;1\/2&#8243; el_class=&#8221;contehistorico&#8221;][vc_column_text] AHORRO PROGRAMADO CON CHEVYPLAN\u00ae, UNA ALTERNATIVA REAL E INTELIGENTE PARA COMPRAR...","og_url":"https:\/\/especiales.publimetro.co\/chevyplan\/historico-hablemos-de\/","og_site_name":"Chevyplan","article_modified_time":"2021-06-30T20:50:29+00:00","twitter_card":"summary_large_image","twitter_misc":{"Tiempo estimado de lectura":"5 minutos"},"schema":{"@context":"https:\/\/schema.org","@graph":[{"@type":"WebSite","@id":"https:\/\/especiales.publimetro.co\/chevyplan\/#website","url":"https:\/\/especiales.publimetro.co\/chevyplan\/","name":"Chevyplan","description":"Otro sitio realizado con WordPress","potentialAction":[{"@type":"SearchAction","target":{"@type":"EntryPoint","urlTemplate":"https:\/\/especiales.publimetro.co\/chevyplan\/?s={search_term_string}"},"query-input":"required name=search_term_string"}],"inLanguage":"es-CO"},{"@type":"WebPage","@id":"https:\/\/especiales.publimetro.co\/chevyplan\/historico-hablemos-de\/#webpage","url":"https:\/\/especiales.publimetro.co\/chevyplan\/historico-hablemos-de\/","name":"Hablemos de... - Chevyplan","isPartOf":{"@id":"https:\/\/especiales.publimetro.co\/chevyplan\/#website"},"datePublished":"2021-04-16T13:44:06+00:00","dateModified":"2021-06-30T20:50:29+00:00","breadcrumb":{"@id":"https:\/\/especiales.publimetro.co\/chevyplan\/historico-hablemos-de\/#breadcrumb"},"inLanguage":"es-CO","potentialAction":[{"@type":"ReadAction","target":["https:\/\/especiales.publimetro.co\/chevyplan\/historico-hablemos-de\/"]}]},{"@type":"BreadcrumbList","@id":"https:\/\/especiales.publimetro.co\/chevyplan\/historico-hablemos-de\/#breadcrumb","itemListElement":[{"@type":"ListItem","position":1,"name":"Home","item":"https:\/\/especiales.publimetro.co\/chevyplan\/"},{"@type":"ListItem","position":2,"name":"Hablemos de&#8230;"}]}]}},"_links":{"self":[{"href":"https:\/\/especiales.publimetro.co\/chevyplan\/wp-json\/wp\/v2\/pages\/22267","targetHints":{"allow":["GET"]}}],"collection":[{"href":"https:\/\/especiales.publimetro.co\/chevyplan\/wp-json\/wp\/v2\/pages"}],"about":[{"href":"https:\/\/especiales.publimetro.co\/chevyplan\/wp-json\/wp\/v2\/types\/page"}],"author":[{"embeddable":true,"href":"https:\/\/especiales.publimetro.co\/chevyplan\/wp-json\/wp\/v2\/users\/1"}],"replies":[{"embeddable":true,"href":"https:\/\/especiales.publimetro.co\/chevyplan\/wp-json\/wp\/v2\/comments?post=22267"}],"version-history":[{"count":37,"href":"https:\/\/especiales.publimetro.co\/chevyplan\/wp-json\/wp\/v2\/pages\/22267\/revisions"}],"predecessor-version":[{"id":22755,"href":"https:\/\/especiales.publimetro.co\/chevyplan\/wp-json\/wp\/v2\/pages\/22267\/revisions\/22755"}],"wp:attachment":[{"href":"https:\/\/especiales.publimetro.co\/chevyplan\/wp-json\/wp\/v2\/media?parent=22267"}],"curies":[{"name":"wp","href":"https:\/\/api.w.org\/{rel}","templated":true}]}}