{"id":22087,"date":"2021-04-15T11:16:44","date_gmt":"2021-04-15T16:16:44","guid":{"rendered":"https:\/\/especiales.publimetro.co\/chevyplan\/?page_id=22087"},"modified":"2021-04-19T10:46:03","modified_gmt":"2021-04-19T15:46:03","slug":"heroes_del_ahorro_armando_rojas","status":"publish","type":"page","link":"https:\/\/especiales.publimetro.co\/chevyplan\/heroes_del_ahorro_armando_rojas\/","title":{"rendered":"Armando Rojas, un ejemplo de que el ahorro no es un sacrificio, porque vale la pena-heroesv6"},"content":{"rendered":"<p>[vc_row row_type=&#8221;row&#8221; use_row_as_full_screen_section=&#8221;no&#8221; type=&#8221;grid&#8221; text_align=&#8221;left&#8221; background_animation=&#8221;none&#8221; padding_top=&#8221;40&#8243; padding_bottom=&#8221;20&#8243; css_animation=&#8221;&#8221; background_color=&#8221;#ffffff&#8221; css=&#8221;.vc_custom_1618322322104{background-color: #f4f4f2 !important;}&#8221; el_class=&#8221;butvolverinicio&#8221;][vc_column el_class=&#8221;contearticulo&#8221;]<a href=\"javascript:history.back()\" target=\"_self\"  class=\"qbutton \" style=\"\">Volver a la p\u00e1gina anterior<\/a>[\/vc_column][\/vc_row][vc_row row_type=&#8221;row&#8221; use_row_as_full_screen_section=&#8221;no&#8221; type=&#8221;grid&#8221; text_align=&#8221;left&#8221; background_animation=&#8221;none&#8221; padding_top=&#8221;30&#8243; padding_bottom=&#8221;60&#8243; css_animation=&#8221;&#8221; background_color=&#8221;#ffffff&#8221; css=&#8221;.vc_custom_1618322567447{background-color: #f4f4f2 !important;}&#8221;][vc_column width=&#8221;3\/4&#8243; el_class=&#8221;contearticulo&#8221; css=&#8221;.vc_custom_1618324066881{padding-right: 20px !important;}&#8221;][vc_column_text]<\/p>\n<h1>Armando Rojas, un ejemplo de que el ahorro no es un sacrificio, porque vale la pena<\/h1>\n<p>[\/vc_column_text][vc_separator type=&#8221;small&#8221; position=&#8221;left&#8221; border_style=&#8221;&#8221; thickness=&#8221;7&#8243; width=&#8221;30&#8243; up=&#8221;5&#8243; down=&#8221;30&#8243; color=&#8221;#b6862b&#8221;][vc_single_image image=&#8221;21723&#8243; img_size=&#8221;full&#8221; onclick=&#8221;custom_link&#8221; qode_css_animation=&#8221;&#8221; el_class=&#8221;abacho&#8221;][vc_column_text]<\/p>\n<h2>Conoce la historia de este hombre que descubri\u00f3 que los sue\u00f1os s\u00ed se cumplen.<\/h2>\n<p>[\/vc_column_text][vc_column_text]Los d\u00edas buenos siempre deben superar los malos, al menos esa es la filosof\u00eda de Armando Rojas, un ciudadano que, como muchos, ha vivido \u201clas duras y las maduras\u201d, pero siempre con una sonrisa en su rostro. Sabe que no existe barrera que no se logre derrumbar.<\/p>\n<p>&nbsp;<\/p>\n<p>Este H\u00e9roe del Ahorro encontr\u00f3 en\u00a0<a href=\"https:\/\/www.chevyplan.com.co\/home\" target=\"_blank\" rel=\"noopener\"><strong>ChevyPlan\u00ae<\/strong><\/a>\u00a0el aliado que siempre esper\u00f3. So\u00f1aba con tener su propio veh\u00edculo, pero ese anhelo no era posible, hasta que encontr\u00f3 en esta compa\u00f1\u00eda la oportunidad del autofinanciamiento para cumplir sus objetivos.<\/p>\n<p>&nbsp;<\/p>\n<p>\u201cHace tres a\u00f1os inici\u00e9 con este sue\u00f1o. Una cu\u00f1ada me motiv\u00f3 a sacar el plan con\u00a0<a href=\"https:\/\/www.chevyplan.com.co\/home\" target=\"_blank\" rel=\"noopener\"><strong>ChevyPlan\u00ae<\/strong><\/a>, empec\u00e9 desde cero, pero con mucho esfuerzo lo logr\u00e9, hice mis abonos para obtenerlo y ellos me ayudaron mucho. Fueron una gu\u00eda\u201d, confes\u00f3 Rojas a Publimetro.<\/p>\n<p>&nbsp;<\/p>\n<p>Sobre el d\u00eda que recibio su auto Spark, lo recuerda con emoci\u00f3n. Dice que una vez son\u00f3 el tel\u00e9fono y contest\u00f3 mir\u00f3 a su esposa perplejo, el sue\u00f1o se le hab\u00eda cumplido y solo deb\u00eda ir por su nuevo acompa\u00f1ante fiel.<\/p>\n<p>&nbsp;<\/p>\n<p>\u201cMe llamaron y me dijeron que estaba listo en el concesionario de Abastos (Bogot\u00e1), me emocion\u00e9 como nunca. Fui con mi esposa, hicimos el proceso y me devolv\u00ed en el auto. Es satisfactorio porque mi hija tambi\u00e9n fue muy feliz, la pod\u00eda sacar a donde ella quisiera. Nuestra vida cambi\u00f3 por completo\u201d.<\/p>\n<p>&nbsp;<\/p>\n<p>Armando ha utilizado su carro para darle alegr\u00eda a su esposa e hija, desde que trabajaba en su propio taller quer\u00eda lo mejor para ellas, a quienes llama la raz\u00f3n de su vida.<\/p>\n<p>&nbsp;<\/p>\n<p>\u201cHemos viajado a Barranquilla, Santa Marta y Cartagena, lo hicimos en diciembre y la pasamos como nunca en la playa y el mar. Ahora quisi\u00e9ramos ir al Eje Cafetero y pasar d\u00edas inolvidables\u201d, expres\u00f3 Rojas que, entre risas, confirm\u00f3 que fueron 2.500 kil\u00f3metros que recorri\u00f3 junto a su familia y el auto por la costa colombiana.<\/p>\n<p>&nbsp;<\/p>\n<p><a class=\"abacho\" href=\"#\">\u00bfTe animas a escribir tu propia historia junto a Chevyplan\u00ae?<\/a>[\/vc_column_text][vc_row_inner row_type=&#8221;row&#8221; type=&#8221;full_width&#8221; use_row_as_full_screen_section_slide=&#8221;no&#8221; text_align=&#8221;left&#8221; padding_top=&#8221;35&#8243; css_animation=&#8221;&#8221;][vc_column_inner][vc_column_text]<b><div class=\"sfsi_widget sfsi_shortcode_container\"><div id=\"sfsi_wDiv\"><\/div><div class=\"norm_row sfsi_wDiv \"  style=\"width:225px;text-align:left;\"><div style='width:40px; height:40px;margin-left:5px;margin-bottom:5px; ' class='sfsi_wicons shuffeldiv ' ><div class='inerCnt'><a class=' sficn' data-effect='fade_in' target='_blank'  href='' id='sfsiid_facebook_icon' style='opacity:0.6'  ><img data-pin-nopin='true' alt='Facebook' title='Facebook' src='https:\/\/especiales.publimetro.co\/chevyplan\/wp-content\/plugins\/ultimate-social-media-icons\/images\/icons_theme\/thin\/thin_facebook.png' width='40' height='40' style='' class='sfcm sfsi_wicon ' data-effect='fade_in'   \/><\/a><div class=\"sfsi_tool_tip_2 fb_tool_bdr sfsiTlleft\" style=\"opacity:0;z-index:-1;\" id=\"sfsiid_facebook\"><span class=\"bot_arow bot_fb_arow\"><\/span><div class=\"sfsi_inside\"><div  class='icon3'><a target='_blank' href='https:\/\/www.facebook.com\/sharer\/sharer.php?u=https%3A%2F%2Fespeciales.publimetro.co%2Fchevyplan%2Fwp-json%2Fwp%2Fv2%2Fpages%2F22087' style='display:inline-block;'  > <img class='sfsi_wicon'  data-pin-nopin='true' alt='fb-share-icon' title='Facebook Share' src='https:\/\/especiales.publimetro.co\/chevyplan\/wp-content\/plugins\/ultimate-social-media-icons\/images\/share_icons\/fb_icons\/en_US.svg' \/><\/a><\/div><\/div><\/div><\/div><\/div><div style='width:40px; height:40px;margin-left:5px;margin-bottom:5px; ' class='sfsi_wicons shuffeldiv ' ><div class='inerCnt'><a class=' sficn' data-effect='fade_in' target='_blank'  href='' id='sfsiid_twitter_icon' style='opacity:0.6'  ><img data-pin-nopin='true' alt='Twitter' title='Twitter' src='https:\/\/especiales.publimetro.co\/chevyplan\/wp-content\/plugins\/ultimate-social-media-icons\/images\/icons_theme\/thin\/thin_twitter.png' width='40' height='40' style='' class='sfcm sfsi_wicon ' data-effect='fade_in'   \/><\/a><div class=\"sfsi_tool_tip_2 twt_tool_bdr sfsiTlleft\" style=\"opacity:0;z-index:-1;\" id=\"sfsiid_twitter\"><span class=\"bot_arow bot_twt_arow\"><\/span><div class=\"sfsi_inside\"><div  class='icon2'><div class='sf_twiter' style='display: inline-block;vertical-align: middle;width: auto;'>\r\n\t\t\t\t\t\t<a target='_blank' href='https:\/\/twitter.com\/intent\/tweet?text=Hey%2C+check+out+this+cool+site+I+found%3A+www.yourname.com+%23Topic+via%40my_twitter_name+https:\/\/especiales.publimetro.co\/chevyplan\/wp-json\/wp\/v2\/pages\/22087' style='display:inline-block' >\r\n\t\t\t\t\t\t\t<img data-pin-nopin= true class='sfsi_wicon' src='https:\/\/especiales.publimetro.co\/chevyplan\/wp-content\/plugins\/ultimate-social-media-icons\/images\/share_icons\/Twitter_Tweet\/en_US_Tweet.svg' alt='Tweet' title='Tweet' >\r\n\t\t\t\t\t\t<\/a>\r\n\t\t\t\t\t<\/div><\/div><\/div><\/div><\/div><\/div><div style='width:40px; height:40px;margin-left:5px;margin-bottom:5px; ' class='sfsi_wicons shuffeldiv ' ><div class='inerCnt'><a class=' sficn' data-effect='fade_in' target='_blank'  href='' id='sfsiid_linkedin_icon' style='opacity:0.6'  ><img data-pin-nopin='true' alt='LinkedIn' title='LinkedIn' src='https:\/\/especiales.publimetro.co\/chevyplan\/wp-content\/plugins\/ultimate-social-media-icons\/images\/icons_theme\/thin\/thin_linkedin.png' width='40' height='40' style='' class='sfcm sfsi_wicon ' data-effect='fade_in'   \/><\/a><div class=\"sfsi_tool_tip_2 linkedin_tool_bdr sfsiTlleft\" style=\"opacity:0;z-index:-1;\" id=\"sfsiid_linkedin\"><span class=\"bot_arow bot_linkedin_arow\"><\/span><div class=\"sfsi_inside\"><div  class='icon2'><a target='_blank' href=\"https:\/\/www.linkedin.com\/shareArticle?url=https%3A%2F%2Fespeciales.publimetro.co%2Fchevyplan%2Fwp-json%2Fwp%2Fv2%2Fpages%2F22087\"><img decoding=\"async\" class=\"sfsi_wicon\" data-pin-nopin= true alt=\"Share\" title=\"Share\" src=\"https:\/\/especiales.publimetro.co\/chevyplan\/wp-content\/plugins\/ultimate-social-media-icons\/images\/share_icons\/Linkedin_Share\/en_US_share.svg\" \/><\/a><\/div><\/div><\/div><\/div><\/div><div style='width:40px; height:40px;margin-left:5px;margin-bottom:5px; ' class='sfsi_wicons shuffeldiv ' ><div class='inerCnt'><a class=' sficn' data-effect='fade_in' target='_blank'  href='https:\/\/api.whatsapp.com\/send?text=https:\/\/especiales.publimetro.co\/chevyplan\/heroes_del_ahorro_armando_rojas\/' id='sfsiid_whatsapp_icon' style='opacity:0.6'  ><img data-pin-nopin='true' alt='WhatsApp' title='WhatsApp' src='https:\/\/especiales.publimetro.co\/chevyplan\/wp-content\/plugins\/ultimate-social-media-icons\/images\/icons_theme\/thin\/thin_whatsapp.png' width='40' height='40' style='' class='sfcm sfsi_wicon ' data-effect='fade_in'   \/><\/a><\/div><\/div><\/div ><div id=\"sfsi_holder\" class=\"sfsi_holders\" style=\"position: relative; float: left;width:100%;z-index:-1;\"><\/div ><script>window.addEventListener(\"sfsi_functions_loaded\", function() \r\n\t\t\t{\r\n\t\t\t\tif (typeof sfsi_widget_set == \"function\") {\r\n\t\t\t\t\tsfsi_widget_set();\r\n\t\t\t\t}\r\n\t\t\t}); <\/script><div style=\"clear: both;\"><\/div><\/div><\/b>[\/vc_column_text][\/vc_column_inner][\/vc_row_inner][\/vc_column][vc_column width=&#8221;1\/4&#8243; el_class=&#8221;articuloslateral&#8221;][vc_widget_sidebar sidebar_id=&#8221;articulos-recientes&#8221;][\/vc_column][\/vc_row][vc_row row_type=&#8221;row&#8221; use_row_as_full_screen_section=&#8221;no&#8221; type=&#8221;full_width&#8221; text_align=&#8221;left&#8221; background_animation=&#8221;none&#8221; padding_top=&#8221;40&#8243; padding_bottom=&#8221;60&#8243; css_animation=&#8221;&#8221; background_color=&#8221;#ffffff&#8221;][vc_column][vc_row_inner row_type=&#8221;row&#8221; type=&#8221;grid&#8221; use_row_as_full_screen_section_slide=&#8221;no&#8221; text_align=&#8221;left&#8221; css_animation=&#8221;&#8221;][vc_column_inner][vc_column_text]<\/p>\n<h4>CONOCE M\u00c1S DE CHEVYPLAN<\/h4>\n<p>[\/vc_column_text][vc_separator type=&#8221;small&#8221; position=&#8221;left&#8221; border_style=&#8221;&#8221; thickness=&#8221;7&#8243; width=&#8221;30&#8243; up=&#8221;5&#8243; down=&#8221;40&#8243; color=&#8221;#b6862b&#8221;][\/vc_column_inner][\/vc_row_inner][vc_row_inner row_type=&#8221;row&#8221; type=&#8221;grid&#8221; use_row_as_full_screen_section_slide=&#8221;no&#8221; text_align=&#8221;left&#8221; css_animation=&#8221;&#8221; el_class=&#8221;bottombanners&#8221;][vc_column_inner width=&#8221;1\/3&#8243; css=&#8221;.vc_custom_1618248657376{margin-bottom: 20px !important;}&#8221;]<div class=\"q_image_with_text_over \"><div class=\"shader\"><\/div><img decoding=\"async\" src=\"https:\/\/especiales.publimetro.co\/chevyplan\/wp-content\/uploads\/2021\/04\/img_beneficio_01_v1.jpg\" alt=\"ChevyPlan\" \/><div class=\"front_holder\"><div class=\"front_holder_inner\"><div class=\"front_holder_inner2\"><h3 class=\"front_subtitle\" style=\"color: #ffffff;font-size: 17px;\">MEGASO\u00d1ADORES<\/h3><h4 class=\"front_title\" style=\"color: #ffffff;font-size: 21px;\">Con ChevyPlan puedes tener un Plan de Ahorro adicional con Beneficios exclusivos<\/h4><\/div><\/div><\/div><div class=\"back_holder\"><div class=\"back_holder_inner\"><div class=\"back_holder_inner2\"><a href=\"https:\/\/cutt.ly\/megasonadores\" target=\"_blank\" data-hover-background-color=#ffffff data-hover-color=#b6862b class=\"qbutton  medium center white\" style=\"\">Conoce m\u00e1s<\/a><\/div><\/div><\/div><\/div>[\/vc_column_inner][vc_column_inner width=&#8221;1\/3&#8243; css=&#8221;.vc_custom_1618248669356{margin-bottom: 20px !important;}&#8221;]<div class=\"q_image_with_text_over \"><div class=\"shader\"><\/div><img decoding=\"async\" src=\"https:\/\/especiales.publimetro.co\/chevyplan\/wp-content\/uploads\/2021\/04\/img_beneficio_01_v2.jpg\" alt=\"ChevyPlan\" \/><div class=\"front_holder\"><div class=\"front_holder_inner\"><div class=\"front_holder_inner2\"><h3 class=\"front_subtitle\" style=\"color: #ffffff;font-size: 17px;\">RED DE MULTIPLICADORES<\/h3><h4 class=\"front_title\" style=\"color: #ffffff;font-size: 21px;\">Invita a tus familiares, amigos y colegas a iniciar su ahorro programado<\/h4><\/div><\/div><\/div><div class=\"back_holder\"><div class=\"back_holder_inner\"><div class=\"back_holder_inner2\"><a href=\"https:\/\/cutt.ly\/red-de-multiplicadores\" target=\"_blank\" data-hover-background-color=#ffffff data-hover-color=#b6862b class=\"qbutton  medium center white\" style=\"\">Conoce m\u00e1s<\/a><\/div><\/div><\/div><\/div>[\/vc_column_inner][vc_column_inner width=&#8221;1\/3&#8243; css=&#8221;.vc_custom_1618248676323{margin-bottom: 20px !important;}&#8221;]<div class=\"q_image_with_text_over \"><div class=\"shader\"><\/div><img decoding=\"async\" src=\"https:\/\/especiales.publimetro.co\/chevyplan\/wp-content\/uploads\/2021\/04\/img_beneficio_01_v3.jpg\" alt=\"ChevyPlan\" \/><div class=\"front_holder\"><div class=\"front_holder_inner\"><div class=\"front_holder_inner2\"><h3 class=\"front_subtitle\" style=\"color: #ffffff;font-size: 17px;\">NUESTROS PLANES<\/h3><h4 class=\"front_title\" style=\"color: #ffffff;font-size: 21px;\">Para la adquisici\u00f3n de veh\u00edculos nuevos y usados \u00a1Cumple tu sue\u00f1o hoy!<\/h4><\/div><\/div><\/div><div class=\"back_holder\"><div class=\"back_holder_inner\"><div class=\"back_holder_inner2\"><a href=\"https:\/\/cutt.ly\/nuestro_planes\" target=\"_blank\" data-hover-background-color=#ffffff data-hover-color=#b6862b class=\"qbutton  medium center white\" style=\"\">Conoce m\u00e1s<\/a><\/div><\/div><\/div><\/div>[\/vc_column_inner][\/vc_row_inner][\/vc_column][\/vc_row][vc_row row_type=&#8221;row&#8221; use_row_as_full_screen_section=&#8221;no&#8221; type=&#8221;full_width&#8221; text_align=&#8221;left&#8221; background_animation=&#8221;none&#8221; padding_top=&#8221;55&#8243; padding_bottom=&#8221;55&#8243; css_animation=&#8221;&#8221; background_color=&#8221;#f5f5f5&#8243; css=&#8221;.vc_custom_1618242623360{background-color: #ecece8 !important;}&#8221;][vc_column][vc_row_inner row_type=&#8221;row&#8221; type=&#8221;grid&#8221; use_row_as_full_screen_section_slide=&#8221;no&#8221; text_align=&#8221;left&#8221; css_animation=&#8221;&#8221; el_class=&#8221;footerlinks&#8221;][vc_column_inner width=&#8221;1\/3&#8243; css=&#8221;.vc_custom_1618243178152{margin-bottom: 30px !important;}&#8221;][vc_column_text css=&#8221;.vc_custom_1618244435568{margin-bottom: 25px !important;}&#8221;]<\/p>\n<h5>ChevyPlan<\/h5>\n<p>[\/vc_column_text][vc_widget_sidebar sidebar_id=&#8221;menu-footer-izquierdo&#8221;][\/vc_column_inner][vc_column_inner width=&#8221;1\/3&#8243; css=&#8221;.vc_custom_1618243185880{margin-bottom: 30px !important;}&#8221;][vc_column_text css=&#8221;.vc_custom_1618244440316{margin-bottom: 25px !important;}&#8221;]<\/p>\n<h5>\u00bfD\u00f3nde estamos?<\/h5>\n<p>[\/vc_column_text][vc_column_text]Oficina principal<br \/>\nCr 7ma # 75- 26 \/ Bogot\u00e1, Colombia<\/p>\n<p>&nbsp;<\/p>\n<p><strong>Bogot\u00e1 D.C\u00a0<\/strong> (+1) 376 9120<br \/>\n<strong>A nivel nacional<\/strong> 01 8000 910 747[\/vc_column_text][\/vc_column_inner][vc_column_inner width=&#8221;1\/3&#8243; css=&#8221;.vc_custom_1618243193935{margin-bottom: 30px !important;}&#8221;][vc_column_text css=&#8221;.vc_custom_1618244453005{margin-bottom: 25px !important;}&#8221;]<\/p>\n<h5>Documentos legales<\/h5>\n<p>[\/vc_column_text][vc_widget_sidebar sidebar_id=&#8221;menu-footer-derecho&#8221;][\/vc_column_inner][\/vc_row_inner][vc_row_inner row_type=&#8221;row&#8221; type=&#8221;grid&#8221; use_row_as_full_screen_section_slide=&#8221;no&#8221; text_align=&#8221;center&#8221; css_animation=&#8221;&#8221;][vc_column_inner el_class=&#8221;textofooterinferior&#8221;][vc_single_image image=&#8221;21581&#8243; img_size=&#8221;full&#8221; onclick=&#8221;custom_link&#8221; img_link_target=&#8221;_blank&#8221; qode_css_animation=&#8221;&#8221; link=&#8221;https:\/\/www.chevyplan.com.co\/&#8221;][\/vc_column_inner][\/vc_row_inner][\/vc_column][\/vc_row][vc_row row_type=&#8221;row&#8221; use_row_as_full_screen_section=&#8221;no&#8221; type=&#8221;full_width&#8221; text_align=&#8221;left&#8221; background_animation=&#8221;none&#8221; padding_top=&#8221;30&#8243; padding_bottom=&#8221;30&#8243; css_animation=&#8221;&#8221; background_color=&#8221;#f5f5f5&#8243; css=&#8221;.vc_custom_1618241246096{background-color: #96989a !important;}&#8221;][vc_column][vc_row_inner row_type=&#8221;row&#8221; type=&#8221;grid&#8221; use_row_as_full_screen_section_slide=&#8221;no&#8221; text_align=&#8221;center&#8221; css_animation=&#8221;&#8221;][vc_column_inner el_class=&#8221;textofooterinferior&#8221;][vc_column_text]<strong>ChevyPlan\u00ae S.A.<\/strong> Sociedad Administradora de Planes de Autofinanciamiento Comercial. Vigilada por la Superintendencia de Sociedades. Conoce las condiciones del Plan de Ahorro Programado y los t\u00e9rminos del pago de cuotas respecto de los contratos de adhesi\u00f3n de <strong>ChevyPlan\u00ae<\/strong>, beneficios u obsequios a la comunidad, ingresando a nuestro sitio web www.chevyplan.com.co o en cualquiera de nuestros puntos de venta. Todo cliente y\/o visitante debe respetar, atender y aplicar las medidas de bioseguridad en los horarios de atenci\u00f3n establecidos por<strong> ChevyPlan\u00ae<\/strong> (Concesionario y\/o centro comercial), dando as\u00ed cumplimiento a la normatividad vigente o cualquier restricci\u00f3n que se presente en cada ciudad con ocasi\u00f3n a la emergencia sanitaria por el Covid-19. Esta actividad se ejecuta con atenci\u00f3n virtual y excepcionalmente presencial. Las im\u00e1genes y fotograf\u00edas de la publicidad son de referencia.[\/vc_column_text][\/vc_column_inner][\/vc_row_inner][\/vc_column][\/vc_row]<\/p>\n","protected":false},"excerpt":{"rendered":"<p>[vc_row row_type=&#8221;row&#8221; use_row_as_full_screen_section=&#8221;no&#8221; type=&#8221;grid&#8221; text_align=&#8221;left&#8221; background_animation=&#8221;none&#8221; padding_top=&#8221;40&#8243; padding_bottom=&#8221;20&#8243; css_animation=&#8221;&#8221; background_color=&#8221;#ffffff&#8221; css=&#8221;.vc_custom_1618322322104{background-color: #f4f4f2 !important;}&#8221; el_class=&#8221;butvolverinicio&#8221;][vc_column el_class=&#8221;contearticulo&#8221;][\/vc_column][\/vc_row][vc_row row_type=&#8221;row&#8221; use_row_as_full_screen_section=&#8221;no&#8221; type=&#8221;grid&#8221; text_align=&#8221;left&#8221; background_animation=&#8221;none&#8221; padding_top=&#8221;30&#8243; padding_bottom=&#8221;60&#8243; css_animation=&#8221;&#8221; background_color=&#8221;#ffffff&#8221; css=&#8221;.vc_custom_1618322567447{background-color: #f4f4f2 !important;}&#8221;][vc_column width=&#8221;3\/4&#8243; el_class=&#8221;contearticulo&#8221; css=&#8221;.vc_custom_1618324066881{padding-right: 20px !important;}&#8221;][vc_column_text] Armando Rojas, un ejemplo de que el ahorro no es un sacrificio, porque&#8230;<\/p>\n","protected":false},"author":1,"featured_media":0,"parent":0,"menu_order":0,"comment_status":"open","ping_status":"closed","template":"full_width.php","meta":{"footnotes":""},"class_list":["post-22087","page","type-page","status-publish","hentry"],"yoast_head":"<!-- This site is optimized with the Yoast SEO plugin v17.8 - https:\/\/yoast.com\/wordpress\/plugins\/seo\/ -->\n<title>Armando Rojas, un ejemplo de que el ahorro no es un sacrificio, porque vale la pena-heroesv6 - Chevyplan<\/title>\n<meta name=\"robots\" content=\"index, follow, max-snippet:-1, max-image-preview:large, max-video-preview:-1\" \/>\n<link rel=\"canonical\" href=\"http:\/\/especiales.publimetro.co\/chevyplan\/heroes_del_ahorro_armando_rojas\/\" \/>\n<meta property=\"og:locale\" content=\"es_ES\" \/>\n<meta property=\"og:type\" content=\"article\" \/>\n<meta property=\"og:title\" content=\"Armando Rojas, un ejemplo de que el ahorro no es un sacrificio, porque vale la pena-heroesv6 - Chevyplan\" \/>\n<meta property=\"og:description\" content=\"[vc_row row_type=&#8221;row&#8221; use_row_as_full_screen_section=&#8221;no&#8221; type=&#8221;grid&#8221; text_align=&#8221;left&#8221; background_animation=&#8221;none&#8221; padding_top=&#8221;40&#8243; padding_bottom=&#8221;20&#8243; css_animation=&#8221;&#8221; background_color=&#8221;#ffffff&#8221; css=&#8221;.vc_custom_1618322322104{background-color: #f4f4f2 !important;}&#8221; el_class=&#8221;butvolverinicio&#8221;][vc_column el_class=&#8221;contearticulo&#8221;][\/vc_column][\/vc_row][vc_row row_type=&#8221;row&#8221; use_row_as_full_screen_section=&#8221;no&#8221; type=&#8221;grid&#8221; text_align=&#8221;left&#8221; background_animation=&#8221;none&#8221; padding_top=&#8221;30&#8243; padding_bottom=&#8221;60&#8243; css_animation=&#8221;&#8221; background_color=&#8221;#ffffff&#8221; css=&#8221;.vc_custom_1618322567447{background-color: #f4f4f2 !important;}&#8221;][vc_column width=&#8221;3\/4&#8243; el_class=&#8221;contearticulo&#8221; css=&#8221;.vc_custom_1618324066881{padding-right: 20px !important;}&#8221;][vc_column_text] Armando Rojas, un ejemplo de que el ahorro no es un sacrificio, porque...\" \/>\n<meta property=\"og:url\" content=\"http:\/\/especiales.publimetro.co\/chevyplan\/heroes_del_ahorro_armando_rojas\/\" \/>\n<meta property=\"og:site_name\" content=\"Chevyplan\" \/>\n<meta property=\"article:modified_time\" content=\"2021-04-19T15:46:03+00:00\" \/>\n<meta name=\"twitter:card\" content=\"summary_large_image\" \/>\n<meta name=\"twitter:label1\" content=\"Tiempo estimado de lectura\" \/>\n\t<meta name=\"twitter:data1\" content=\"4 minutos\" \/>\n<!-- \/ Yoast SEO plugin. -->","yoast_head_json":{"title":"Armando Rojas, un ejemplo de que el ahorro no es un sacrificio, porque vale la pena-heroesv6 - Chevyplan","robots":{"index":"index","follow":"follow","max-snippet":"max-snippet:-1","max-image-preview":"max-image-preview:large","max-video-preview":"max-video-preview:-1"},"canonical":"http:\/\/especiales.publimetro.co\/chevyplan\/heroes_del_ahorro_armando_rojas\/","og_locale":"es_ES","og_type":"article","og_title":"Armando Rojas, un ejemplo de que el ahorro no es un sacrificio, porque vale la pena-heroesv6 - Chevyplan","og_description":"[vc_row row_type=&#8221;row&#8221; use_row_as_full_screen_section=&#8221;no&#8221; type=&#8221;grid&#8221; text_align=&#8221;left&#8221; background_animation=&#8221;none&#8221; padding_top=&#8221;40&#8243; padding_bottom=&#8221;20&#8243; css_animation=&#8221;&#8221; background_color=&#8221;#ffffff&#8221; css=&#8221;.vc_custom_1618322322104{background-color: #f4f4f2 !important;}&#8221; el_class=&#8221;butvolverinicio&#8221;][vc_column el_class=&#8221;contearticulo&#8221;][\/vc_column][\/vc_row][vc_row row_type=&#8221;row&#8221; use_row_as_full_screen_section=&#8221;no&#8221; type=&#8221;grid&#8221; text_align=&#8221;left&#8221; background_animation=&#8221;none&#8221; padding_top=&#8221;30&#8243; padding_bottom=&#8221;60&#8243; css_animation=&#8221;&#8221; background_color=&#8221;#ffffff&#8221; css=&#8221;.vc_custom_1618322567447{background-color: #f4f4f2 !important;}&#8221;][vc_column width=&#8221;3\/4&#8243; el_class=&#8221;contearticulo&#8221; css=&#8221;.vc_custom_1618324066881{padding-right: 20px !important;}&#8221;][vc_column_text] Armando Rojas, un ejemplo de que el ahorro no es un sacrificio, porque...","og_url":"http:\/\/especiales.publimetro.co\/chevyplan\/heroes_del_ahorro_armando_rojas\/","og_site_name":"Chevyplan","article_modified_time":"2021-04-19T15:46:03+00:00","twitter_card":"summary_large_image","twitter_misc":{"Tiempo estimado de lectura":"4 minutos"},"schema":{"@context":"https:\/\/schema.org","@graph":[{"@type":"WebSite","@id":"http:\/\/especiales.publimetro.co\/chevyplan\/#website","url":"http:\/\/especiales.publimetro.co\/chevyplan\/","name":"Chevyplan","description":"Otro sitio realizado con WordPress","potentialAction":[{"@type":"SearchAction","target":{"@type":"EntryPoint","urlTemplate":"http:\/\/especiales.publimetro.co\/chevyplan\/?s={search_term_string}"},"query-input":"required name=search_term_string"}],"inLanguage":"es-CO"},{"@type":"WebPage","@id":"http:\/\/especiales.publimetro.co\/chevyplan\/heroes_del_ahorro_armando_rojas\/#webpage","url":"http:\/\/especiales.publimetro.co\/chevyplan\/heroes_del_ahorro_armando_rojas\/","name":"Armando Rojas, un ejemplo de que el ahorro no es un sacrificio, porque vale la pena-heroesv6 - Chevyplan","isPartOf":{"@id":"http:\/\/especiales.publimetro.co\/chevyplan\/#website"},"datePublished":"2021-04-15T16:16:44+00:00","dateModified":"2021-04-19T15:46:03+00:00","breadcrumb":{"@id":"http:\/\/especiales.publimetro.co\/chevyplan\/heroes_del_ahorro_armando_rojas\/#breadcrumb"},"inLanguage":"es-CO","potentialAction":[{"@type":"ReadAction","target":["http:\/\/especiales.publimetro.co\/chevyplan\/heroes_del_ahorro_armando_rojas\/"]}]},{"@type":"BreadcrumbList","@id":"http:\/\/especiales.publimetro.co\/chevyplan\/heroes_del_ahorro_armando_rojas\/#breadcrumb","itemListElement":[{"@type":"ListItem","position":1,"name":"Home","item":"http:\/\/especiales.publimetro.co\/chevyplan\/"},{"@type":"ListItem","position":2,"name":"Armando Rojas, un ejemplo de que el ahorro no es un sacrificio, porque vale la pena-heroesv6"}]}]}},"_links":{"self":[{"href":"https:\/\/especiales.publimetro.co\/chevyplan\/wp-json\/wp\/v2\/pages\/22087","targetHints":{"allow":["GET"]}}],"collection":[{"href":"https:\/\/especiales.publimetro.co\/chevyplan\/wp-json\/wp\/v2\/pages"}],"about":[{"href":"https:\/\/especiales.publimetro.co\/chevyplan\/wp-json\/wp\/v2\/types\/page"}],"author":[{"embeddable":true,"href":"https:\/\/especiales.publimetro.co\/chevyplan\/wp-json\/wp\/v2\/users\/1"}],"replies":[{"embeddable":true,"href":"https:\/\/especiales.publimetro.co\/chevyplan\/wp-json\/wp\/v2\/comments?post=22087"}],"version-history":[{"count":10,"href":"https:\/\/especiales.publimetro.co\/chevyplan\/wp-json\/wp\/v2\/pages\/22087\/revisions"}],"predecessor-version":[{"id":22454,"href":"https:\/\/especiales.publimetro.co\/chevyplan\/wp-json\/wp\/v2\/pages\/22087\/revisions\/22454"}],"wp:attachment":[{"href":"https:\/\/especiales.publimetro.co\/chevyplan\/wp-json\/wp\/v2\/media?parent=22087"}],"curies":[{"name":"wp","href":"https:\/\/api.w.org\/{rel}","templated":true}]}}