{"id":22379,"date":"2021-07-30T17:43:36","date_gmt":"2021-07-30T22:43:36","guid":{"rendered":"https:\/\/especiales.publimetro.co\/universidad-el-bosque\/?page_id=22379"},"modified":"2021-07-30T18:15:46","modified_gmt":"2021-07-30T23:15:46","slug":"la-ley-aluna-un-gran-paso-para-la-lucha-por-la-igualdad-de-genero","status":"publish","type":"page","link":"http:\/\/especiales.publimetro.co\/universidad-el-bosque\/la-ley-aluna-un-gran-paso-para-la-lucha-por-la-igualdad-de-genero\/","title":{"rendered":"La Ley Aluna: un gran paso para la lucha por la igualdad de g\u00e9nero"},"content":{"rendered":"<p>[vc_row row_type=&#8221;parallax&#8221; text_align=&#8221;left&#8221; background_image=&#8221;21894&#8243; full_screen_section_height=&#8221;no&#8221; section_height=&#8221;200&#8243;][vc_column][\/vc_column][\/vc_row][vc_row row_type=&#8221;row&#8221; use_row_as_full_screen_section=&#8221;no&#8221; type=&#8221;grid&#8221; text_align=&#8221;left&#8221; background_image=&#8221;21590&#8243; pattern_background=&#8221;pattern_background&#8221; background_animation=&#8221;none&#8221; padding_top=&#8221;40&#8243; padding_bottom=&#8221;80&#8243; css_animation=&#8221;&#8221; background_color=&#8221;#f5f5f5&#8243;][vc_column width=&#8221;2\/3&#8243;]<a href=\"javascript:history.back()\" target=\"_self\" data-hover-background-color=#ffffff data-hover-border-color=#80bd00 data-hover-color=#80bd00 class=\"qbutton \" style=\"border-color: #80bd00; background-color: #80bd00;\">VOLVER A LA ANTERIOR P\u00c1GINA<\/a>[vc_empty_space][vc_column_text]<\/p>\n<h1 class=\"intertittle\">La Ley Aluna: un gran paso para la lucha por la igualdad de g\u00e9nero<\/h1>\n<p class=\"datepostall\">30.07.2021 \/ Por: PUBLIMETRO<\/p>\n<p class=\"intropostall\">El proyecto reconocer\u00e1 el rol de las madres dentro de las familias y a su vez modificar\u00e1 un mandato de masculinidad que ha tenido el pa\u00eds a lo largo de su historia. Hablamos con una experta sobre el tema.<\/p>\n<p>[\/vc_column_text][vc_single_image image=&#8221;22381&#8243; img_size=&#8221;full&#8221; qode_css_animation=&#8221;&#8221;][vc_empty_space][vc_column_text el_class=&#8221;contearticuloinner&#8221;]<\/p>\n<p class=\"p1\">Colombia ha tenido varios avances en materia normativa que han promovido la igualdad de g\u00e9nero, entre ellos el proyecto de ley Aluna, el cual abre la posibilidad de definir el orden de los apellidos en los hijos, un enorme reconocimiento a las mujeres, especialmente a las madres cabeza de hogar.<span class=\"Apple-converted-space\">\u00a0<\/span><\/p>\n<p class=\"p1\">En Latinoam\u00e9rica y varias regiones de Colombia ha existido una tendencia machista en donde se espera tener un hijo var\u00f3n porque es el que finalmente va a perpetuar el apellido. Con la llegada de la Ley Aluna, se est\u00e1 tratando de modificar ese proceso de pensamiento con respecto a la identidad y construcci\u00f3n familiar. <span class=\"Apple-converted-space\">\u00a0 <\/span><\/p>\n<p class=\"p1\">Mariana V\u00e1squez, coordinadora del Centro de G\u00e9nero e Inclusi\u00f3n de la Universidad El Bosque, habl\u00f3 con PUBLIMETRO sobre el impacto de esta ley en la sociedad, la importancia que tiene en t\u00e9rminos de igualdad y las acciones que se deben emplear para disminuir la violencia de g\u00e9nero.<\/p>\n<p class=\"p1\"><span style=\"color: #e6772d;\">\u201c<i>La Ley Aluna se plantea espec\u00edficamente para aportar a la igualdad de g\u00e9nero de manera expl\u00edcita, reconocer el rol de la mujer, en especial de la madre en la familia y propone modificar un mandato donde prima solamente la l\u00ednea patriarcal. Al modificarse esta posibilidad de tener ese poder de decisi\u00f3n dentro de la familia es determinante en una sociedad, donde hay un gran n\u00famero de madres cabeza de hogar\u201d<\/i>,<\/span> asegur\u00f3.<\/p>\n<p class=\"p1\">Sin embargo, para algunas poblaciones la Ley Aluna se convierte en un tema complejo y a la vez chocante, especialmente aquellas que son arraigadas y la tradici\u00f3n es bastante patriarcal y heteronormativa. Tal es el caso de las mujeres Wayuu, quienes pidieron devolver a la comisi\u00f3n del congreso el proyecto por ser inconstitucional y desconocer el sistema matrilineal de esta etnia.<\/p>\n<p class=\"p1\"><span style=\"color: #e6772d;\">\u201c<i>En este caso hay que tener en cuenta que esta ley no est\u00e1 obligando a que de ahora en adelante el apellido que deba usarse sea el materno, sino que est\u00e1 abriendo la oportunidad de que se pueda hacer en algunos casos espec\u00edficos y como tal no es una ley impositiva. Es entendible que les choque porque es una ruptura a sus tradiciones, pero lo que se busca generar ac\u00e1 es llegar a acuerdos entre ambas partes\u201d,<\/i><\/span> agreg\u00f3.<\/p>\n<p>[\/vc_column_text][\/vc_column][vc_column width=&#8221;1\/3&#8243;][vc_row_inner row_type=&#8221;row&#8221; type=&#8221;full_width&#8221; use_row_as_full_screen_section_slide=&#8221;no&#8221; text_align=&#8221;center&#8221; css_animation=&#8221;&#8221; css=&#8221;.vc_custom_1619552474917{margin-top: 60px !important;}&#8221;][vc_column_inner el_class=&#8221;redessocialeshome&#8221;][vc_single_image image=&#8221;21815&#8243; img_size=&#8221;full&#8221; qode_css_animation=&#8221;&#8221;][vc_column_text]<\/p>\n<p style=\"text-align: center; margin-top: 5px; font-size: 11px;\">PUBLICIDAD<\/p>\n<p>[\/vc_column_text][vc_empty_space][vc_single_image image=&#8221;21916&#8243; img_size=&#8221;full&#8221; onclick=&#8221;custom_link&#8221; img_link_target=&#8221;_blank&#8221; qode_css_animation=&#8221;&#8221; link=&#8221;https:\/\/www.unbosque.edu.co\/internacionalizacion&#8221;][vc_column_text]<\/p>\n<p style=\"text-align: center; margin-top: 5px; font-size: 11px;\">PUBLICIDAD<\/p>\n<p>[\/vc_column_text][\/vc_column_inner][\/vc_row_inner][\/vc_column][\/vc_row][vc_row row_type=&#8221;row&#8221; use_row_as_full_screen_section=&#8221;no&#8221; type=&#8221;full_width&#8221; text_align=&#8221;left&#8221; background_image=&#8221;21590&#8243; pattern_background=&#8221;pattern_background&#8221; background_animation=&#8221;none&#8221; padding_top=&#8221;40&#8243; padding_bottom=&#8221;80&#8243; css_animation=&#8221;&#8221; background_color=&#8221;#f5f5f5&#8243;][vc_column width=&#8221;1\/6&#8243;][\/vc_column][vc_column width=&#8221;2\/3&#8243;][vc_single_image image=&#8221;21800&#8243; img_size=&#8221;full&#8221; alignment=&#8221;center&#8221; onclick=&#8221;custom_link&#8221; img_link_target=&#8221;_blank&#8221; qode_css_animation=&#8221;&#8221; el_class=&#8221;banner_790&#8243; link=&#8221;https:\/\/financiacion.unbosque.edu.co\/&#8221;][vc_single_image image=&#8221;21799&#8243; img_size=&#8221;full&#8221; alignment=&#8221;center&#8221; onclick=&#8221;custom_link&#8221; img_link_target=&#8221;_blank&#8221; qode_css_animation=&#8221;&#8221; el_class=&#8221;banner_100&#8243; link=&#8221;https:\/\/financiacion.unbosque.edu.co\/&#8221;][vc_column_text]<\/p>\n<p style=\"text-align: center; margin-top: 5px; font-size: 11px;\">PUBLICIDAD<\/p>\n<p>[\/vc_column_text][\/vc_column][vc_column width=&#8221;1\/6&#8243;][\/vc_column][\/vc_row][vc_row row_type=&#8221;row&#8221; use_row_as_full_screen_section=&#8221;no&#8221; type=&#8221;full_width&#8221; text_align=&#8221;center&#8221; background_image=&#8221;21830&#8243; pattern_background=&#8221;pattern_background&#8221; background_animation=&#8221;none&#8221; padding_top=&#8221;80&#8243; padding_bottom=&#8221;80&#8243; css_animation=&#8221;&#8221; background_color=&#8221;#f5f5f5&#8243;][vc_column][vc_row_inner row_type=&#8221;row&#8221; type=&#8221;grid&#8221; use_row_as_full_screen_section_slide=&#8221;no&#8221; text_align=&#8221;left&#8221; css_animation=&#8221;&#8221;][vc_column_inner][vc_column_text]<\/p>\n<h6 style=\"text-align: center;\">CONTENIDO<\/h6>\n<h2 style=\"text-align: center;\">Tal vez te pueda interesar&#8230;<\/h2>\n<p>[\/vc_column_text][\/vc_column_inner][\/vc_row_inner][\/vc_column][\/vc_row][vc_row row_type=&#8221;row&#8221; use_row_as_full_screen_section=&#8221;no&#8221; type=&#8221;grid&#8221; text_align=&#8221;left&#8221; background_image=&#8221;21830&#8243; pattern_background=&#8221;pattern_background&#8221; background_animation=&#8221;none&#8221; padding_top=&#8221;80&#8243; padding_bottom=&#8221;80&#8243; css_animation=&#8221;&#8221; background_color=&#8221;#f5f5f5&#8243; css=&#8221;.vc_custom_1619629531051{padding-top: 20px !important;padding-right: 20px !important;padding-bottom: 20px !important;padding-left: 20px !important;}&#8221;][vc_column width=&#8221;1\/3&#8243; css=&#8221;.vc_custom_1619557578884{margin-right: 10px !important;margin-left: 10px !important;}&#8221; el_class=&#8221;contehomem&#8221;][vc_single_image image=&#8221;22389&#8243; img_size=&#8221;large&#8221; alignment=&#8221;center&#8221; onclick=&#8221;custom_link&#8221; qode_css_animation=&#8221;&#8221; link=&#8221;\/universidad-el-bosque\/la-ingenieria-robotica-y-exploracion-espacial-no-son-solo-para-genios-que-hay-detras-de-estas-disciplinas\/&#8221;][vc_column_text]06.04.2021<\/p>\n<h5>La ingenier\u00eda, rob\u00f3tica y exploraci\u00f3n espacial no son solo para genios: \u00bfQu\u00e9 hay detr\u00e1s de estas disciplinas?<\/h5>\n<p>[\/vc_column_text]<a href=\"\/universidad-el-bosque\/la-ingenieria-robotica-y-exploracion-espacial-no-son-solo-para-genios-que-hay-detras-de-estas-disciplinas\/\" target=\"_self\" data-hover-background-color=#ffffff data-hover-border-color=#80bd00 data-hover-color=#80bd00 class=\"qbutton \" style=\"border-color: #80bd00; background-color: #80bd00;\">VER M\u00c1S<\/a>[\/vc_column][vc_column width=&#8221;1\/3&#8243; css=&#8221;.vc_custom_1619557574665{margin-right: 10px !important;margin-left: 10px !important;}&#8221; el_class=&#8221;contehomem&#8221;][vc_single_image image=&#8221;22071&#8243; img_size=&#8221;large&#8221; alignment=&#8221;center&#8221; onclick=&#8221;custom_link&#8221; qode_css_animation=&#8221;&#8221; link=&#8221;\/universidad-el-bosque\/claves-para-emprender-de-manera-efectiva-y-lograr-un-si-de-un-inversionista\/&#8221;][vc_column_text]26.04.2021<\/p>\n<h5>Claves para emprender de manera efectiva y lograr un s\u00ed de un inversionista<\/h5>\n<p>[\/vc_column_text]<a href=\"\/universidad-el-bosque\/claves-para-emprender-de-manera-efectiva-y-lograr-un-si-de-un-inversionista\/\" target=\"_self\" data-hover-background-color=#ffffff data-hover-border-color=#80bd00 data-hover-color=#80bd00 class=\"qbutton \" style=\"border-color: #80bd00; background-color: #80bd00;\">VER M\u00c1S<\/a>[\/vc_column][vc_column width=&#8221;1\/3&#8243; el_class=&#8221;contehomem&#8221;][vc_single_image image=&#8221;22067&#8243; img_size=&#8221;large&#8221; alignment=&#8221;center&#8221; onclick=&#8221;custom_link&#8221; qode_css_animation=&#8221;&#8221; link=&#8221;\/universidad-el-bosque\/tips-para-disminuir-el-impacto-ambiental-producto-de-la-pandemia\/&#8221;][vc_column_text]27.04.2021<\/p>\n<h5>Tips para disminuir el impacto ambiental producto de la pandemia<\/h5>\n<p>[\/vc_column_text]<a href=\"\/universidad-el-bosque\/tips-para-disminuir-el-impacto-ambiental-producto-de-la-pandemia\/\" target=\"_self\" data-hover-background-color=#ffffff data-hover-border-color=#80bd00 data-hover-color=#80bd00 class=\"qbutton \" style=\"border-color: #80bd00; background-color: #80bd00;\">VER M\u00c1S<\/a>[\/vc_column][\/vc_row][vc_row row_type=&#8221;row&#8221; use_row_as_full_screen_section=&#8221;no&#8221; type=&#8221;full_width&#8221; text_align=&#8221;left&#8221; background_image=&#8221;21590&#8243; pattern_background=&#8221;pattern_background&#8221; background_animation=&#8221;none&#8221; padding_top=&#8221;40&#8243; padding_bottom=&#8221;80&#8243; css_animation=&#8221;&#8221; background_color=&#8221;#f5f5f5&#8243;][vc_column width=&#8221;1\/6&#8243;][\/vc_column][vc_column width=&#8221;2\/3&#8243;][vc_row_inner row_type=&#8221;row&#8221; type=&#8221;full_width&#8221; use_row_as_full_screen_section_slide=&#8221;no&#8221; text_align=&#8221;center&#8221; css_animation=&#8221;&#8221; css=&#8221;.vc_custom_1619552474917{margin-top: 60px !important;}&#8221;][vc_column_inner el_class=&#8221;redessocialeshome&#8221;][vc_column_text]<\/p>\n<h6>ENCU\u00c9NTRANOS EN REDES SOCIALES<\/h6>\n<h2>Con\u00e9ctate con la UEB #ViveElBosque<\/h2>\n<p><a href=\"https:\/\/www.facebook.com\/universidadelbosque\" target=\"_blank\" rel=\"noopener\"><img loading=\"lazy\" decoding=\"async\" class=\"size-full wp-image-21606\" src=\"http:\/\/especiales.publimetro.co\/universidad-el-bosque\/wp-content\/uploads\/2021\/04\/ico_facebook.gif\" alt=\"Facebook\" width=\"60\" height=\"60\" \/><\/a> <a href=\"https:\/\/www.youtube.com\/channel\/UC4xVww4tkGwPh1RnH3wzZ9Q\" target=\"_blank\" rel=\"noopener\"><img loading=\"lazy\" decoding=\"async\" class=\"size-full wp-image-21607\" src=\"http:\/\/especiales.publimetro.co\/universidad-el-bosque\/wp-content\/uploads\/2021\/04\/ico_youtube.gif\" alt=\"Youtube\" width=\"60\" height=\"60\" \/><\/a> <a href=\"https:\/\/www.linkedin.com\/school\/universidad-el-bosque\/\" target=\"_blank\" rel=\"noopener\"><img loading=\"lazy\" decoding=\"async\" class=\"size-full wp-image-21608\" src=\"http:\/\/especiales.publimetro.co\/universidad-el-bosque\/wp-content\/uploads\/2021\/04\/ico_linkedin.gif\" alt=\"Linkedin\" width=\"60\" height=\"60\" \/><\/a> <a href=\"https:\/\/www.instagram.com\/uelbosque\/\" target=\"_blank\" rel=\"noopener\"><img loading=\"lazy\" decoding=\"async\" class=\"size-full wp-image-21609\" src=\"http:\/\/especiales.publimetro.co\/universidad-el-bosque\/wp-content\/uploads\/2021\/04\/ico_instagram.gif\" alt=\"Instagram\" width=\"60\" height=\"60\" \/><\/a>[\/vc_column_text][\/vc_column_inner][\/vc_row_inner][\/vc_column][vc_column width=&#8221;1\/6&#8243;][\/vc_column][\/vc_row][vc_row row_type=&#8221;row&#8221; use_row_as_full_screen_section=&#8221;no&#8221; type=&#8221;full_width&#8221; text_align=&#8221;center&#8221; background_animation=&#8221;none&#8221; padding_top=&#8221;30&#8243; padding_bottom=&#8221;30&#8243; css_animation=&#8221;&#8221; background_color=&#8221;#ffffff&#8221;][vc_column][vc_column_text]<\/p>\n<p style=\"text-align: center;\">Vigilada Mineducaci\u00f3n. Personer\u00eda Jur\u00eddica otorgada mediante resoluci\u00f3n 11153 del 4 de agosto de 1978.<\/p>\n<p>[\/vc_column_text][\/vc_column][\/vc_row][vc_row row_type=&#8221;row&#8221; use_row_as_full_screen_section=&#8221;no&#8221; type=&#8221;full_width&#8221; text_align=&#8221;center&#8221; background_animation=&#8221;none&#8221; css_animation=&#8221;&#8221; background_color=&#8221;#ffffff&#8221; el_id=&#8221;arrow_down&#8221; el_class=&#8221;arrow_down&#8221; css=&#8221;.vc_custom_1619652026403{background-color: #33692f !important;}&#8221;][vc_column][vc_single_image image=&#8221;21853&#8243; alignment=&#8221;center&#8221; qode_css_animation=&#8221;&#8221; el_id=&#8221;flecha_abajo&#8221; el_class=&#8221;flecha_abajo&#8221;][\/vc_column][\/vc_row][vc_row row_type=&#8221;row&#8221; use_row_as_full_screen_section=&#8221;no&#8221; type=&#8221;full_width&#8221; text_align=&#8221;left&#8221; background_animation=&#8221;none&#8221; padding_top=&#8221;65px&#8221; padding_bottom=&#8221;65px&#8221; css_animation=&#8221;element_from_bottom&#8221; el_class=&#8221;bottomall&#8221;][vc_column][vc_row_inner row_type=&#8221;row&#8221; type=&#8221;grid&#8221; use_row_as_full_screen_section_slide=&#8221;no&#8221; text_align=&#8221;left&#8221; padding_top=&#8221;65&#8243; padding_bottom=&#8221;65&#8243; css_animation=&#8221;&#8221; el_class=&#8221;bottommiddle&#8221;][vc_column_inner width=&#8221;1\/4&#8243;][vc_single_image image=&#8221;21576&#8243; img_size=&#8221;full&#8221; alignment=&#8221;center&#8221; qode_css_animation=&#8221;&#8221;][\/vc_column_inner][vc_column_inner width=&#8221;1\/4&#8243;][vc_column_text]<\/p>\n<h3>Metro en el mundo<\/h3>\n<p>[\/vc_column_text][qode_elements_holder number_of_columns=&#8221;two_columns&#8221;][qode_elements_holder_item item_padding=&#8221;10px 0 0 0&#8243;][vc_column_text]<a href=\"https:\/\/www.publimetro.cl\/cl\/\" target=\"_blank\" rel=\"noopener\">Chile<\/a><br \/>\n<a href=\"https:\/\/www.publimetro.co\/co\/\" target=\"_blank\" rel=\"noopener\">Colombia<\/a><br \/>\n<a href=\"https:\/\/www.metroecuador.com.ec\/ec\/\" target=\"_blank\" rel=\"noopener\">Ecuador<\/a><br \/>\n<a href=\"https:\/\/www.publinews.gt\/gt\/\" target=\"_blank\" rel=\"noopener\">Guatemala<\/a>[\/vc_column_text][\/qode_elements_holder_item][qode_elements_holder_item item_padding=&#8221;10px 0 0 0&#8243;][vc_column_text]<a href=\"https:\/\/www.publimetro.com.mx\/mx\/\">M\u00e9xico<\/a><br \/>\n<a href=\"https:\/\/www.metro.pr\/pr\/\">Puerto Rico<\/a><br \/>\n<a href=\"https:\/\/www.metroworldnews.com.br\/\">Brasil<\/a><br \/>\n<a style=\"visibility: hidden;\" href=\"#\">none<\/a>[\/vc_column_text][\/qode_elements_holder_item][\/qode_elements_holder][\/vc_column_inner][vc_column_inner width=&#8221;1\/4&#8243;][vc_column_text]<\/p>\n<h3>Nosotros<\/h3>\n<p><a href=\"https:\/\/www.publimetro.co\/co\/page\/directorio\" target=\"_blank\" rel=\"noopener\">Directorio<\/a><br \/>\n<a href=\"https:\/\/www.publimetro.co\/co\/page\/contacto\" target=\"_blank\" rel=\"noopener\">Contacto<\/a>[\/vc_column_text][vc_empty_space][vc_column_text]<\/p>\n<h3>Legal<\/h3>\n<p><a href=\"https:\/\/www.publimetro.co\/co\/page\/termino-condiciones\" target=\"_blank\" rel=\"noopener\">T\u00e9rminos y condiciones<\/a><br \/>\n<a href=\"https:\/\/www.publimetro.co\/co\/page\/aviso-legal\" target=\"_blank\" rel=\"noopener\">Aviso Legal<\/a>[\/vc_column_text][\/vc_column_inner][vc_column_inner width=&#8221;1\/4&#8243;][vc_single_image image=&#8221;21842&#8243; img_size=&#8221;full&#8221; alignment=&#8221;center&#8221; qode_css_animation=&#8221;&#8221;][vc_column_text]Conectamos a millones de personas a trav\u00e9s de historias sobre entretenimiento y noticias globales. 18 pa\u00edses, 60 ciudades, 8 idiomas Somos Metro World News Company.[\/vc_column_text][\/vc_column_inner][\/vc_row_inner][\/vc_column][\/vc_row][vc_row row_type=&#8221;row&#8221; use_row_as_full_screen_section=&#8221;no&#8221; type=&#8221;full_width&#8221; text_align=&#8221;center&#8221; background_animation=&#8221;none&#8221; padding_top=&#8221;15&#8243; padding_bottom=&#8221;15&#8243; css_animation=&#8221;&#8221; css=&#8221;.vc_custom_1619634111338{background-color: #0a6534 !important;}&#8221; el_class=&#8221;lastfooter&#8221;][vc_column][vc_column_text]Copyright\u00a9\u00a02021\u00a0METRO WORLD NEWS[\/vc_column_text][\/vc_column][\/vc_row][vc_row row_type=&#8221;row&#8221; use_row_as_full_screen_section=&#8221;no&#8221; type=&#8221;full_width&#8221; text_align=&#8221;center&#8221; background_animation=&#8221;none&#8221; css_animation=&#8221;&#8221; el_class=&#8221;lastfooter&#8221;][vc_column width=&#8221;1\/3&#8243;][\/vc_column][vc_column width=&#8221;1\/3&#8243;][vc_column_text]<\/p>\n<div class=\"mod_inscribete\"><a href=\"#popmake-21910\"><strong>\u00a1Inscr\u00edbete<\/strong> hoy a la carrera de tus sue\u00f1os!, Haz clic aqu\u00ed<\/a><\/div>\n<p>[\/vc_column_text][\/vc_column][vc_column width=&#8221;1\/3&#8243;][\/vc_column][\/vc_row]<\/p>\n","protected":false},"excerpt":{"rendered":"<p>[vc_row row_type=&#8221;parallax&#8221; text_align=&#8221;left&#8221; background_image=&#8221;21894&#8243; full_screen_section_height=&#8221;no&#8221; section_height=&#8221;200&#8243;][vc_column][\/vc_column][\/vc_row][vc_row row_type=&#8221;row&#8221; use_row_as_full_screen_section=&#8221;no&#8221; type=&#8221;grid&#8221; text_align=&#8221;left&#8221; background_image=&#8221;21590&#8243; pattern_background=&#8221;pattern_background&#8221; background_animation=&#8221;none&#8221; padding_top=&#8221;40&#8243; padding_bottom=&#8221;80&#8243; css_animation=&#8221;&#8221; background_color=&#8221;#f5f5f5&#8243;][vc_column width=&#8221;2\/3&#8243;][vc_empty_space][vc_column_text] La Ley Aluna: un gran paso para la lucha por la igualdad de g\u00e9nero 30.07.2021 \/ Por: PUBLIMETRO El proyecto reconocer\u00e1 el rol de las madres dentro&#8230;<\/p>\n","protected":false},"author":1,"featured_media":22152,"parent":0,"menu_order":0,"comment_status":"open","ping_status":"open","template":"full_width.php","meta":{"footnotes":""},"class_list":["post-22379","page","type-page","status-publish","has-post-thumbnail","hentry"],"yoast_head":"<!-- This site is optimized with the Yoast SEO plugin v16.2 - https:\/\/yoast.com\/wordpress\/plugins\/seo\/ -->\n<title>La Ley Aluna: un gran paso para la lucha por la igualdad de g\u00e9nero - Universidad El Bosque<\/title>\n<meta name=\"description\" content=\"\u00bfVale la pena invertir en una casa o apartamento en Bogot\u00e1? Con\u00e9ctate con la UEB #ViveElBosque\" \/>\n<meta name=\"robots\" content=\"index, follow, max-snippet:-1, max-image-preview:large, max-video-preview:-1\" \/>\n<link rel=\"canonical\" href=\"https:\/\/especiales.publimetro.co\/universidad-el-bosque\/la-ley-aluna-un-gran-paso-para-la-lucha-por-la-igualdad-de-genero\/\" \/>\n<meta property=\"og:locale\" content=\"es_ES\" \/>\n<meta property=\"og:type\" content=\"article\" \/>\n<meta property=\"og:title\" content=\"La Ley Aluna: un gran paso para la lucha por la igualdad de g\u00e9nero - Universidad El Bosque\" \/>\n<meta property=\"og:description\" content=\"\u00bfVale la pena invertir en una casa o apartamento en Bogot\u00e1? Con\u00e9ctate con la UEB #ViveElBosque\" \/>\n<meta property=\"og:url\" content=\"https:\/\/especiales.publimetro.co\/universidad-el-bosque\/la-ley-aluna-un-gran-paso-para-la-lucha-por-la-igualdad-de-genero\/\" \/>\n<meta property=\"og:site_name\" content=\"Universidad El Bosque\" \/>\n<meta property=\"article:modified_time\" content=\"2021-07-30T23:15:46+00:00\" \/>\n<meta property=\"og:image\" content=\"http:\/\/especiales.publimetro.co\/universidad-el-bosque\/wp-content\/uploads\/2021\/05\/img_compartir_redes.jpg\" \/>\n\t<meta property=\"og:image:width\" content=\"540\" \/>\n\t<meta property=\"og:image:height\" content=\"282\" \/>\n<meta name=\"twitter:card\" content=\"summary_large_image\" \/>\n<meta name=\"twitter:label1\" content=\"Est. reading time\">\n\t<meta name=\"twitter:data1\" content=\"5 minutos\">\n<script type=\"application\/ld+json\" class=\"yoast-schema-graph\">{\"@context\":\"https:\/\/schema.org\",\"@graph\":[{\"@type\":\"WebSite\",\"@id\":\"http:\/\/especiales.publimetro.co\/universidad-el-bosque\/#website\",\"url\":\"http:\/\/especiales.publimetro.co\/universidad-el-bosque\/\",\"name\":\"Universidad El Bosque\",\"description\":\"\",\"potentialAction\":[{\"@type\":\"SearchAction\",\"target\":\"http:\/\/especiales.publimetro.co\/universidad-el-bosque\/?s={search_term_string}\",\"query-input\":\"required name=search_term_string\"}],\"inLanguage\":\"es-CO\"},{\"@type\":\"ImageObject\",\"@id\":\"https:\/\/especiales.publimetro.co\/universidad-el-bosque\/la-ley-aluna-un-gran-paso-para-la-lucha-por-la-igualdad-de-genero\/#primaryimage\",\"inLanguage\":\"es-CO\",\"url\":\"http:\/\/especiales.publimetro.co\/universidad-el-bosque\/wp-content\/uploads\/2021\/05\/img_compartir_redes.jpg\",\"contentUrl\":\"http:\/\/especiales.publimetro.co\/universidad-el-bosque\/wp-content\/uploads\/2021\/05\/img_compartir_redes.jpg\",\"width\":540,\"height\":282,\"caption\":\"Universidad El Bosque\"},{\"@type\":\"WebPage\",\"@id\":\"https:\/\/especiales.publimetro.co\/universidad-el-bosque\/la-ley-aluna-un-gran-paso-para-la-lucha-por-la-igualdad-de-genero\/#webpage\",\"url\":\"https:\/\/especiales.publimetro.co\/universidad-el-bosque\/la-ley-aluna-un-gran-paso-para-la-lucha-por-la-igualdad-de-genero\/\",\"name\":\"La Ley Aluna: un gran paso para la lucha por la igualdad de g\\u00e9nero - Universidad El Bosque\",\"isPartOf\":{\"@id\":\"http:\/\/especiales.publimetro.co\/universidad-el-bosque\/#website\"},\"primaryImageOfPage\":{\"@id\":\"https:\/\/especiales.publimetro.co\/universidad-el-bosque\/la-ley-aluna-un-gran-paso-para-la-lucha-por-la-igualdad-de-genero\/#primaryimage\"},\"datePublished\":\"2021-07-30T22:43:36+00:00\",\"dateModified\":\"2021-07-30T23:15:46+00:00\",\"description\":\"\\u00bfVale la pena invertir en una casa o apartamento en Bogot\\u00e1? Con\\u00e9ctate con la UEB #ViveElBosque\",\"breadcrumb\":{\"@id\":\"https:\/\/especiales.publimetro.co\/universidad-el-bosque\/la-ley-aluna-un-gran-paso-para-la-lucha-por-la-igualdad-de-genero\/#breadcrumb\"},\"inLanguage\":\"es-CO\",\"potentialAction\":[{\"@type\":\"ReadAction\",\"target\":[\"https:\/\/especiales.publimetro.co\/universidad-el-bosque\/la-ley-aluna-un-gran-paso-para-la-lucha-por-la-igualdad-de-genero\/\"]}]},{\"@type\":\"BreadcrumbList\",\"@id\":\"https:\/\/especiales.publimetro.co\/universidad-el-bosque\/la-ley-aluna-un-gran-paso-para-la-lucha-por-la-igualdad-de-genero\/#breadcrumb\",\"itemListElement\":[{\"@type\":\"ListItem\",\"position\":1,\"item\":{\"@type\":\"WebPage\",\"@id\":\"http:\/\/especiales.publimetro.co\/universidad-el-bosque\/\",\"url\":\"http:\/\/especiales.publimetro.co\/universidad-el-bosque\/\",\"name\":\"Home\"}},{\"@type\":\"ListItem\",\"position\":2,\"item\":{\"@id\":\"https:\/\/especiales.publimetro.co\/universidad-el-bosque\/la-ley-aluna-un-gran-paso-para-la-lucha-por-la-igualdad-de-genero\/#webpage\"}}]}]}<\/script>\n<!-- \/ Yoast SEO plugin. -->","_links":{"self":[{"href":"http:\/\/especiales.publimetro.co\/universidad-el-bosque\/wp-json\/wp\/v2\/pages\/22379","targetHints":{"allow":["GET"]}}],"collection":[{"href":"http:\/\/especiales.publimetro.co\/universidad-el-bosque\/wp-json\/wp\/v2\/pages"}],"about":[{"href":"http:\/\/especiales.publimetro.co\/universidad-el-bosque\/wp-json\/wp\/v2\/types\/page"}],"author":[{"embeddable":true,"href":"http:\/\/especiales.publimetro.co\/universidad-el-bosque\/wp-json\/wp\/v2\/users\/1"}],"replies":[{"embeddable":true,"href":"http:\/\/especiales.publimetro.co\/universidad-el-bosque\/wp-json\/wp\/v2\/comments?post=22379"}],"version-history":[{"count":5,"href":"http:\/\/especiales.publimetro.co\/universidad-el-bosque\/wp-json\/wp\/v2\/pages\/22379\/revisions"}],"predecessor-version":[{"id":22395,"href":"http:\/\/especiales.publimetro.co\/universidad-el-bosque\/wp-json\/wp\/v2\/pages\/22379\/revisions\/22395"}],"wp:featuredmedia":[{"embeddable":true,"href":"http:\/\/especiales.publimetro.co\/universidad-el-bosque\/wp-json\/wp\/v2\/media\/22152"}],"wp:attachment":[{"href":"http:\/\/especiales.publimetro.co\/universidad-el-bosque\/wp-json\/wp\/v2\/media?parent=22379"}],"curies":[{"name":"wp","href":"https:\/\/api.w.org\/{rel}","templated":true}]}}