{"id":22079,"date":"2021-04-29T12:43:04","date_gmt":"2021-04-29T17:43:04","guid":{"rendered":"https:\/\/especiales.publimetro.co\/universidad-el-bosque\/?page_id=22079"},"modified":"2021-05-01T10:31:26","modified_gmt":"2021-05-01T15:31:26","slug":"claves-para-emprender-de-manera-efectiva-y-lograr-un-si-de-un-inversionista","status":"publish","type":"page","link":"http:\/\/especiales.publimetro.co\/universidad-el-bosque\/claves-para-emprender-de-manera-efectiva-y-lograr-un-si-de-un-inversionista\/","title":{"rendered":"Claves para emprender de manera efectiva y lograr un s\u00ed de un inversionista"},"content":{"rendered":"<p>[vc_row row_type=&#8221;parallax&#8221; text_align=&#8221;left&#8221; background_image=&#8221;21894&#8243; full_screen_section_height=&#8221;no&#8221; section_height=&#8221;200&#8243;][vc_column][\/vc_column][\/vc_row][vc_row row_type=&#8221;row&#8221; use_row_as_full_screen_section=&#8221;no&#8221; type=&#8221;grid&#8221; text_align=&#8221;left&#8221; background_image=&#8221;21590&#8243; pattern_background=&#8221;pattern_background&#8221; background_animation=&#8221;none&#8221; padding_top=&#8221;40&#8243; padding_bottom=&#8221;80&#8243; css_animation=&#8221;&#8221; background_color=&#8221;#f5f5f5&#8243;][vc_column width=&#8221;2\/3&#8243;]<a href=\"javascript:history.back()\" target=\"_self\" data-hover-background-color=#ffffff data-hover-border-color=#80bd00 data-hover-color=#80bd00 class=\"qbutton \" style=\"border-color: #80bd00; background-color: #80bd00;\">VOLVER A LA ANTERIOR P\u00c1GINA<\/a>[vc_empty_space][vc_column_text]<\/p>\n<h1 class=\"intertittle\">Claves para emprender de manera efectiva y lograr un s\u00ed de un inversionista<\/h1>\n<p class=\"datepostall\">26.04.2021 \/ Por: PUBLIMETRO<\/p>\n<p class=\"intropostall\">Tenga presente estas recomendaciones a la hora de tener el negocio que siempre so\u00f1\u00f3,<\/p>\n<p>[\/vc_column_text][vc_column_text]<\/p>\n<div class=\"contenedor_video\"><iframe src=\"https:\/\/player.vimeo.com\/video\/543359168\" frameborder=\"0\" allowfullscreen=\"allowfullscreen\"><\/iframe><\/div>\n<p>[\/vc_column_text][vc_empty_space][vc_column_text el_class=&#8221;contearticuloinner&#8221;]El miedo siempre estar\u00e1 presente al momento de emprender, pero la mejor forma de evadirlo es prepar\u00e1ndose, estudiando y analizando cada paso antes de lanzar al mercado una nueva idea. No existe un manual o una ley que determine cu\u00e1les son los pasos exactos a seguir para que un emprendimiento sea un \u00e9xito y no un fracaso, pero s\u00ed hay factores que determinar\u00e1n si esta es lo suficientemente original y a la vez rentable.<\/p>\n<p>Entender el mercado, analizar la competencia, innovar, analizar qu\u00e9 tan sostenible es este nuevo proyecto, hacen parte de las recomendaciones que hace Antonio Alonso, decano de la Facultad de Ciencias Econ\u00f3micas y Administrativas de la Universidad El Bosque, quien adem\u00e1s tambi\u00e9n pone sobre la mesa aquellos errores comunes que se cometen cuando se quiere vender un producto e incluso, buscar un inversionista para que este crezca.<\/p>\n<p>En el siguiente video te mostraremos cu\u00e1les son esas claves para emprender de manera efectiva, c\u00f3mo lograr un s\u00ed de un inversionista y qu\u00e9 acciones evitar\u00e1n que tu negocio fracase.[\/vc_column_text][\/vc_column][vc_column width=&#8221;1\/3&#8243;][vc_row_inner row_type=&#8221;row&#8221; type=&#8221;full_width&#8221; use_row_as_full_screen_section_slide=&#8221;no&#8221; text_align=&#8221;center&#8221; css_animation=&#8221;&#8221; css=&#8221;.vc_custom_1619552474917{margin-top: 60px !important;}&#8221;][vc_column_inner el_class=&#8221;redessocialeshome&#8221;][vc_single_image image=&#8221;21815&#8243; img_size=&#8221;full&#8221; qode_css_animation=&#8221;&#8221;][vc_column_text]<\/p>\n<p style=\"text-align: center; margin-top: 5px; font-size: 11px;\">PUBLICIDAD<\/p>\n<p>[\/vc_column_text][vc_empty_space][vc_single_image image=&#8221;21916&#8243; img_size=&#8221;full&#8221; onclick=&#8221;custom_link&#8221; img_link_target=&#8221;_blank&#8221; qode_css_animation=&#8221;&#8221; link=&#8221;https:\/\/www.unbosque.edu.co\/internacionalizacion&#8221;][vc_column_text]<\/p>\n<p style=\"text-align: center; margin-top: 5px; font-size: 11px;\">PUBLICIDAD<\/p>\n<p>[\/vc_column_text][\/vc_column_inner][\/vc_row_inner][\/vc_column][\/vc_row][vc_row row_type=&#8221;row&#8221; use_row_as_full_screen_section=&#8221;no&#8221; type=&#8221;full_width&#8221; text_align=&#8221;left&#8221; background_image=&#8221;21590&#8243; pattern_background=&#8221;pattern_background&#8221; background_animation=&#8221;none&#8221; padding_top=&#8221;40&#8243; padding_bottom=&#8221;80&#8243; css_animation=&#8221;&#8221; background_color=&#8221;#f5f5f5&#8243;][vc_column width=&#8221;1\/6&#8243;][\/vc_column][vc_column width=&#8221;2\/3&#8243;][vc_single_image image=&#8221;21800&#8243; img_size=&#8221;full&#8221; alignment=&#8221;center&#8221; onclick=&#8221;custom_link&#8221; img_link_target=&#8221;_blank&#8221; qode_css_animation=&#8221;&#8221; el_class=&#8221;banner_790&#8243; link=&#8221;https:\/\/financiacion.unbosque.edu.co\/&#8221;][vc_single_image image=&#8221;21799&#8243; img_size=&#8221;full&#8221; alignment=&#8221;center&#8221; onclick=&#8221;custom_link&#8221; img_link_target=&#8221;_blank&#8221; qode_css_animation=&#8221;&#8221; el_class=&#8221;banner_100&#8243; link=&#8221;https:\/\/financiacion.unbosque.edu.co\/&#8221;][vc_column_text]<\/p>\n<p style=\"text-align: center; margin-top: 5px; font-size: 11px;\">PUBLICIDAD<\/p>\n<p>[\/vc_column_text][\/vc_column][vc_column width=&#8221;1\/6&#8243;][\/vc_column][\/vc_row][vc_row row_type=&#8221;row&#8221; use_row_as_full_screen_section=&#8221;no&#8221; type=&#8221;full_width&#8221; text_align=&#8221;center&#8221; background_image=&#8221;21830&#8243; pattern_background=&#8221;pattern_background&#8221; background_animation=&#8221;none&#8221; padding_top=&#8221;80&#8243; padding_bottom=&#8221;80&#8243; css_animation=&#8221;&#8221; background_color=&#8221;#f5f5f5&#8243;][vc_column][vc_row_inner row_type=&#8221;row&#8221; type=&#8221;grid&#8221; use_row_as_full_screen_section_slide=&#8221;no&#8221; text_align=&#8221;left&#8221; css_animation=&#8221;&#8221;][vc_column_inner][vc_column_text]<\/p>\n<h6 style=\"text-align: center;\">CONTENIDO<\/h6>\n<h2 style=\"text-align: center;\">Tal vez te pueda interesar&#8230;<\/h2>\n<p>[\/vc_column_text][\/vc_column_inner][\/vc_row_inner][\/vc_column][\/vc_row][vc_row row_type=&#8221;row&#8221; use_row_as_full_screen_section=&#8221;no&#8221; type=&#8221;grid&#8221; text_align=&#8221;left&#8221; background_image=&#8221;21830&#8243; pattern_background=&#8221;pattern_background&#8221; background_animation=&#8221;none&#8221; padding_top=&#8221;80&#8243; padding_bottom=&#8221;80&#8243; css_animation=&#8221;&#8221; background_color=&#8221;#f5f5f5&#8243; css=&#8221;.vc_custom_1619629531051{padding-top: 20px !important;padding-right: 20px !important;padding-bottom: 20px !important;padding-left: 20px !important;}&#8221;][vc_column width=&#8221;1\/3&#8243; css=&#8221;.vc_custom_1619557578884{margin-right: 10px !important;margin-left: 10px !important;}&#8221; el_class=&#8221;contehomem&#8221;][vc_single_image image=&#8221;22070&#8243; img_size=&#8221;large&#8221; alignment=&#8221;center&#8221; onclick=&#8221;custom_link&#8221; qode_css_animation=&#8221;&#8221; link=&#8221;\/universidad-el-bosque\/secreto-detras-de-uno-de-los-mejores-programas-de-derecho\/&#8221;][vc_column_text]26.06.2020<\/p>\n<h5>El secreto detr\u00e1s de uno de los mejores programas de derecho de Bogot\u00e1<\/h5>\n<p>[\/vc_column_text]<a href=\"\/universidad-el-bosque\/secreto-detras-de-uno-de-los-mejores-programas-de-derecho\/\" target=\"_self\" data-hover-background-color=#ffffff data-hover-border-color=#80bd00 data-hover-color=#80bd00 class=\"qbutton \" style=\"border-color: #80bd00; background-color: #80bd00;\">VER M\u00c1S<\/a>[\/vc_column][vc_column width=&#8221;1\/3&#8243; css=&#8221;.vc_custom_1619557574665{margin-right: 10px !important;margin-left: 10px !important;}&#8221; el_class=&#8221;contehomem&#8221;][vc_single_image image=&#8221;22065&#8243; img_size=&#8221;large&#8221; alignment=&#8221;center&#8221; onclick=&#8221;custom_link&#8221; qode_css_animation=&#8221;&#8221; link=&#8221;\/universidad-el-bosque\/casa-apartamento-comprar-apartamento\/&#8221;][vc_column_text]26.04.2021<\/p>\n<h5>\u00bfVale la pena invertir en una casa o apartamento en Bogot\u00e1?<\/h5>\n<p>[\/vc_column_text]<a href=\"\/universidad-el-bosque\/casa-apartamento-comprar-apartamento\/\" target=\"_self\" data-hover-background-color=#ffffff data-hover-border-color=#80bd00 data-hover-color=#80bd00 class=\"qbutton \" style=\"border-color: #80bd00; background-color: #80bd00;\">VER M\u00c1S<\/a>[\/vc_column][vc_column width=&#8221;1\/3&#8243; el_class=&#8221;contehomem&#8221;][vc_single_image image=&#8221;22069&#8243; img_size=&#8221;large&#8221; alignment=&#8221;center&#8221; onclick=&#8221;custom_link&#8221; qode_css_animation=&#8221;&#8221; link=&#8221;\/universidad-el-bosque\/estudiar-matematicas-una-decision-inteligente-util-y-con-gran-campo-laboral\/&#8221;][vc_column_text]26.04.2021<\/p>\n<h5>Estudiar matem\u00e1ticas: una decisi\u00f3n inteligente, \u00fatil y con gran campo laboral<\/h5>\n<p>[\/vc_column_text]<a href=\"\/universidad-el-bosque\/estudiar-matematicas-una-decision-inteligente-util-y-con-gran-campo-laboral\/\" target=\"_self\" data-hover-background-color=#ffffff data-hover-border-color=#80bd00 data-hover-color=#80bd00 class=\"qbutton \" style=\"border-color: #80bd00; background-color: #80bd00;\">VER M\u00c1S<\/a>[\/vc_column][\/vc_row][vc_row row_type=&#8221;row&#8221; use_row_as_full_screen_section=&#8221;no&#8221; type=&#8221;full_width&#8221; text_align=&#8221;left&#8221; background_image=&#8221;21590&#8243; pattern_background=&#8221;pattern_background&#8221; background_animation=&#8221;none&#8221; padding_top=&#8221;40&#8243; padding_bottom=&#8221;80&#8243; css_animation=&#8221;&#8221; background_color=&#8221;#f5f5f5&#8243;][vc_column width=&#8221;1\/6&#8243;][\/vc_column][vc_column width=&#8221;2\/3&#8243;][vc_row_inner row_type=&#8221;row&#8221; type=&#8221;full_width&#8221; use_row_as_full_screen_section_slide=&#8221;no&#8221; text_align=&#8221;center&#8221; css_animation=&#8221;&#8221; css=&#8221;.vc_custom_1619552474917{margin-top: 60px !important;}&#8221;][vc_column_inner el_class=&#8221;redessocialeshome&#8221;][vc_column_text]<\/p>\n<h6>ENCU\u00c9NTRANOS EN REDES SOCIALES<\/h6>\n<h2>Con\u00e9ctate con la UEB #ViveElBosque<\/h2>\n<p><a href=\"https:\/\/www.facebook.com\/universidadelbosque\" target=\"_blank\" rel=\"noopener\"><img loading=\"lazy\" decoding=\"async\" class=\"size-full wp-image-21606\" src=\"http:\/\/especiales.publimetro.co\/universidad-el-bosque\/wp-content\/uploads\/2021\/04\/ico_facebook.gif\" alt=\"Facebook\" width=\"60\" height=\"60\" \/><\/a> <a href=\"https:\/\/www.youtube.com\/channel\/UC4xVww4tkGwPh1RnH3wzZ9Q\" target=\"_blank\" rel=\"noopener\"><img loading=\"lazy\" decoding=\"async\" class=\"size-full wp-image-21607\" src=\"http:\/\/especiales.publimetro.co\/universidad-el-bosque\/wp-content\/uploads\/2021\/04\/ico_youtube.gif\" alt=\"Youtube\" width=\"60\" height=\"60\" \/><\/a> <a href=\"https:\/\/www.linkedin.com\/school\/universidad-el-bosque\/\" target=\"_blank\" rel=\"noopener\"><img loading=\"lazy\" decoding=\"async\" class=\"size-full wp-image-21608\" src=\"http:\/\/especiales.publimetro.co\/universidad-el-bosque\/wp-content\/uploads\/2021\/04\/ico_linkedin.gif\" alt=\"Linkedin\" width=\"60\" height=\"60\" \/><\/a> <a href=\"https:\/\/www.instagram.com\/uelbosque\/\" target=\"_blank\" rel=\"noopener\"><img loading=\"lazy\" decoding=\"async\" class=\"size-full wp-image-21609\" src=\"http:\/\/especiales.publimetro.co\/universidad-el-bosque\/wp-content\/uploads\/2021\/04\/ico_instagram.gif\" alt=\"Instagram\" width=\"60\" height=\"60\" \/><\/a>[\/vc_column_text][\/vc_column_inner][\/vc_row_inner][\/vc_column][vc_column width=&#8221;1\/6&#8243;][\/vc_column][\/vc_row][vc_row row_type=&#8221;row&#8221; use_row_as_full_screen_section=&#8221;no&#8221; type=&#8221;full_width&#8221; text_align=&#8221;center&#8221; background_animation=&#8221;none&#8221; padding_top=&#8221;30&#8243; padding_bottom=&#8221;30&#8243; css_animation=&#8221;&#8221; background_color=&#8221;#ffffff&#8221;][vc_column][vc_column_text]<\/p>\n<p style=\"text-align: center;\">Vigilada Mineducaci\u00f3n. Personer\u00eda Jur\u00eddica otorgada mediante resoluci\u00f3n 11153 del 4 de agosto de 1978.<\/p>\n<p>[\/vc_column_text][\/vc_column][\/vc_row][vc_row row_type=&#8221;row&#8221; use_row_as_full_screen_section=&#8221;no&#8221; type=&#8221;full_width&#8221; text_align=&#8221;center&#8221; background_animation=&#8221;none&#8221; css_animation=&#8221;&#8221; background_color=&#8221;#ffffff&#8221; el_id=&#8221;arrow_down&#8221; el_class=&#8221;arrow_down&#8221; css=&#8221;.vc_custom_1619652026403{background-color: #33692f !important;}&#8221;][vc_column][vc_single_image image=&#8221;21853&#8243; alignment=&#8221;center&#8221; qode_css_animation=&#8221;&#8221; el_id=&#8221;flecha_abajo&#8221; el_class=&#8221;flecha_abajo&#8221;][\/vc_column][\/vc_row][vc_row row_type=&#8221;row&#8221; use_row_as_full_screen_section=&#8221;no&#8221; type=&#8221;full_width&#8221; text_align=&#8221;left&#8221; background_animation=&#8221;none&#8221; padding_top=&#8221;65px&#8221; padding_bottom=&#8221;65px&#8221; css_animation=&#8221;element_from_bottom&#8221; el_class=&#8221;bottomall&#8221;][vc_column][vc_row_inner row_type=&#8221;row&#8221; type=&#8221;grid&#8221; use_row_as_full_screen_section_slide=&#8221;no&#8221; text_align=&#8221;left&#8221; padding_top=&#8221;65&#8243; padding_bottom=&#8221;65&#8243; css_animation=&#8221;&#8221; el_class=&#8221;bottommiddle&#8221;][vc_column_inner width=&#8221;1\/4&#8243;][vc_single_image image=&#8221;21576&#8243; img_size=&#8221;full&#8221; alignment=&#8221;center&#8221; qode_css_animation=&#8221;&#8221;][\/vc_column_inner][vc_column_inner width=&#8221;1\/4&#8243;][vc_column_text]<\/p>\n<h3>Metro en el mundo<\/h3>\n<p>[\/vc_column_text][qode_elements_holder number_of_columns=&#8221;two_columns&#8221;][qode_elements_holder_item item_padding=&#8221;10px 0 0 0&#8243;][vc_column_text]<a href=\"https:\/\/www.publimetro.cl\/cl\/\" target=\"_blank\" rel=\"noopener\">Chile<\/a><br \/>\n<a href=\"https:\/\/www.publimetro.co\/co\/\" target=\"_blank\" rel=\"noopener\">Colombia<\/a><br \/>\n<a href=\"https:\/\/www.metroecuador.com.ec\/ec\/\" target=\"_blank\" rel=\"noopener\">Ecuador<\/a><br \/>\n<a href=\"https:\/\/www.publinews.gt\/gt\/\" target=\"_blank\" rel=\"noopener\">Guatemala<\/a>[\/vc_column_text][\/qode_elements_holder_item][qode_elements_holder_item item_padding=&#8221;10px 0 0 0&#8243;][vc_column_text]<a href=\"https:\/\/www.publimetro.com.mx\/mx\/\">M\u00e9xico<\/a><br \/>\n<a href=\"https:\/\/www.metro.pr\/pr\/\">Puerto Rico<\/a><br \/>\n<a href=\"https:\/\/www.metroworldnews.com.br\/\">Brasil<\/a><br \/>\n<a style=\"visibility: hidden;\" href=\"#\">none<\/a>[\/vc_column_text][\/qode_elements_holder_item][\/qode_elements_holder][\/vc_column_inner][vc_column_inner width=&#8221;1\/4&#8243;][vc_column_text]<\/p>\n<h3>Nosotros<\/h3>\n<p><a href=\"https:\/\/www.publimetro.co\/co\/page\/directorio\" target=\"_blank\" rel=\"noopener\">Directorio<\/a><br \/>\n<a href=\"https:\/\/www.publimetro.co\/co\/page\/contacto\" target=\"_blank\" rel=\"noopener\">Contacto<\/a>[\/vc_column_text][vc_empty_space][vc_column_text]<\/p>\n<h3>Legal<\/h3>\n<p><a href=\"https:\/\/www.publimetro.co\/co\/page\/termino-condiciones\" target=\"_blank\" rel=\"noopener\">T\u00e9rminos y condiciones<\/a><br \/>\n<a href=\"https:\/\/www.publimetro.co\/co\/page\/aviso-legal\" target=\"_blank\" rel=\"noopener\">Aviso Legal<\/a>[\/vc_column_text][\/vc_column_inner][vc_column_inner width=&#8221;1\/4&#8243;][vc_single_image image=&#8221;21842&#8243; img_size=&#8221;full&#8221; alignment=&#8221;center&#8221; qode_css_animation=&#8221;&#8221;][vc_column_text]Conectamos a millones de personas a trav\u00e9s de historias sobre entretenimiento y noticias globales. 18 pa\u00edses, 60 ciudades, 8 idiomas Somos Metro World News Company.[\/vc_column_text][\/vc_column_inner][\/vc_row_inner][\/vc_column][\/vc_row][vc_row row_type=&#8221;row&#8221; use_row_as_full_screen_section=&#8221;no&#8221; type=&#8221;full_width&#8221; text_align=&#8221;center&#8221; background_animation=&#8221;none&#8221; padding_top=&#8221;15&#8243; padding_bottom=&#8221;15&#8243; css_animation=&#8221;&#8221; css=&#8221;.vc_custom_1619634111338{background-color: #0a6534 !important;}&#8221; el_class=&#8221;lastfooter&#8221;][vc_column][vc_column_text]Copyright\u00a9\u00a02021\u00a0METRO WORLD NEWS[\/vc_column_text][\/vc_column][\/vc_row][vc_row row_type=&#8221;row&#8221; use_row_as_full_screen_section=&#8221;no&#8221; type=&#8221;full_width&#8221; text_align=&#8221;center&#8221; background_animation=&#8221;none&#8221; css_animation=&#8221;&#8221; el_class=&#8221;lastfooter&#8221;][vc_column width=&#8221;1\/3&#8243;][\/vc_column][vc_column width=&#8221;1\/3&#8243;][vc_column_text]<\/p>\n<div class=\"mod_inscribete\"><a href=\"#popmake-21910\"><strong>\u00a1Inscr\u00edbete<\/strong> hoy a la carrera de tus sue\u00f1os!, Haz clic aqu\u00ed<\/a><\/div>\n<p>[\/vc_column_text][\/vc_column][vc_column width=&#8221;1\/3&#8243;][\/vc_column][\/vc_row]<\/p>\n","protected":false},"excerpt":{"rendered":"<p>[vc_row row_type=&#8221;parallax&#8221; text_align=&#8221;left&#8221; background_image=&#8221;21894&#8243; full_screen_section_height=&#8221;no&#8221; section_height=&#8221;200&#8243;][vc_column][\/vc_column][\/vc_row][vc_row row_type=&#8221;row&#8221; use_row_as_full_screen_section=&#8221;no&#8221; type=&#8221;grid&#8221; text_align=&#8221;left&#8221; background_image=&#8221;21590&#8243; pattern_background=&#8221;pattern_background&#8221; background_animation=&#8221;none&#8221; padding_top=&#8221;40&#8243; padding_bottom=&#8221;80&#8243; css_animation=&#8221;&#8221; background_color=&#8221;#f5f5f5&#8243;][vc_column width=&#8221;2\/3&#8243;][vc_empty_space][vc_column_text] Claves para emprender de manera efectiva y lograr un s\u00ed de un inversionista 26.04.2021 \/ Por: PUBLIMETRO Tenga presente estas recomendaciones a la hora de tener el&#8230;<\/p>\n","protected":false},"author":1,"featured_media":0,"parent":0,"menu_order":0,"comment_status":"open","ping_status":"open","template":"full_width.php","meta":{"footnotes":""},"class_list":["post-22079","page","type-page","status-publish","hentry"],"yoast_head":"<!-- This site is optimized with the Yoast SEO plugin v16.2 - https:\/\/yoast.com\/wordpress\/plugins\/seo\/ -->\n<title>Claves para emprender de manera efectiva y lograr un s\u00ed de un inversionista - Universidad El Bosque<\/title>\n<meta name=\"description\" content=\"Claves para emprender de manera efectiva y lograr un s\u00ed de un inversionista. Con\u00e9ctate con la UEB #ViveElBosque\" \/>\n<meta name=\"robots\" content=\"index, follow, max-snippet:-1, max-image-preview:large, max-video-preview:-1\" \/>\n<link rel=\"canonical\" href=\"http:\/\/especiales.publimetro.co\/universidad-el-bosque\/claves-para-emprender-de-manera-efectiva-y-lograr-un-si-de-un-inversionista\/\" \/>\n<meta property=\"og:locale\" content=\"es_ES\" \/>\n<meta property=\"og:type\" content=\"article\" \/>\n<meta property=\"og:title\" content=\"Claves para emprender de manera efectiva y lograr un s\u00ed de un inversionista - Universidad El Bosque\" \/>\n<meta property=\"og:description\" content=\"Claves para emprender de manera efectiva y lograr un s\u00ed de un inversionista. Con\u00e9ctate con la UEB #ViveElBosque\" \/>\n<meta property=\"og:url\" content=\"http:\/\/especiales.publimetro.co\/universidad-el-bosque\/claves-para-emprender-de-manera-efectiva-y-lograr-un-si-de-un-inversionista\/\" \/>\n<meta property=\"og:site_name\" content=\"Universidad El Bosque\" \/>\n<meta property=\"article:modified_time\" content=\"2021-05-01T15:31:26+00:00\" \/>\n<meta property=\"og:image\" content=\"http:\/\/especiales.publimetro.co\/universidad-el-bosque\/wp-content\/uploads\/2021\/04\/ico_facebook.gif\" \/>\n<meta name=\"twitter:card\" content=\"summary_large_image\" \/>\n<meta name=\"twitter:label1\" content=\"Est. reading time\">\n\t<meta name=\"twitter:data1\" content=\"4 minutos\">\n<script type=\"application\/ld+json\" class=\"yoast-schema-graph\">{\"@context\":\"https:\/\/schema.org\",\"@graph\":[{\"@type\":\"WebSite\",\"@id\":\"http:\/\/especiales.publimetro.co\/universidad-el-bosque\/#website\",\"url\":\"http:\/\/especiales.publimetro.co\/universidad-el-bosque\/\",\"name\":\"Universidad El Bosque\",\"description\":\"\",\"potentialAction\":[{\"@type\":\"SearchAction\",\"target\":\"http:\/\/especiales.publimetro.co\/universidad-el-bosque\/?s={search_term_string}\",\"query-input\":\"required name=search_term_string\"}],\"inLanguage\":\"es-CO\"},{\"@type\":\"ImageObject\",\"@id\":\"http:\/\/especiales.publimetro.co\/universidad-el-bosque\/claves-para-emprender-de-manera-efectiva-y-lograr-un-si-de-un-inversionista\/#primaryimage\",\"inLanguage\":\"es-CO\",\"url\":\"http:\/\/especiales.publimetro.co\/universidad-el-bosque\/wp-content\/uploads\/2021\/04\/ico_facebook.gif\",\"contentUrl\":\"http:\/\/especiales.publimetro.co\/universidad-el-bosque\/wp-content\/uploads\/2021\/04\/ico_facebook.gif\",\"width\":60,\"height\":60,\"caption\":\"Facebook\"},{\"@type\":\"WebPage\",\"@id\":\"http:\/\/especiales.publimetro.co\/universidad-el-bosque\/claves-para-emprender-de-manera-efectiva-y-lograr-un-si-de-un-inversionista\/#webpage\",\"url\":\"http:\/\/especiales.publimetro.co\/universidad-el-bosque\/claves-para-emprender-de-manera-efectiva-y-lograr-un-si-de-un-inversionista\/\",\"name\":\"Claves para emprender de manera efectiva y lograr un s\\u00ed de un inversionista - Universidad El Bosque\",\"isPartOf\":{\"@id\":\"http:\/\/especiales.publimetro.co\/universidad-el-bosque\/#website\"},\"primaryImageOfPage\":{\"@id\":\"http:\/\/especiales.publimetro.co\/universidad-el-bosque\/claves-para-emprender-de-manera-efectiva-y-lograr-un-si-de-un-inversionista\/#primaryimage\"},\"datePublished\":\"2021-04-29T17:43:04+00:00\",\"dateModified\":\"2021-05-01T15:31:26+00:00\",\"description\":\"Claves para emprender de manera efectiva y lograr un s\\u00ed de un inversionista. Con\\u00e9ctate con la UEB #ViveElBosque\",\"breadcrumb\":{\"@id\":\"http:\/\/especiales.publimetro.co\/universidad-el-bosque\/claves-para-emprender-de-manera-efectiva-y-lograr-un-si-de-un-inversionista\/#breadcrumb\"},\"inLanguage\":\"es-CO\",\"potentialAction\":[{\"@type\":\"ReadAction\",\"target\":[\"http:\/\/especiales.publimetro.co\/universidad-el-bosque\/claves-para-emprender-de-manera-efectiva-y-lograr-un-si-de-un-inversionista\/\"]}]},{\"@type\":\"BreadcrumbList\",\"@id\":\"http:\/\/especiales.publimetro.co\/universidad-el-bosque\/claves-para-emprender-de-manera-efectiva-y-lograr-un-si-de-un-inversionista\/#breadcrumb\",\"itemListElement\":[{\"@type\":\"ListItem\",\"position\":1,\"item\":{\"@type\":\"WebPage\",\"@id\":\"http:\/\/especiales.publimetro.co\/universidad-el-bosque\/\",\"url\":\"http:\/\/especiales.publimetro.co\/universidad-el-bosque\/\",\"name\":\"Home\"}},{\"@type\":\"ListItem\",\"position\":2,\"item\":{\"@id\":\"http:\/\/especiales.publimetro.co\/universidad-el-bosque\/claves-para-emprender-de-manera-efectiva-y-lograr-un-si-de-un-inversionista\/#webpage\"}}]}]}<\/script>\n<!-- \/ Yoast SEO plugin. -->","_links":{"self":[{"href":"http:\/\/especiales.publimetro.co\/universidad-el-bosque\/wp-json\/wp\/v2\/pages\/22079","targetHints":{"allow":["GET"]}}],"collection":[{"href":"http:\/\/especiales.publimetro.co\/universidad-el-bosque\/wp-json\/wp\/v2\/pages"}],"about":[{"href":"http:\/\/especiales.publimetro.co\/universidad-el-bosque\/wp-json\/wp\/v2\/types\/page"}],"author":[{"embeddable":true,"href":"http:\/\/especiales.publimetro.co\/universidad-el-bosque\/wp-json\/wp\/v2\/users\/1"}],"replies":[{"embeddable":true,"href":"http:\/\/especiales.publimetro.co\/universidad-el-bosque\/wp-json\/wp\/v2\/comments?post=22079"}],"version-history":[{"count":8,"href":"http:\/\/especiales.publimetro.co\/universidad-el-bosque\/wp-json\/wp\/v2\/pages\/22079\/revisions"}],"predecessor-version":[{"id":22146,"href":"http:\/\/especiales.publimetro.co\/universidad-el-bosque\/wp-json\/wp\/v2\/pages\/22079\/revisions\/22146"}],"wp:attachment":[{"href":"http:\/\/especiales.publimetro.co\/universidad-el-bosque\/wp-json\/wp\/v2\/media?parent=22079"}],"curies":[{"name":"wp","href":"https:\/\/api.w.org\/{rel}","templated":true}]}}