{"id":22056,"date":"2021-04-29T12:02:03","date_gmt":"2021-04-29T17:02:03","guid":{"rendered":"https:\/\/especiales.publimetro.co\/universidad-el-bosque\/?page_id=22056"},"modified":"2021-05-01T10:31:48","modified_gmt":"2021-05-01T15:31:48","slug":"secreto-detras-de-uno-de-los-mejores-programas-de-derecho","status":"publish","type":"page","link":"http:\/\/especiales.publimetro.co\/universidad-el-bosque\/secreto-detras-de-uno-de-los-mejores-programas-de-derecho\/","title":{"rendered":"El secreto detr\u00e1s de uno de los mejores programas de derecho de Bogot\u00e1"},"content":{"rendered":"<p>[vc_row row_type=&#8221;parallax&#8221; text_align=&#8221;left&#8221; background_image=&#8221;21894&#8243; full_screen_section_height=&#8221;no&#8221; section_height=&#8221;200&#8243;][vc_column][\/vc_column][\/vc_row][vc_row row_type=&#8221;row&#8221; use_row_as_full_screen_section=&#8221;no&#8221; type=&#8221;grid&#8221; text_align=&#8221;left&#8221; background_image=&#8221;21590&#8243; pattern_background=&#8221;pattern_background&#8221; background_animation=&#8221;none&#8221; padding_top=&#8221;40&#8243; padding_bottom=&#8221;80&#8243; css_animation=&#8221;&#8221; background_color=&#8221;#f5f5f5&#8243;][vc_column width=&#8221;2\/3&#8243;]<a href=\"javascript:history.back()\" target=\"_self\" data-hover-background-color=#ffffff data-hover-border-color=#80bd00 data-hover-color=#80bd00 class=\"qbutton \" style=\"border-color: #80bd00; background-color: #80bd00;\">VOLVER A LA ANTERIOR P\u00c1GINA<\/a>[vc_empty_space][vc_column_text]<\/p>\n<h1 class=\"intertittle\">El secreto detr\u00e1s de uno de los mejores programas de derecho de Bogot\u00e1<\/h1>\n<p class=\"datepostall\">26.06.2020 \/ Por: PUBLIMETRO<\/p>\n<p class=\"intropostall\">La Universidad El Bosque fue incluida por la revista Dinero en el listado de las mejores instituciones para estudiar en Colombia. Hablamos con el decano de la Facultad de Ciencias Jur\u00eddicas y Pol\u00edticas, quien explic\u00f3 los factores que hacen del Derecho, una carrera asequible y con excelentes est\u00e1ndares de calidad.<\/p>\n<p>[\/vc_column_text][vc_single_image image=&#8221;22073&#8243; img_size=&#8221;full&#8221; qode_css_animation=&#8221;&#8221;][vc_empty_space][vc_column_text el_class=&#8221;contearticuloinner&#8221;]La revista Dinero public\u00f3 un ranking de las mejores universidades de Colombia en 2020, bas\u00e1ndose en el promedio alcanzado por los estudiantes en los resultados de las Pruebas Saber Pro 2019.<\/p>\n<p>Para obtener este escalaf\u00f3n, en el que se encuentran cerca de 50 carreras diferentes, se calcul\u00f3 un promedio ponderado, donde las pruebas generales pesaron 40% y las espec\u00edficas 60%.<\/p>\n<p>La Universidad El Bosque se encuentra dentro de las mejores instituciones para estudiar Derecho, seg\u00fan la publicaci\u00f3n, ubic\u00e1ndose en el top 5 de Bogot\u00e1 y entre las 10 m\u00e1s destacadas a nivel nacional.<\/p>\n<p>En di\u00e1logo con PUBLIMETRO, el decano de la Facultad de Ciencias Pol\u00edticas y Jur\u00eddicas, Carlos Escobar Uribe, revel\u00f3 c\u00f3mo la cercan\u00eda a los estudiantes y egresados, la formaci\u00f3n de sus docentes y la combinaci\u00f3n de los costos con la calidad, les permiten ofrecer una educaci\u00f3n jur\u00eddica que los lleva a destacarse entre los mejores. Los estudiantes son la base fundamental de cada programa y, en este caso, el constante acompa\u00f1amiento en su proceso educativo se convierte en una de sus fortalezas m\u00e1s grandes.<strong> \u201cUn estudiante del que tenemos un seguimiento de su proceso y su ganancia acad\u00e9mica paulatina y constante,<\/strong> puede lograr unos buenos resultados, incluso as\u00ed no haya salido de los mejores colegios de la ciudad y no tenga ganados esos capitales culturales y sociales que a veces en nuestro pa\u00eds son exclusivos de ciertos estratos sociales.<\/p>\n<p>Si uno acompa\u00f1a a un joven en su evoluci\u00f3n acad\u00e9mica, est\u00e1 pendiente de \u00e9l, le hace tutor\u00edas personalizadas, se sabe su nombre, creo que est\u00e1 garantizando la posibilidad de lograr el \u00e9xito en \u00e9l\u201d, asegur\u00f3 Escobar.<\/p>\n<p><em>\u201cUn estudiante del que tenemos un seguimiento de su proceso y su ganancia acad\u00e9mica paulatina y constante, puede lograr unos buenos resultados, incluso as\u00ed no haya salido de los mejores colegios de la ciudad y no tenga ganados esos capitales culturales y sociales que a veces en nuestro pa\u00eds son exclusivos de ciertos estratos sociales. Si uno acompa\u00f1a a un joven en su evoluci\u00f3n acad\u00e9mica, est\u00e1 pendiente de \u00e9l, le hace tutor\u00edas personalizadas, se sabe su nombre, creo que est\u00e1 garantizando la posibilidad de lograr el \u00e9xito en \u00e9l\u201d<\/em>, asegur\u00f3 Escobar.<\/p>\n<p>Por el lado de los docentes, la facultad es enf\u00e1tica en que las clases sean el epicentro de todo quehacer acad\u00e9mico y el plan de vida del profesor, es decir, las investigaciones, las publicaciones, la educaci\u00f3n en extensi\u00f3n, gravitan entorno al aula de clase y a las inquietudes que tiene el estudiante sobre las materias. De esta manera, es mucho m\u00e1s factible que se pueda estar atento al proceso pedag\u00f3gico de cada uno y que de ah\u00ed se deriven oportunidades innovadoras.<\/p>\n<p><a href=\"https:\/\/www.unbosque.edu.co\/ciencias-politicas-y-juridicas\/carrera\/derecho?utm_source=Publimetro&amp;utm_medium=native&amp;utm_campaign=derecho\" target=\"_blank\" rel=\"noopener noreferrer\">Para la facultad, la relaci\u00f3n que existe entre costo y calidad, tambi\u00e9n es un factor que muestra que es posible lograr una buena educaci\u00f3n para todos los estratos sociales.<\/a><\/p>\n<p>\u201cEstamos demostrando que se puede hacer educaci\u00f3n jur\u00eddica de calidad a unos costos razonables para la clase media. En ello debo insistir porque me parece que si la educaci\u00f3n sigue siendo la apuesta de naci\u00f3n para cerrar las brechas sociales, solo lo logramos si compaginamos la calidad con los costos. Si la calidad depende de unos costos imposibles, m\u00e1s de la mitad de la poblaci\u00f3n va a continuar con la misma brecha. Se trata de ser capaces de compaginar el costo y la calidad para lograr cerrar la brecha social, esa debe ser la apuesta de pa\u00eds y nosotros somos un buen ejemplo de ello\u201d, concluy\u00f3 el decano.[\/vc_column_text][\/vc_column][vc_column width=&#8221;1\/3&#8243;][vc_row_inner row_type=&#8221;row&#8221; type=&#8221;full_width&#8221; use_row_as_full_screen_section_slide=&#8221;no&#8221; text_align=&#8221;center&#8221; css_animation=&#8221;&#8221; css=&#8221;.vc_custom_1619552474917{margin-top: 60px !important;}&#8221;][vc_column_inner el_class=&#8221;redessocialeshome&#8221;][vc_single_image image=&#8221;21815&#8243; img_size=&#8221;full&#8221; qode_css_animation=&#8221;&#8221;][vc_column_text]<\/p>\n<p style=\"text-align: center; margin-top: 5px; font-size: 11px;\">PUBLICIDAD<\/p>\n<p>[\/vc_column_text][vc_empty_space][vc_single_image image=&#8221;21916&#8243; img_size=&#8221;full&#8221; onclick=&#8221;custom_link&#8221; img_link_target=&#8221;_blank&#8221; qode_css_animation=&#8221;&#8221; link=&#8221;https:\/\/www.unbosque.edu.co\/internacionalizacion&#8221;][vc_column_text]<\/p>\n<p style=\"text-align: center; margin-top: 5px; font-size: 11px;\">PUBLICIDAD<\/p>\n<p>[\/vc_column_text][\/vc_column_inner][\/vc_row_inner][\/vc_column][\/vc_row][vc_row row_type=&#8221;row&#8221; use_row_as_full_screen_section=&#8221;no&#8221; type=&#8221;full_width&#8221; text_align=&#8221;left&#8221; background_image=&#8221;21590&#8243; pattern_background=&#8221;pattern_background&#8221; background_animation=&#8221;none&#8221; padding_top=&#8221;40&#8243; padding_bottom=&#8221;80&#8243; css_animation=&#8221;&#8221; background_color=&#8221;#f5f5f5&#8243;][vc_column width=&#8221;1\/6&#8243;][\/vc_column][vc_column width=&#8221;2\/3&#8243;][vc_single_image image=&#8221;21800&#8243; img_size=&#8221;full&#8221; alignment=&#8221;center&#8221; onclick=&#8221;custom_link&#8221; img_link_target=&#8221;_blank&#8221; qode_css_animation=&#8221;&#8221; el_class=&#8221;banner_790&#8243; link=&#8221;https:\/\/financiacion.unbosque.edu.co\/&#8221;][vc_single_image image=&#8221;21799&#8243; img_size=&#8221;full&#8221; alignment=&#8221;center&#8221; onclick=&#8221;custom_link&#8221; img_link_target=&#8221;_blank&#8221; qode_css_animation=&#8221;&#8221; el_class=&#8221;banner_100&#8243; link=&#8221;https:\/\/financiacion.unbosque.edu.co\/&#8221;][vc_column_text]<\/p>\n<p style=\"text-align: center; margin-top: 5px; font-size: 11px;\">PUBLICIDAD<\/p>\n<p>[\/vc_column_text][\/vc_column][vc_column width=&#8221;1\/6&#8243;][\/vc_column][\/vc_row][vc_row row_type=&#8221;row&#8221; use_row_as_full_screen_section=&#8221;no&#8221; type=&#8221;full_width&#8221; text_align=&#8221;center&#8221; background_image=&#8221;21830&#8243; pattern_background=&#8221;pattern_background&#8221; background_animation=&#8221;none&#8221; padding_top=&#8221;80&#8243; padding_bottom=&#8221;80&#8243; css_animation=&#8221;&#8221; background_color=&#8221;#f5f5f5&#8243;][vc_column][vc_row_inner row_type=&#8221;row&#8221; type=&#8221;grid&#8221; use_row_as_full_screen_section_slide=&#8221;no&#8221; text_align=&#8221;left&#8221; css_animation=&#8221;&#8221;][vc_column_inner][vc_column_text]<\/p>\n<h6 style=\"text-align: center;\">CONTENIDO<\/h6>\n<h2 style=\"text-align: center;\">Tal vez te pueda interesar&#8230;<\/h2>\n<p>[\/vc_column_text][\/vc_column_inner][\/vc_row_inner][\/vc_column][\/vc_row][vc_row row_type=&#8221;row&#8221; use_row_as_full_screen_section=&#8221;no&#8221; type=&#8221;grid&#8221; text_align=&#8221;left&#8221; background_image=&#8221;21830&#8243; pattern_background=&#8221;pattern_background&#8221; background_animation=&#8221;none&#8221; padding_top=&#8221;80&#8243; padding_bottom=&#8221;80&#8243; css_animation=&#8221;&#8221; background_color=&#8221;#f5f5f5&#8243; css=&#8221;.vc_custom_1619629531051{padding-top: 20px !important;padding-right: 20px !important;padding-bottom: 20px !important;padding-left: 20px !important;}&#8221;][vc_column width=&#8221;1\/3&#8243; css=&#8221;.vc_custom_1619557578884{margin-right: 10px !important;margin-left: 10px !important;}&#8221; el_class=&#8221;contehomem&#8221;][vc_single_image image=&#8221;22069&#8243; img_size=&#8221;large&#8221; alignment=&#8221;center&#8221; onclick=&#8221;custom_link&#8221; qode_css_animation=&#8221;&#8221; link=&#8221;\/universidad-el-bosque\/estudiar-matematicas-una-decision-inteligente-util-y-con-gran-campo-laboral\/&#8221;][vc_column_text]26.04.2021<\/p>\n<h5>Estudiar matem\u00e1ticas: una decisi\u00f3n inteligente, \u00fatil y con gran campo laboral<\/h5>\n<p>[\/vc_column_text]<a href=\"\/universidad-el-bosque\/estudiar-matematicas-una-decision-inteligente-util-y-con-gran-campo-laboral\/\" target=\"_self\" data-hover-background-color=#ffffff data-hover-border-color=#80bd00 data-hover-color=#80bd00 class=\"qbutton \" style=\"border-color: #80bd00; background-color: #80bd00;\">VER M\u00c1S<\/a>[\/vc_column][vc_column width=&#8221;1\/3&#8243; css=&#8221;.vc_custom_1619557574665{margin-right: 10px !important;margin-left: 10px !important;}&#8221; el_class=&#8221;contehomem&#8221;][vc_single_image image=&#8221;22067&#8243; img_size=&#8221;large&#8221; alignment=&#8221;center&#8221; onclick=&#8221;custom_link&#8221; qode_css_animation=&#8221;&#8221; link=&#8221;\/universidad-el-bosque\/tips-para-disminuir-el-impacto-ambiental-producto-de-la-pandemia\/&#8221;][vc_column_text]27.04.2021<\/p>\n<h5>Tips para disminuir el impacto ambiental producto de la pandemia<\/h5>\n<p>[\/vc_column_text]<a href=\"\/universidad-el-bosque\/tips-para-disminuir-el-impacto-ambiental-producto-de-la-pandemia\/\" target=\"_self\" data-hover-background-color=#ffffff data-hover-border-color=#80bd00 data-hover-color=#80bd00 class=\"qbutton \" style=\"border-color: #80bd00; background-color: #80bd00;\">VER M\u00c1S<\/a>[\/vc_column][vc_column width=&#8221;1\/3&#8243; el_class=&#8221;contehomem&#8221;][vc_single_image image=&#8221;22071&#8243; img_size=&#8221;large&#8221; alignment=&#8221;center&#8221; onclick=&#8221;custom_link&#8221; qode_css_animation=&#8221;&#8221; link=&#8221;\/universidad-el-bosque\/claves-para-emprender-de-manera-efectiva-y-lograr-un-si-de-un-inversionista\/&#8221;][vc_column_text]26.04.2021<\/p>\n<h5>Claves para emprender de manera efectiva y lograr un s\u00ed de un inversionista<\/h5>\n<p>[\/vc_column_text]<a href=\"\/universidad-el-bosque\/claves-para-emprender-de-manera-efectiva-y-lograr-un-si-de-un-inversionista\/\" target=\"_self\" data-hover-background-color=#ffffff data-hover-border-color=#80bd00 data-hover-color=#80bd00 class=\"qbutton \" style=\"border-color: #80bd00; background-color: #80bd00;\">VER M\u00c1S<\/a>[\/vc_column][\/vc_row][vc_row row_type=&#8221;row&#8221; use_row_as_full_screen_section=&#8221;no&#8221; type=&#8221;full_width&#8221; text_align=&#8221;left&#8221; background_image=&#8221;21590&#8243; pattern_background=&#8221;pattern_background&#8221; background_animation=&#8221;none&#8221; padding_top=&#8221;40&#8243; padding_bottom=&#8221;80&#8243; css_animation=&#8221;&#8221; background_color=&#8221;#f5f5f5&#8243;][vc_column width=&#8221;1\/6&#8243;][\/vc_column][vc_column width=&#8221;2\/3&#8243;][vc_row_inner row_type=&#8221;row&#8221; type=&#8221;full_width&#8221; use_row_as_full_screen_section_slide=&#8221;no&#8221; text_align=&#8221;center&#8221; css_animation=&#8221;&#8221; css=&#8221;.vc_custom_1619552474917{margin-top: 60px !important;}&#8221;][vc_column_inner el_class=&#8221;redessocialeshome&#8221;][vc_column_text]<\/p>\n<h6>ENCU\u00c9NTRANOS EN REDES SOCIALES<\/h6>\n<h2>Con\u00e9ctate con la UEB #ViveElBosque<\/h2>\n<p><a href=\"https:\/\/www.facebook.com\/universidadelbosque\" target=\"_blank\" rel=\"noopener\"><img loading=\"lazy\" decoding=\"async\" class=\"size-full wp-image-21606\" src=\"http:\/\/especiales.publimetro.co\/universidad-el-bosque\/wp-content\/uploads\/2021\/04\/ico_facebook.gif\" alt=\"Facebook\" width=\"60\" height=\"60\" \/><\/a> <a href=\"https:\/\/www.youtube.com\/channel\/UC4xVww4tkGwPh1RnH3wzZ9Q\" target=\"_blank\" rel=\"noopener\"><img loading=\"lazy\" decoding=\"async\" class=\"size-full wp-image-21607\" src=\"http:\/\/especiales.publimetro.co\/universidad-el-bosque\/wp-content\/uploads\/2021\/04\/ico_youtube.gif\" alt=\"Youtube\" width=\"60\" height=\"60\" \/><\/a> <a href=\"https:\/\/www.linkedin.com\/school\/universidad-el-bosque\/\" target=\"_blank\" rel=\"noopener\"><img loading=\"lazy\" decoding=\"async\" class=\"size-full wp-image-21608\" src=\"http:\/\/especiales.publimetro.co\/universidad-el-bosque\/wp-content\/uploads\/2021\/04\/ico_linkedin.gif\" alt=\"Linkedin\" width=\"60\" height=\"60\" \/><\/a> <a href=\"https:\/\/www.instagram.com\/uelbosque\/\" target=\"_blank\" rel=\"noopener\"><img loading=\"lazy\" decoding=\"async\" class=\"size-full wp-image-21609\" src=\"http:\/\/especiales.publimetro.co\/universidad-el-bosque\/wp-content\/uploads\/2021\/04\/ico_instagram.gif\" alt=\"Instagram\" width=\"60\" height=\"60\" \/><\/a>[\/vc_column_text][\/vc_column_inner][\/vc_row_inner][\/vc_column][vc_column width=&#8221;1\/6&#8243;][\/vc_column][\/vc_row][vc_row row_type=&#8221;row&#8221; use_row_as_full_screen_section=&#8221;no&#8221; type=&#8221;full_width&#8221; text_align=&#8221;center&#8221; background_animation=&#8221;none&#8221; padding_top=&#8221;30&#8243; padding_bottom=&#8221;30&#8243; css_animation=&#8221;&#8221; background_color=&#8221;#ffffff&#8221;][vc_column][vc_column_text]<\/p>\n<p style=\"text-align: center;\">Vigilada Mineducaci\u00f3n. Personer\u00eda Jur\u00eddica otorgada mediante resoluci\u00f3n 11153 del 4 de agosto de 1978.<\/p>\n<p>[\/vc_column_text][\/vc_column][\/vc_row][vc_row row_type=&#8221;row&#8221; use_row_as_full_screen_section=&#8221;no&#8221; type=&#8221;full_width&#8221; text_align=&#8221;center&#8221; background_animation=&#8221;none&#8221; css_animation=&#8221;&#8221; background_color=&#8221;#ffffff&#8221; el_id=&#8221;arrow_down&#8221; el_class=&#8221;arrow_down&#8221; css=&#8221;.vc_custom_1619652026403{background-color: #33692f !important;}&#8221;][vc_column][vc_single_image image=&#8221;21853&#8243; alignment=&#8221;center&#8221; qode_css_animation=&#8221;&#8221; el_id=&#8221;flecha_abajo&#8221; el_class=&#8221;flecha_abajo&#8221;][\/vc_column][\/vc_row][vc_row row_type=&#8221;row&#8221; use_row_as_full_screen_section=&#8221;no&#8221; type=&#8221;full_width&#8221; text_align=&#8221;left&#8221; background_animation=&#8221;none&#8221; padding_top=&#8221;65px&#8221; padding_bottom=&#8221;65px&#8221; css_animation=&#8221;element_from_bottom&#8221; el_class=&#8221;bottomall&#8221;][vc_column][vc_row_inner row_type=&#8221;row&#8221; type=&#8221;grid&#8221; use_row_as_full_screen_section_slide=&#8221;no&#8221; text_align=&#8221;left&#8221; padding_top=&#8221;65&#8243; padding_bottom=&#8221;65&#8243; css_animation=&#8221;&#8221; el_class=&#8221;bottommiddle&#8221;][vc_column_inner width=&#8221;1\/4&#8243;][vc_single_image image=&#8221;21576&#8243; img_size=&#8221;full&#8221; alignment=&#8221;center&#8221; qode_css_animation=&#8221;&#8221;][\/vc_column_inner][vc_column_inner width=&#8221;1\/4&#8243;][vc_column_text]<\/p>\n<h3>Metro en el mundo<\/h3>\n<p>[\/vc_column_text][qode_elements_holder number_of_columns=&#8221;two_columns&#8221;][qode_elements_holder_item item_padding=&#8221;10px 0 0 0&#8243;][vc_column_text]<a href=\"https:\/\/www.publimetro.cl\/cl\/\" target=\"_blank\" rel=\"noopener\">Chile<\/a><br \/>\n<a href=\"https:\/\/www.publimetro.co\/co\/\" target=\"_blank\" rel=\"noopener\">Colombia<\/a><br \/>\n<a href=\"https:\/\/www.metroecuador.com.ec\/ec\/\" target=\"_blank\" rel=\"noopener\">Ecuador<\/a><br \/>\n<a href=\"https:\/\/www.publinews.gt\/gt\/\" target=\"_blank\" rel=\"noopener\">Guatemala<\/a>[\/vc_column_text][\/qode_elements_holder_item][qode_elements_holder_item item_padding=&#8221;10px 0 0 0&#8243;][vc_column_text]<a href=\"https:\/\/www.publimetro.com.mx\/mx\/\">M\u00e9xico<\/a><br \/>\n<a href=\"https:\/\/www.metro.pr\/pr\/\">Puerto Rico<\/a><br \/>\n<a href=\"https:\/\/www.metroworldnews.com.br\/\">Brasil<\/a><br \/>\n<a style=\"visibility: hidden;\" href=\"#\">none<\/a>[\/vc_column_text][\/qode_elements_holder_item][\/qode_elements_holder][\/vc_column_inner][vc_column_inner width=&#8221;1\/4&#8243;][vc_column_text]<\/p>\n<h3>Nosotros<\/h3>\n<p><a href=\"https:\/\/www.publimetro.co\/co\/page\/directorio\" target=\"_blank\" rel=\"noopener\">Directorio<\/a><br \/>\n<a href=\"https:\/\/www.publimetro.co\/co\/page\/contacto\" target=\"_blank\" rel=\"noopener\">Contacto<\/a>[\/vc_column_text][vc_empty_space][vc_column_text]<\/p>\n<h3>Legal<\/h3>\n<p><a href=\"https:\/\/www.publimetro.co\/co\/page\/termino-condiciones\" target=\"_blank\" rel=\"noopener\">T\u00e9rminos y condiciones<\/a><br \/>\n<a href=\"https:\/\/www.publimetro.co\/co\/page\/aviso-legal\" target=\"_blank\" rel=\"noopener\">Aviso Legal<\/a>[\/vc_column_text][\/vc_column_inner][vc_column_inner width=&#8221;1\/4&#8243;][vc_single_image image=&#8221;21842&#8243; img_size=&#8221;full&#8221; alignment=&#8221;center&#8221; qode_css_animation=&#8221;&#8221;][vc_column_text]Conectamos a millones de personas a trav\u00e9s de historias sobre entretenimiento y noticias globales. 18 pa\u00edses, 60 ciudades, 8 idiomas Somos Metro World News Company.[\/vc_column_text][\/vc_column_inner][\/vc_row_inner][\/vc_column][\/vc_row][vc_row row_type=&#8221;row&#8221; use_row_as_full_screen_section=&#8221;no&#8221; type=&#8221;full_width&#8221; text_align=&#8221;center&#8221; background_animation=&#8221;none&#8221; padding_top=&#8221;15&#8243; padding_bottom=&#8221;15&#8243; css_animation=&#8221;&#8221; css=&#8221;.vc_custom_1619634111338{background-color: #0a6534 !important;}&#8221; el_class=&#8221;lastfooter&#8221;][vc_column][vc_column_text]Copyright\u00a9\u00a02021\u00a0METRO WORLD NEWS[\/vc_column_text][\/vc_column][\/vc_row][vc_row row_type=&#8221;row&#8221; use_row_as_full_screen_section=&#8221;no&#8221; type=&#8221;full_width&#8221; text_align=&#8221;center&#8221; background_animation=&#8221;none&#8221; css_animation=&#8221;&#8221; el_class=&#8221;lastfooter&#8221;][vc_column width=&#8221;1\/3&#8243;][\/vc_column][vc_column width=&#8221;1\/3&#8243;][vc_column_text]<\/p>\n<div class=\"mod_inscribete\"><a href=\"#popmake-21910\"><strong>\u00a1Inscr\u00edbete<\/strong> hoy a la carrera de tus sue\u00f1os!, Haz clic aqu\u00ed<\/a><\/div>\n<p>[\/vc_column_text][\/vc_column][vc_column width=&#8221;1\/3&#8243;][\/vc_column][\/vc_row]<\/p>\n","protected":false},"excerpt":{"rendered":"<p>[vc_row row_type=&#8221;parallax&#8221; text_align=&#8221;left&#8221; background_image=&#8221;21894&#8243; full_screen_section_height=&#8221;no&#8221; section_height=&#8221;200&#8243;][vc_column][\/vc_column][\/vc_row][vc_row row_type=&#8221;row&#8221; use_row_as_full_screen_section=&#8221;no&#8221; type=&#8221;grid&#8221; text_align=&#8221;left&#8221; background_image=&#8221;21590&#8243; pattern_background=&#8221;pattern_background&#8221; background_animation=&#8221;none&#8221; padding_top=&#8221;40&#8243; padding_bottom=&#8221;80&#8243; css_animation=&#8221;&#8221; background_color=&#8221;#f5f5f5&#8243;][vc_column width=&#8221;2\/3&#8243;][vc_empty_space][vc_column_text] El secreto detr\u00e1s de uno de los mejores programas de derecho de Bogot\u00e1 26.06.2020 \/ Por: PUBLIMETRO La Universidad El Bosque fue incluida por la revista Dinero&#8230;<\/p>\n","protected":false},"author":1,"featured_media":0,"parent":0,"menu_order":0,"comment_status":"open","ping_status":"open","template":"full_width.php","meta":{"footnotes":""},"class_list":["post-22056","page","type-page","status-publish","hentry"],"yoast_head":"<!-- This site is optimized with the Yoast SEO plugin v16.2 - https:\/\/yoast.com\/wordpress\/plugins\/seo\/ -->\n<title>El secreto detr\u00e1s de uno de los mejores programas de derecho de Bogot\u00e1 - Universidad El Bosque<\/title>\n<meta name=\"description\" content=\"El secreto detr\u00e1s de uno de los mejores programas de derecho de Bogot\u00e1. Con\u00e9ctate con la UEB #ViveElBosque\" \/>\n<meta name=\"robots\" content=\"index, follow, max-snippet:-1, max-image-preview:large, max-video-preview:-1\" \/>\n<link rel=\"canonical\" href=\"http:\/\/especiales.publimetro.co\/universidad-el-bosque\/secreto-detras-de-uno-de-los-mejores-programas-de-derecho\/\" \/>\n<meta property=\"og:locale\" content=\"es_ES\" \/>\n<meta property=\"og:type\" content=\"article\" \/>\n<meta property=\"og:title\" content=\"El secreto detr\u00e1s de uno de los mejores programas de derecho de Bogot\u00e1 - Universidad El Bosque\" \/>\n<meta property=\"og:description\" content=\"El secreto detr\u00e1s de uno de los mejores programas de derecho de Bogot\u00e1. Con\u00e9ctate con la UEB #ViveElBosque\" \/>\n<meta property=\"og:url\" content=\"http:\/\/especiales.publimetro.co\/universidad-el-bosque\/secreto-detras-de-uno-de-los-mejores-programas-de-derecho\/\" \/>\n<meta property=\"og:site_name\" content=\"Universidad El Bosque\" \/>\n<meta property=\"article:modified_time\" content=\"2021-05-01T15:31:48+00:00\" \/>\n<meta property=\"og:image\" content=\"http:\/\/especiales.publimetro.co\/universidad-el-bosque\/wp-content\/uploads\/2021\/04\/ico_facebook.gif\" \/>\n<meta name=\"twitter:card\" content=\"summary_large_image\" \/>\n<meta name=\"twitter:label1\" content=\"Est. reading time\">\n\t<meta name=\"twitter:data1\" content=\"6 minutos\">\n<script type=\"application\/ld+json\" class=\"yoast-schema-graph\">{\"@context\":\"https:\/\/schema.org\",\"@graph\":[{\"@type\":\"WebSite\",\"@id\":\"https:\/\/especiales.publimetro.co\/universidad-el-bosque\/#website\",\"url\":\"https:\/\/especiales.publimetro.co\/universidad-el-bosque\/\",\"name\":\"Universidad El Bosque\",\"description\":\"\",\"potentialAction\":[{\"@type\":\"SearchAction\",\"target\":\"https:\/\/especiales.publimetro.co\/universidad-el-bosque\/?s={search_term_string}\",\"query-input\":\"required name=search_term_string\"}],\"inLanguage\":\"es-CO\"},{\"@type\":\"ImageObject\",\"@id\":\"http:\/\/especiales.publimetro.co\/universidad-el-bosque\/secreto-detras-de-uno-de-los-mejores-programas-de-derecho\/#primaryimage\",\"inLanguage\":\"es-CO\",\"url\":\"http:\/\/especiales.publimetro.co\/universidad-el-bosque\/wp-content\/uploads\/2021\/04\/ico_facebook.gif\",\"contentUrl\":\"http:\/\/especiales.publimetro.co\/universidad-el-bosque\/wp-content\/uploads\/2021\/04\/ico_facebook.gif\",\"width\":60,\"height\":60,\"caption\":\"Facebook\"},{\"@type\":\"WebPage\",\"@id\":\"http:\/\/especiales.publimetro.co\/universidad-el-bosque\/secreto-detras-de-uno-de-los-mejores-programas-de-derecho\/#webpage\",\"url\":\"http:\/\/especiales.publimetro.co\/universidad-el-bosque\/secreto-detras-de-uno-de-los-mejores-programas-de-derecho\/\",\"name\":\"El secreto detr\\u00e1s de uno de los mejores programas de derecho de Bogot\\u00e1 - Universidad El Bosque\",\"isPartOf\":{\"@id\":\"https:\/\/especiales.publimetro.co\/universidad-el-bosque\/#website\"},\"primaryImageOfPage\":{\"@id\":\"http:\/\/especiales.publimetro.co\/universidad-el-bosque\/secreto-detras-de-uno-de-los-mejores-programas-de-derecho\/#primaryimage\"},\"datePublished\":\"2021-04-29T17:02:03+00:00\",\"dateModified\":\"2021-05-01T15:31:48+00:00\",\"description\":\"El secreto detr\\u00e1s de uno de los mejores programas de derecho de Bogot\\u00e1. Con\\u00e9ctate con la UEB #ViveElBosque\",\"breadcrumb\":{\"@id\":\"http:\/\/especiales.publimetro.co\/universidad-el-bosque\/secreto-detras-de-uno-de-los-mejores-programas-de-derecho\/#breadcrumb\"},\"inLanguage\":\"es-CO\",\"potentialAction\":[{\"@type\":\"ReadAction\",\"target\":[\"http:\/\/especiales.publimetro.co\/universidad-el-bosque\/secreto-detras-de-uno-de-los-mejores-programas-de-derecho\/\"]}]},{\"@type\":\"BreadcrumbList\",\"@id\":\"http:\/\/especiales.publimetro.co\/universidad-el-bosque\/secreto-detras-de-uno-de-los-mejores-programas-de-derecho\/#breadcrumb\",\"itemListElement\":[{\"@type\":\"ListItem\",\"position\":1,\"item\":{\"@type\":\"WebPage\",\"@id\":\"https:\/\/especiales.publimetro.co\/universidad-el-bosque\/\",\"url\":\"https:\/\/especiales.publimetro.co\/universidad-el-bosque\/\",\"name\":\"Home\"}},{\"@type\":\"ListItem\",\"position\":2,\"item\":{\"@id\":\"http:\/\/especiales.publimetro.co\/universidad-el-bosque\/secreto-detras-de-uno-de-los-mejores-programas-de-derecho\/#webpage\"}}]}]}<\/script>\n<!-- \/ Yoast SEO plugin. -->","_links":{"self":[{"href":"http:\/\/especiales.publimetro.co\/universidad-el-bosque\/wp-json\/wp\/v2\/pages\/22056","targetHints":{"allow":["GET"]}}],"collection":[{"href":"http:\/\/especiales.publimetro.co\/universidad-el-bosque\/wp-json\/wp\/v2\/pages"}],"about":[{"href":"http:\/\/especiales.publimetro.co\/universidad-el-bosque\/wp-json\/wp\/v2\/types\/page"}],"author":[{"embeddable":true,"href":"http:\/\/especiales.publimetro.co\/universidad-el-bosque\/wp-json\/wp\/v2\/users\/1"}],"replies":[{"embeddable":true,"href":"http:\/\/especiales.publimetro.co\/universidad-el-bosque\/wp-json\/wp\/v2\/comments?post=22056"}],"version-history":[{"count":6,"href":"http:\/\/especiales.publimetro.co\/universidad-el-bosque\/wp-json\/wp\/v2\/pages\/22056\/revisions"}],"predecessor-version":[{"id":22139,"href":"http:\/\/especiales.publimetro.co\/universidad-el-bosque\/wp-json\/wp\/v2\/pages\/22056\/revisions\/22139"}],"wp:attachment":[{"href":"http:\/\/especiales.publimetro.co\/universidad-el-bosque\/wp-json\/wp\/v2\/media?parent=22056"}],"curies":[{"name":"wp","href":"https:\/\/api.w.org\/{rel}","templated":true}]}}